{"id":1268,"date":"2023-05-25T15:56:56","date_gmt":"2023-05-25T13:56:56","guid":{"rendered":"https:\/\/www.whitening.life\/?page_id=1268"},"modified":"2023-09-25T16:55:28","modified_gmt":"2023-09-25T14:55:28","slug":"privacy-policy-contatti","status":"publish","type":"page","link":"https:\/\/www.whitening.life\/en\/privacy-policy-contatti\/","title":{"rendered":"Privacy Policy &#8211; Contatti"},"content":{"rendered":"<section class=\"l-section wpb_row height_medium\"><div class=\"l-section-h i-cf\"><div class=\"g-cols vc_row via_grid cols_1 laptops-cols_inherit tablets-cols_inherit mobiles-cols_1 valign_top type_default stacking_default\"><div class=\"wpb_column vc_column_container\"><div class=\"vc_column-inner\"><div class=\"wpb_text_column\"><div class=\"wpb_wrapper\"><h2>Privacy Policy &#8211; Contatti<\/h2>\n<\/div><\/div><div class=\"wpb_text_column us_custom_72fc42ef\"><div class=\"wpb_wrapper\"><h5 class=\"p1\">1. Di cosa abbiamo bisogno<\/h5>\n<p class=\"p2\">La nostra Politica sulla Protezione dei Dati Personali regola l\u2019uso e la conservazione dei tuoi dati. Puoi vedere la nostra Politica sulla Protezione dei Dati Personali al Link<i> <\/i><span class=\"s2\"><i>[<a href=\"https:\/\/www.whitening.life\/privacy-policy\/\">Informativa Completa Privacy<\/a>]<\/i><\/span><span class=\"s1\"><i>.<\/i><\/span> (oppure presso la bacheca pubblica all\u2019interno della nostra sede).<\/p>\n<p class=\"p2\"><span class=\"s3\">Whitening srl, Via dei Prati 7\/C, 06024 Gubbio (PG)<\/span>\u00a0, nella persona del legale rappresentante, \u00e8 il Titolare del trattamento dei dati personali che tu (interessato) ci fornisci. Noi raccogliamo I seguenti tipi di dati personali:<\/p>\n<p class=\"p3\"><span class=\"s4\"><i>\u2022 <\/i><\/span><i>Nome Cognome<\/i><\/p>\n<p class=\"p3\"><span class=\"s4\"><i>\u2022 <\/i><\/span><span class=\"s5\"><i>I<\/i><\/span><i>ndirizzo mail<\/i><\/p>\n<p class=\"p3\"><span class=\"s4\"><i>\u2022 <\/i><\/span><i>[Categoria Dati Forniti \u2026]<\/i><span class=\"s5\">\u00a0<\/span><\/p>\n<h5 class=\"p1\">2. Perch\u00e9 ne abbiamo bisogno<\/h5>\n<p class=\"p2\">Abbiamo bisogno dei tuoi dati personali per fornirti i seguenti servizi:<\/p>\n<p class=\"p5\"><span class=\"s5\"><i>\u2022<span class=\"Apple-converted-space\">\u00a0 <\/span><\/i><\/span><i>Rispondere alle richieste<\/i><\/p>\n<p class=\"p3\"><span class=\"s4\">\u2022 <\/span><i>Invio materiale informativo e promozionale<br \/>\n<\/i><\/p>\n<h5 class=\"p1\">3. Cosa ne facciamo e a chi possiamo comunicarli<\/h5>\n<p class=\"p6\"><span class=\"s6\">I tuoi dati personali vengono trattati nella sede di <\/span><span class=\"s7\">Whitening srl, Via dei Prati 7\/C, 06024 Gubbio (PG)<\/span><span class=\"s6\">\u00a0. L\u2019hosting e l\u2019archiviazione dei dati si svolgono in <\/span><span class=\"s2\"><i>Keliweb<\/i><\/span><span class=\"s6\">, \u00a0situata in <\/span><a href=\"https:\/\/www.keliweb.it\/\" target=\"_blank\" rel=\"noopener\"><span class=\"s2\"><i>www.keliweb.it<\/i><\/span><\/a><span class=\"s6\">.<\/span><\/p>\n<p class=\"p2\">Per ognuna delle finalit\u00e0 che ti abbiamo sopra descritto ti indichiamo la \u201cbase giuridica\u201d \u2013 vale a dire, per quali ragioni il trattamento \u00e8 consentito \u2013 precisando quali trattamenti sono necessari e quali dipendono da una tua scelta.<\/p>\n<p class=\"p2\">I trattamenti descritti sono necessari per formare ed eseguire i contratti e per adempiere ai connessi obblighi di legge, e comunque per il perseguimento del legittimo interesse della nostra Azienda alla corretta formazione ed esecuzione del rapporto, e per l\u2019adempimento degli obblighi che ne nascono e, in ogni caso, alla tutela delle sue ragioni contrattuali. L\u2019acquisizione dei dati per le finalit\u00e0 indicate \u00e8 dunque necessaria e costituisce un requisito essenziale per la conclusione e l\u2019esecuzione del contratto, in mancanza del quale non sarebbe possibile fornire prodotti e\/o svolgere i servizi.<\/p>\n<p class=\"p2\">In ogni caso, per tua massima garanzia, ti potrai informare e\/o opporre in qualunque momento ai trattamenti per tale specifica finalit\u00e0, con le modalit\u00e0 che sono indicate in fondo a questa informativa.<\/p>\n<p class=\"p2\">Nessun soggetto terzo ha accesso ai tuoi dati, a meno che non sia specificamente richiesto dalla legge o previsto necessariamente come parte integrante dei nostri obblighi contrattuali nei tuoi confronti, senza i quali verrebbero meno le possibilit\u00e0 di erogarti prodotti e\/o servizi.<\/p>\n<h5 class=\"p1\">4. Per quanto tempo li conserviamo e con quali modalit\u00e0 sono trattati<\/h5>\n<p class=\"p2\">Ai sensi delle norme italiane, siamo tenuti a conservare i documenti che fanno parte dei trattamenti vincolati per legge per un periodo di tempo obbligatorio definito dalle leggi medesime, in base alla nostra Politica di Conservazione dei Dati. Dopo questo periodo, i tuoi dati personali saranno irreversibilmente distrutti. Tutti i dati personali da noi detenuti per le notifiche di aggiornamento dei nostri prodotti e servizi, o per attivit\u00e0 commerciali e di marketing, o per elaborazioni per attivit\u00e0 non vincolate a termini di legge, saranno conservati fino a quando non ci comunicherai che non desideri pi\u00f9 ricevere tali informazioni. Per maggiori informazioni sul nostro programma di conservazione dei dati personali, vedi la nostra Politica di Conservazione dei Dati.<\/p>\n<p class=\"p2\">I dati che ti riguardano saranno trattati con modalit\u00e0 cartacea e\/o elettronica. Per noi la sicurezza e la corretta conservazione dei tuoi dati sono fondamentali, anche per prevenire trattamenti non autorizzati o illeciti e la distruzione o la perdita accidentale dei dati.<\/p>\n<p class=\"p2\">\u00c8 per questo che i trattamenti sono svolti nel rispetto di misure di sicurezza adeguate, sia direttamente, che da eventuali Responsabili esterni dei trattamenti e da soggetti posti sotto la loro autorit\u00e0 e adeguatamente istruiti. In caso di proposte congiunte con altri soggetti, queste altre aziende potrebbero operare autonomamente come \u201ctitolari\u201d dei trattamenti da loro svolti, sui quali ti forniranno un\u2019informativa separata.<\/p>\n<h5 class=\"p1\">5. Quali sono i tuoi diritti e a chi puoi rivolgerti<\/h5>\n<p class=\"p2\">Se ritieni che qualsiasi dato personale che conserviamo sia errato o incompleto, puoi richiedere di vedere queste informazioni, correggerle o cancellarle. Ti preghiamo di contattarci tramite il Modulo di Richiesta di Accesso ai Dati, disponibile presso la nostra sede in\u00a0<span class=\"s3\">Via dei Prati 7\/C, 06024 Gubbio (PG)<\/span>\u00a0<i>.<\/i><\/p>\n<p class=\"p6\"><span class=\"s6\">Nel caso in cui desideri informazioni per come abbiamo gestito i tuoi dati personali, contatta il<\/span><span class=\"s7\"> Whitening srl<\/span><span class=\"s6\">, titolare del trattamento, all\u2019indirizzo <\/span><a href=\"mailto:segreteria@whitening.life\"><span class=\"s2\"><i>segreteria@whitening.life <\/i><\/span><\/a><span class=\"s6\">o per iscritto all\u2019indirizzo\u00a0<\/span><span class=\"s7\">Via dei Prati 7\/C,<\/span><span class=\"s6\">. Il<i> <\/i><\/span><span class=\"s7\">Whitening srl<\/span><span class=\"s6\">, titolare\u00a0del trattamento esaminer\u00e0 la tua richiesta e si adoperer\u00e0 per fornirti tutte le informazioni necessarie.<\/span><\/p>\n<p class=\"p2\">Se ritieni che i tuoi dati personali non siano stati gestiti in modo appropriato secondo la legge, puoi altres\u00ec contattare il <span class=\"s3\">Whitening srl<\/span>, titolare\u00a0del trattamento agli indirizzi sopra indicati, oppure inviare una segnalazione all\u2019Autorit\u00e0 per la Protezione dei Dati, raggiungibile al link www.garanteprivacy.it.<\/p>\n<\/div><\/div><\/div><\/div><\/div><\/div><\/section>\n","protected":false},"excerpt":{"rendered":"Privacy Policy &#8211; Contatti 1. Di cosa abbiamo bisogno La nostra Politica sulla Protezione dei Dati Personali regola l\u2019uso e la conservazione dei tuoi dati. Puoi vedere la nostra Politica sulla Protezione dei Dati Personali al Link [Informativa Completa Privacy]. (oppure presso la bacheca pubblica all\u2019interno della nostra sede). Whitening srl, Via dei Prati 7\/C,...","protected":false},"author":1,"featured_media":0,"parent":0,"menu_order":0,"comment_status":"closed","ping_status":"closed","template":"","meta":{"_acf_changed":false,"footnotes":""},"class_list":["post-1268","page","type-page","status-publish","hentry"],"acf":[],"jetpack_sharing_enabled":true,"_links":{"self":[{"href":"https:\/\/www.whitening.life\/en\/wp-json\/wp\/v2\/pages\/1268","targetHints":{"allow":["GET"]}}],"collection":[{"href":"https:\/\/www.whitening.life\/en\/wp-json\/wp\/v2\/pages"}],"about":[{"href":"https:\/\/www.whitening.life\/en\/wp-json\/wp\/v2\/types\/page"}],"author":[{"embeddable":true,"href":"https:\/\/www.whitening.life\/en\/wp-json\/wp\/v2\/users\/1"}],"replies":[{"embeddable":true,"href":"https:\/\/www.whitening.life\/en\/wp-json\/wp\/v2\/comments?post=1268"}],"version-history":[{"count":5,"href":"https:\/\/www.whitening.life\/en\/wp-json\/wp\/v2\/pages\/1268\/revisions"}],"predecessor-version":[{"id":1521,"href":"https:\/\/www.whitening.life\/en\/wp-json\/wp\/v2\/pages\/1268\/revisions\/1521"}],"wp:attachment":[{"href":"https:\/\/www.whitening.life\/en\/wp-json\/wp\/v2\/media?parent=1268"}],"curies":[{"name":"wp","href":"https:\/\/api.w.org\/{rel}","templated":true}]}}