{"id":2481,"date":"2025-07-24T14:11:12","date_gmt":"2025-07-24T12:11:12","guid":{"rendered":"https:\/\/www.whitening.life\/?page_id=2481"},"modified":"2026-03-30T11:36:03","modified_gmt":"2026-03-30T09:36:03","slug":"whiteningfreewebinar-partecipa-anche-tu","status":"publish","type":"page","link":"https:\/\/www.whitening.life\/en\/whiteningfreewebinar-partecipa-anche-tu\/","title":{"rendered":"#WhiteningFreeWebinar, partecipa anche tu!"},"content":{"rendered":"<section class=\"l-section wpb_row us_custom_cc66e116 height_small width_full\"><div class=\"l-section-h i-cf\"><div class=\"g-cols vc_row via_grid cols_1 laptops-cols_inherit tablets-cols_inherit mobiles-cols_1 valign_top type_default stacking_default\"><div class=\"wpb_column vc_column_container\"><div class=\"vc_column-inner\"><div class=\"g-cols wpb_row via_grid cols_2 laptops-cols_inherit tablets-cols_inherit mobiles-cols_1 valign_top type_default stacking_default\" style=\"--columns-gap:4rem;\"><div class=\"wpb_column vc_column_container\"><div class=\"vc_column-inner\"><div class=\"w-separator size_small\"><\/div><h1 style=\"color: #1B69B1;text-align: center;font-family:Abril Fatface;font-weight:400;font-style:normal\" class=\"vc_custom_heading vc_do_custom_heading us_custom_cda6f729\" >Whitening Free Webinar<\/h1><h4 style=\"color: #3B2C66;text-align: center;font-family:Abril Fatface;font-weight:400;font-style:normal\" class=\"vc_custom_heading vc_do_custom_heading us_custom_cda6f729\" >Agenti AI: nuovi alleati per il lavoro d'ufficio<\/h4><div class=\"w-separator size_medium\"><\/div><div class=\"wpb_text_column\"><div class=\"wpb_wrapper\"><h5 style=\"text-align: center;\">Gioved\u00ec 30 aprile ore 18:00 | Su Zoom | Webinar gratuito<\/h5>\n<\/div><\/div><div class=\"w-separator size_small\"><\/div><div class=\"wpb_text_column\"><div class=\"wpb_wrapper\"><p style=\"text-align: center;\">Un&#8217;ora di confronto con <strong>imprenditori<\/strong>, <strong>manager<\/strong> and <strong>consulenti<\/strong> su una tema che riguarda chi vive davvero l&#8217;azienda<\/p>\n<\/div><\/div><\/div><\/div><div class=\"wpb_column vc_column_container\"><div class=\"vc_column-inner\"><div class=\"w-separator size_small\"><\/div><div class=\"w-image align_center\"><a href=\"https:\/\/us02web.zoom.us\/meeting\/register\/rOre2wggQF2iPj65cPsR4g\" aria-label=\"Agenti AI: nuovi alleati per il lavoro d&#039;ufficio\" class=\"w-image-h\" target=\"_blank\" rel=\"noopener\"><img decoding=\"async\" width=\"600\" height=\"600\" src=\"https:\/\/www.whitening.life\/wp-content\/uploads\/2026\/03\/WebinarAprile-1-600x600.jpg\" class=\"attachment-woocommerce_single size-woocommerce_single\" alt=\"Agenti AI: nuovi alleati per il lavoro d&#039;ufficio\" loading=\"lazy\" srcset=\"https:\/\/www.whitening.life\/wp-content\/uploads\/2026\/03\/WebinarAprile-1-600x600.jpg 600w, https:\/\/www.whitening.life\/wp-content\/uploads\/2026\/03\/WebinarAprile-1-300x300.jpg 300w, https:\/\/www.whitening.life\/wp-content\/uploads\/2026\/03\/WebinarAprile-1-1024x1024.jpg 1024w, https:\/\/www.whitening.life\/wp-content\/uploads\/2026\/03\/WebinarAprile-1-150x150.jpg 150w, https:\/\/www.whitening.life\/wp-content\/uploads\/2026\/03\/WebinarAprile-1-12x12.jpg 12w, https:\/\/www.whitening.life\/wp-content\/uploads\/2026\/03\/WebinarAprile-1.jpg 1080w\" sizes=\"auto, (max-width: 600px) 100vw, 600px\" \/><\/a><\/div><div class=\"w-separator size_small\"><\/div><div class=\"w-btn-wrapper align_center\"><a class=\"w-btn us-btn-style_1\" href=\"https:\/\/us02web.zoom.us\/j\/3275752143?omn=84230735512\" target=\"_blank\" rel=\"noopener\"><span class=\"w-btn-label\">COLLEGATI &#8211; \u00c8 GRATUITO!<\/span><\/a><\/div><\/div><\/div><\/div><div class=\"w-separator size_medium\"><\/div><\/div><\/div><\/div><\/div><\/section><section class=\"l-section wpb_row us_custom_a4016a20 height_medium width_full\"><div class=\"l-section-h i-cf\"><div class=\"g-cols vc_row via_grid cols_1 laptops-cols_inherit tablets-cols_inherit mobiles-cols_1 valign_top type_default stacking_default\"><div class=\"wpb_column vc_column_container\"><div class=\"vc_column-inner\"><h3 style=\"color: #FFFFFF;text-align: center;font-family:Abril Fatface;font-weight:400;font-style:normal\" class=\"vc_custom_heading vc_do_custom_heading us_custom_9847ffbb\" >\"Un'ora pu\u00f2 non bastare. Ma se la usi bene pu\u00f2 cambiare il modo in cui guardi la tua azienda\"<\/h3><div class=\"w-separator size_medium\"><\/div><div class=\"w-btn-wrapper align_center\"><a class=\"w-btn us-btn-style_1 us_custom_a7b8b740 has_text_color\" href=\"https:\/\/us02web.zoom.us\/j\/3275752143?omn=84230735512\" target=\"_blank\" rel=\"noopener\"><span class=\"w-btn-label\">COLLEGATI AL WEBINAR<\/span><\/a><\/div><\/div><\/div><\/div><\/div><\/section><section class=\"l-section wpb_row height_medium\"><div class=\"l-section-h i-cf\"><div class=\"g-cols vc_row via_grid cols_1 laptops-cols_inherit tablets-cols_inherit mobiles-cols_1 valign_top type_default stacking_default\"><div class=\"wpb_column vc_column_container\"><div class=\"vc_column-inner\"><h2 style=\"color: #3B2C66;text-align: center;font-family:Abril Fatface;font-weight:400;font-style:normal\" class=\"vc_custom_heading vc_do_custom_heading us_custom_00e488ab\" >Come funziona il #WhiteningFreeWebinar?<\/h2><div class=\"w-separator size_small\"><\/div><div class=\"wpb_text_column\"><div class=\"wpb_wrapper\"><h5 style=\"text-align: center;\">Un ciclo di incontri brevi, pratici e collegati tra loro: ogni appuntamento ti guida a scoprire un nuovo modo per usare l\u2019Intelligenza Artificiale nel lavoro di tutti i giorni.<br data-start=\"296\" data-end=\"299\" \/>Un format semplice, diretto e pensato per darti strumenti subito utili.<\/h5>\n<\/div><\/div><div class=\"w-separator size_small\"><\/div><div class=\"w-video align_center ratio_4x3 has_iframe\"><div class=\"w-video-h\"><iframe title=\"Youtube video player\" src=\"\/\/www.youtube.com\/embed\/Py-1SHUn8qE?autoplay=0&controls=1&origin=https:\/\/www.whitening.life\/en&loop=0&mute=0\" allowfullscreen=\"1\" loading=\"lazy\"><\/iframe><\/div><\/div><div class=\"w-separator size_medium\"><\/div><\/div><\/div><\/div><\/div><\/section><section class=\"l-section wpb_row us_custom_7b31419a height_medium width_full\"><div class=\"l-section-h i-cf\"><div class=\"g-cols vc_row via_grid cols_1 laptops-cols_inherit tablets-cols_inherit mobiles-cols_1 valign_top type_default stacking_default\"><div class=\"wpb_column vc_column_container\"><div class=\"vc_column-inner\"><h3 style=\"color: #FFFFFF;text-align: center;font-family:Abril Fatface;font-weight:400;font-style:normal\" class=\"vc_custom_heading vc_do_custom_heading us_custom_9847ffbb\" >\u201cQuando il lavoro cambia, servono nuovi strumenti: qui li esploriamo insieme.\u201d<\/h3><div class=\"w-separator size_medium\"><\/div><div class=\"w-btn-wrapper align_center\"><a class=\"w-btn us-btn-style_1 us_custom_2aa1fc29 has_text_color\" href=\"https:\/\/us02web.zoom.us\/j\/3275752143?omn=84230735512\" target=\"_blank\" rel=\"noopener\"><span class=\"w-btn-label\">PARTECIPA ANCHE TU<\/span><\/a><\/div><\/div><\/div><\/div><\/div><\/section><section class=\"l-section wpb_row height_medium\"><div class=\"l-section-h i-cf\"><div class=\"g-cols vc_row via_grid cols_1 laptops-cols_inherit tablets-cols_inherit mobiles-cols_1 valign_top type_default stacking_default\"><div class=\"wpb_column vc_column_container\"><div class=\"vc_column-inner\"><h2 style=\"color: #1B69B1;text-align: center;font-family:Abril Fatface;font-weight:400;font-style:normal\" class=\"vc_custom_heading vc_do_custom_heading us_custom_00e488ab\" >Di cosa parleremo in questo appuntamento<\/h2><div class=\"w-separator size_small\"><\/div><div class=\"wpb_text_column\"><div class=\"wpb_wrapper\"><p style=\"text-align: center;\" data-start=\"790\" data-end=\"929\">Le attivit\u00e0 d\u2019ufficio sono spesso scandite da processi ripetitivi, gestione di informazioni e operazioni che richiedono tempo e attenzione.<\/p>\n<p style=\"text-align: center;\" data-start=\"931\" data-end=\"1185\">Oggi, grazie all\u2019evoluzione dell\u2019intelligenza artificiale, \u00e8 possibile andare oltre i singoli strumenti: entrano in gioco gli <strong data-start=\"1057\" data-end=\"1070\">agenti AI<\/strong>, sistemi in grado di svolgere attivit\u00e0 in autonomia, supportando il lavoro quotidiano in modo sempre pi\u00f9 concreto.<\/p>\n<p style=\"text-align: center;\" data-start=\"1187\" data-end=\"1453\">In questo appuntamento del ciclo <strong data-start=\"1220\" data-end=\"1239\">AI Step-by-Step<\/strong> esploreremo cosa sono gli agenti intelligenti e come possono essere applicati alle attivit\u00e0 d\u2019ufficio: dalla gestione delle informazioni all\u2019esecuzione di task operativi, fino al supporto nei processi decisionali.<\/p>\n<p style=\"text-align: center;\" data-start=\"1455\" data-end=\"1623\">Un incontro pensato per comprendere non solo le potenzialit\u00e0 di questi strumenti, ma anche come iniziare a integrarli nel proprio lavoro in modo semplice e consapevole.<\/p>\n<\/div><\/div><div class=\"w-separator size_medium\"><\/div><\/div><\/div><\/div><\/div><\/section><section class=\"l-section wpb_row us_custom_eff99d2f height_medium width_full\"><div class=\"l-section-h i-cf\"><div class=\"g-cols vc_row via_grid cols_1 laptops-cols_inherit tablets-cols_inherit mobiles-cols_1 valign_top type_default stacking_default\"><div class=\"wpb_column vc_column_container\"><div class=\"vc_column-inner\"><h3 style=\"color: #FFFFFF;text-align: center;font-family:Abril Fatface;font-weight:400;font-style:normal\" class=\"vc_custom_heading vc_do_custom_heading us_custom_9847ffbb\" >\"Non sei solo nelle sfide aziendali: ascolta, condividi, cresci\"<\/h3><div class=\"w-separator size_medium\"><\/div><div class=\"w-btn-wrapper align_center\"><a class=\"w-btn us-btn-style_1 us_custom_30b5c182 has_text_color\" href=\"https:\/\/us02web.zoom.us\/j\/3275752143?omn=84230735512\" target=\"_blank\" rel=\"noopener\"><span class=\"w-btn-label\">COLLEGATI GRATUITAMENTE<\/span><\/a><\/div><\/div><\/div><\/div><\/div><\/section><section class=\"l-section wpb_row height_medium\"><div class=\"l-section-h i-cf\"><div class=\"g-cols vc_row via_grid cols_1 laptops-cols_inherit tablets-cols_inherit mobiles-cols_1 valign_top type_default stacking_default\"><div class=\"wpb_column vc_column_container\"><div class=\"vc_column-inner\"><h2 style=\"color: #3B2C66;text-align: center;font-family:Abril Fatface;font-weight:400;font-style:normal\" class=\"vc_custom_heading vc_do_custom_heading us_custom_00e488ab\" >Chi partecipa<\/h2><div class=\"w-separator size_small\"><\/div><div class=\"wpb_text_column\"><div class=\"wpb_wrapper\"><h5 style=\"text-align: center;\">Tre punti di vista, un appuntamento di confronto e crescita&#8230; con un gradito ospite esperto del tema<\/h5>\n<\/div><\/div><\/div><\/div><\/div><\/div><\/section><section class=\"l-section wpb_row height_medium\"><div class=\"l-section-h i-cf\"><div class=\"g-cols vc_row via_grid cols_3 laptops-cols_inherit tablets-cols_inherit mobiles-cols_1 valign_top type_default stacking_default\"><div class=\"wpb_column vc_column_container\"><div class=\"vc_column-inner\"><div class=\"w-image align_center\"><div class=\"w-image-h\"><img decoding=\"async\" width=\"600\" height=\"600\" src=\"https:\/\/www.whitening.life\/wp-content\/uploads\/2025\/07\/WhiteningFreeWebinar-Imprenditore.png\" class=\"attachment-woocommerce_single size-woocommerce_single\" alt=\"#WhiteningFreeWebinar - Imprenditore\" loading=\"lazy\" srcset=\"https:\/\/www.whitening.life\/wp-content\/uploads\/2025\/07\/WhiteningFreeWebinar-Imprenditore.png 600w, https:\/\/www.whitening.life\/wp-content\/uploads\/2025\/07\/WhiteningFreeWebinar-Imprenditore-300x300.png 300w, https:\/\/www.whitening.life\/wp-content\/uploads\/2025\/07\/WhiteningFreeWebinar-Imprenditore-150x150.png 150w\" sizes=\"auto, (max-width: 600px) 100vw, 600px\" \/><\/div><\/div><\/div><\/div><div class=\"wpb_column vc_column_container\"><div class=\"vc_column-inner\"><div class=\"w-image align_center\"><div class=\"w-image-h\"><img decoding=\"async\" width=\"600\" height=\"600\" src=\"https:\/\/www.whitening.life\/wp-content\/uploads\/2025\/07\/WhiteningFreeWebinar-Manager.png\" class=\"attachment-woocommerce_single size-woocommerce_single\" alt=\"#WhiteningFreeWebinar - Manager\" loading=\"lazy\" srcset=\"https:\/\/www.whitening.life\/wp-content\/uploads\/2025\/07\/WhiteningFreeWebinar-Manager.png 600w, https:\/\/www.whitening.life\/wp-content\/uploads\/2025\/07\/WhiteningFreeWebinar-Manager-300x300.png 300w, https:\/\/www.whitening.life\/wp-content\/uploads\/2025\/07\/WhiteningFreeWebinar-Manager-150x150.png 150w\" sizes=\"auto, (max-width: 600px) 100vw, 600px\" \/><\/div><\/div><\/div><\/div><div class=\"wpb_column vc_column_container\"><div class=\"vc_column-inner\"><div class=\"w-image align_none\"><div class=\"w-image-h\"><img decoding=\"async\" width=\"600\" height=\"600\" src=\"https:\/\/www.whitening.life\/wp-content\/uploads\/2025\/07\/WhiteningFreeWebinar-Consulente.png\" class=\"attachment-woocommerce_single size-woocommerce_single\" alt=\"#WhiteningFreeWebinar - Consulente\" loading=\"lazy\" srcset=\"https:\/\/www.whitening.life\/wp-content\/uploads\/2025\/07\/WhiteningFreeWebinar-Consulente.png 600w, https:\/\/www.whitening.life\/wp-content\/uploads\/2025\/07\/WhiteningFreeWebinar-Consulente-300x300.png 300w, https:\/\/www.whitening.life\/wp-content\/uploads\/2025\/07\/WhiteningFreeWebinar-Consulente-150x150.png 150w\" sizes=\"auto, (max-width: 600px) 100vw, 600px\" \/><\/div><\/div><\/div><\/div><\/div><\/div><\/section><section class=\"l-section wpb_row height_medium\"><div class=\"l-section-h i-cf\"><div class=\"g-cols vc_row via_grid cols_1 laptops-cols_inherit tablets-cols_inherit mobiles-cols_1 valign_top type_default stacking_default\"><div class=\"wpb_column vc_column_container\"><div class=\"vc_column-inner\"><div class=\"wpb_text_column\"><div class=\"wpb_wrapper\"><h5 style=\"text-align: center;\"><strong>Perch\u00e9 partecipare:<\/strong><\/h5>\n<ul>\n<li>Format snello e pratico<\/li>\n<li>Nessuna slide: solo confronto<\/li>\n<li>Spunti utili per chi vive l&#8217;impresa ogni giorno<\/li>\n<\/ul>\n<\/div><\/div><div class=\"w-separator size_medium\"><\/div><h2 style=\"color: #1B69B1;text-align: center;font-family:Abril Fatface;font-weight:400;font-style:normal\" class=\"vc_custom_heading vc_do_custom_heading us_custom_00e488ab\" >Partecipa gratuitamente<\/h2><div class=\"w-separator size_small\"><\/div><div class=\"w-btn-wrapper align_center\"><a class=\"w-btn us-btn-style_1\" href=\"https:\/\/us02web.zoom.us\/j\/3275752143?omn=84230735512\" target=\"_blank\" rel=\"noopener\"><span class=\"w-btn-label\">PARTECIPA ANCHE TU<\/span><\/a><\/div><div class=\"w-separator size_medium\"><\/div><div class=\"wpb_text_column\"><div class=\"wpb_wrapper\"><h3 style=\"text-align: center;\"><strong>Basta una connessione e un <a href=\"https:\/\/us02web.zoom.us\/j\/3275752143?omn=84230735512\" target=\"_blank\" rel=\"noopener\">clic<\/a> per essere dei nostri!<\/strong><\/h3>\n<h5 style=\"text-align: center;\">Ti aspettiamo al #WhiteningFreeWebinar. \u00c8 gratuito, \u00e8 aperto, \u00e8 reale.<\/h5>\n<\/div><\/div><div class=\"w-separator size_small\"><\/div><\/div><\/div><\/div><\/div><\/section>","protected":false},"excerpt":{"rendered":"Whitening Free WebinarAgenti AI: nuovi alleati per il lavoro d'ufficioGioved\u00ec 30 aprile ore 18:00 | Su Zoom | Webinar gratuito Un&#8217;ora di confronto con imprenditori, manager e consulenti su una tema che riguarda chi vive davvero l&#8217;azienda COLLEGATI &#8211; \u00c8 GRATUITO!\"Un'ora pu\u00f2 non bastare. Ma se la usi bene pu\u00f2 cambiare il modo in cui...","protected":false},"author":2,"featured_media":3132,"parent":0,"menu_order":0,"comment_status":"closed","ping_status":"closed","template":"","meta":{"_acf_changed":false,"footnotes":""},"class_list":["post-2481","page","type-page","status-publish","has-post-thumbnail","hentry"],"acf":[],"jetpack_sharing_enabled":true,"_links":{"self":[{"href":"https:\/\/www.whitening.life\/en\/wp-json\/wp\/v2\/pages\/2481","targetHints":{"allow":["GET"]}}],"collection":[{"href":"https:\/\/www.whitening.life\/en\/wp-json\/wp\/v2\/pages"}],"about":[{"href":"https:\/\/www.whitening.life\/en\/wp-json\/wp\/v2\/types\/page"}],"author":[{"embeddable":true,"href":"https:\/\/www.whitening.life\/en\/wp-json\/wp\/v2\/users\/2"}],"replies":[{"embeddable":true,"href":"https:\/\/www.whitening.life\/en\/wp-json\/wp\/v2\/comments?post=2481"}],"version-history":[{"count":72,"href":"https:\/\/www.whitening.life\/en\/wp-json\/wp\/v2\/pages\/2481\/revisions"}],"predecessor-version":[{"id":3133,"href":"https:\/\/www.whitening.life\/en\/wp-json\/wp\/v2\/pages\/2481\/revisions\/3133"}],"wp:featuredmedia":[{"embeddable":true,"href":"https:\/\/www.whitening.life\/en\/wp-json\/wp\/v2\/media\/3132"}],"wp:attachment":[{"href":"https:\/\/www.whitening.life\/en\/wp-json\/wp\/v2\/media?parent=2481"}],"curies":[{"name":"wp","href":"https:\/\/api.w.org\/{rel}","templated":true}]}}