{"id":320,"date":"2023-04-17T16:18:35","date_gmt":"2023-04-17T14:18:35","guid":{"rendered":"http:\/\/192.168.1.12\/whitening\/?page_id=320"},"modified":"2025-10-30T11:50:50","modified_gmt":"2025-10-30T10:50:50","slug":"imprenditore","status":"publish","type":"page","link":"https:\/\/www.whitening.life\/en\/imprenditore\/","title":{"rendered":"Imprenditore"},"content":{"rendered":"<section class=\"l-section wpb_row us_custom_e00860e6 height_small width_full\"><div class=\"l-section-h i-cf\"><div class=\"g-cols vc_row via_grid cols_1 laptops-cols_inherit tablets-cols_inherit mobiles-cols_1 valign_top type_default stacking_default\"><div class=\"wpb_column vc_column_container\"><div class=\"vc_column-inner\"><div class=\"g-cols wpb_row via_grid cols_2-1 laptops-cols_inherit tablets-cols_inherit mobiles-cols_1 valign_top type_default stacking_default\" style=\"--columns-gap:3rem;\"><div class=\"wpb_column vc_column_container\"><div class=\"vc_column-inner\"><div class=\"w-separator size_medium\"><\/div><div class=\"wpb_text_column us_custom_5399c4f5\"><div class=\"wpb_wrapper\"><h1 style=\"text-align: left;\">Imprenditore<\/h1>\n<\/div><\/div><\/div><\/div><div class=\"wpb_column vc_column_container\"><div class=\"vc_column-inner\"><div class=\"w-separator size_custom\" style=\"height:75px\"><\/div><nav class=\"g-breadcrumbs separator_custom align_right\" itemscope itemtype=\"http:\/\/schema.org\/BreadcrumbList\"><div class=\"g-breadcrumbs-item\" itemscope itemprop=\"itemListElement\" itemtype=\"http:\/\/schema.org\/ListItem\"><a itemprop=\"item\" href=\"https:\/\/www.whitening.life\/en\/\"><span itemprop=\"name\">Home<\/span><\/a><meta itemprop=\"position\" content=\"1\"\/><\/div><div class=\"g-breadcrumbs-separator\">\/<\/div><div class=\"g-breadcrumbs-item\">Pages<\/div><\/nav><\/div><\/div><\/div><div class=\"w-separator size_medium\"><\/div><\/div><\/div><\/div><\/div><\/section><section class=\"l-section wpb_row height_medium\"><div class=\"l-section-h i-cf\"><div class=\"g-cols vc_row via_grid cols_1 laptops-cols_inherit tablets-cols_inherit mobiles-cols_1 valign_top type_default stacking_default\"><div class=\"wpb_column vc_column_container\"><div class=\"vc_column-inner\"><div class=\"w-image us_custom_575b987f us_animate_this align_center\"><div class=\"w-image-h\"><img decoding=\"async\" width=\"450\" height=\"300\" src=\"https:\/\/www.whitening.life\/wp-content\/uploads\/2023\/04\/WhiteningImprenditore.jpg\" class=\"attachment-full size-full\" alt=\"Whitening Imprenditore\" loading=\"lazy\" \/><\/div><\/div><div class=\"wpb_text_column us_custom_580cd0b8 us_animate_this\"><div class=\"wpb_wrapper\"><h4>Sei un imprenditore? Sei nel posto giusto!<\/h4>\n<p>Secondo l&#8217;Accademia della Crusca la parola <a href=\"https:\/\/accademiadellacrusca.it\/it\/consulenza\/imprenditore-e-impresario\/1377\" target=\"_blank\" rel=\"noopener\">imprenditore<\/a> \u00e8 riconducibile al verbo imprendere, proveniente dal latino volgare <em>*imprehend\u0115re<\/em>, ossia \u2018intraprendere\u2019, che letteralmente significa \u2018prendere sopra di s\u00e9\u2019. Perci\u00f2 il termine indica l\u2019azione di cominciare qualcosa, di avviare un\u2019iniziativa. Ma soprattutto contiene il concetto di \u201cprendere su di s\u00e9\u201d il peso del rischio imprenditoriale.<\/p>\n<p>E questo peso l&#8217;imprenditore lo sente spesso sulle sue spalle: le decisioni da prendere, le persone da gestire, i clienti da accontentare sempre e a qualsiasi costo, i risultati da ottenere sono alcuni delle gioie e dei fardelli dell&#8217;essere imprenditore.<\/p>\n<\/div><\/div><div class=\"wpb_text_column us_custom_580cd0b8 us_animate_this\"><div class=\"wpb_wrapper\"><p>La nostra esperienza di oltre 15 anni nella consulenza strategica d\u2019impresa ci ha messo spesso davanti i problemi pi\u00f9 ricorrenti dell&#8217;imprenditore: \u201cDevo fare tutto io\u201d, \u201cI miei collaboratori non si prendono responsabilit\u00e0\/non hanno voglia di lavorare\u201d, \u201cLe cose\/procedure\/processi\/attivit\u00e0 non funzionano come dovrebbero\u201d e via di questo passo.<\/p>\n<p>Spesso questi problemi esistono davvero e devono essere affrontati e risolti in modo tempestivo per non correre rischi anche molto seri; in altri casi basterebbe un piccolo miglioramento nelle abitudini o anche solo l\u2019emersione della consapevolezza.<\/p>\n<h5>Ma l&#8217;iniziativa spetta sempre all&#8217;imprenditore.<\/h5>\n<p>Perch\u00e9 l&#8217;impresa \u00e8 sua e vi ha investito denaro, energie e tempo. E perch\u00e9 non trover\u00e0 mai nessuno che si prenda questa responsabilit\u00e0, al posto suo.<\/p>\n<p>Il mindset dell&#8217;imprenditore \u00e8 il motore della sua impresa: lo descrive bene Flavio Flamini nel primo dei titoli che <a href=\"https:\/\/www.wisemansrl.com\/wiseman\/\" target=\"_blank\" rel=\"noopener\">Wiseman Publishing &amp; Video<\/a> ha pubblicato dedicati al mondo del business e che pu\u00f2 essere acquistato cliccando<a href=\"https:\/\/www.wisemansrl.com\/product\/basi-mindset-imprenditoriale\/\" target=\"_blank\" rel=\"noopener\"> qui<\/a>.<\/p>\n<p>Dipende da quanto vogliamo metterci o rimetterci in gioco, perch\u00e9 solo noi possiamo cambiare ci\u00f2 che abbiamo creato, o contribuito a creare e far crescere.<\/p>\n<\/div><\/div><div class=\"wpb_text_column us_custom_cd06a977 us_animate_this\"><div class=\"wpb_wrapper\"><h5>I Bisogni dell&#8217;Imprenditore<\/h5>\n<\/div><\/div><div class=\"wpb_text_column us_custom_580cd0b8 us_animate_this\"><div class=\"wpb_wrapper\"><p>Di solito i bisogni degli imprenditori ricadono in una delle seguenti tipologie:<\/p>\n<\/div><\/div><div class=\"wpb_text_column us_custom_580cd0b8 us_animate_this\"><div class=\"wpb_wrapper\"><ol>\n<li>voglio pi\u00f9 clienti (con le varianti: pi\u00f9 margine, pi\u00f9 fatturato, pi\u00f9 lavoro, pi\u00f9 opportunit\u00e0 come i bandi o la formazione finanziata);<\/li>\n<li>desidero che le cose siano pi\u00f9 semplici nella mia azienda (varianti: con i dipendenti, con i fornitori, con i processi, con il mercato);<\/li>\n<li>chiedo ai miei collaboratori\/dipendenti pi\u00f9 responsabilit\u00e0 (varianti: non voglio sempre dire le stesse cose, quando non ci sono io le cose non vanno avanti, alle 18 casca la penna e spariscono, etc.);<\/li>\n<li>vorrei pi\u00f9 tempo libero per me (varianti: per la mia famiglia, per il mio sport\/hobby preferito, per fare altro, per aprire una nuova attivit\u00e0).<\/li>\n<\/ol>\n<\/div><\/div><div class=\"wpb_text_column us_custom_580cd0b8 us_animate_this\"><div class=\"wpb_wrapper\"><h5>Se leggendo queste frasi ti sei ritrovato, allora Whitening pu\u00f2 aiutarti.<\/h5>\n<\/div><\/div><div class=\"wpb_text_column us_custom_c315948b us_animate_this\"><div class=\"wpb_wrapper\"><p>Io, imprenditore, cosa devo fare?<\/p>\n<\/div><\/div><div class=\"wpb_text_column us_custom_580cd0b8 us_animate_this\"><div class=\"wpb_wrapper\"><p>Esiste una soluzione per ognuno dei problemi che abbiamo citato:<\/p>\n<\/div><\/div><div class=\"wpb_text_column us_custom_580cd0b8 us_animate_this\"><div class=\"wpb_wrapper\"><ul>\n<li>gi\u00e0 sperimentata con successo e quindi testata come efficace;<\/li>\n<li>semplice (ma non facile);<\/li>\n<li>garantita. Oppure rimborsata, <a href=\"https:\/\/www.whitening.life\/en\/crescitarmonica-consulenza\/\">con un vero e proprio contratto;<\/a><\/li>\n<\/ul>\n<\/div><\/div><div class=\"wpb_text_column us_custom_cd06a977 us_animate_this\"><div class=\"wpb_wrapper\"><h5>Risultato o Rimborsato<\/h5>\n<\/div><\/div><div class=\"wpb_text_column us_custom_580cd0b8 us_animate_this\"><div class=\"wpb_wrapper\"><p>Whitening propone dei percorsi dedicati agli imprenditori che vogliono raggiungere risultati importati e ambiziosi\u00a0 o vogliono migliorare la qualit\u00e0 complessiva della propria vita personale o lavorativa.<\/p>\n<p>Questi percorsi hanno risultati garantiti da un contratto di risultato del percorso #CrescitArmomica: \u00e8 un accordo iniziale che vincola a risultati misurabili il pagamento della consulenza, garantendone il rimborso fino all\u201980% di quanto investito nel caso i risultati fissati non fossero stati raggiunti. Crediamo di essere l&#8217;unica azienda di consulenza che lo fa.<\/p>\n<p>Questa caratteristica protegge l\u2019imprenditore da clamorosi e costosi buchi nell\u2019acqua e consente a noi di Whitening di metterci tutto l\u2019impegno e le capacit\u00e0 di cui siamo capaci. E soprattutto assicura i risultati, cosa che \u00e8 fondamentale nella consulenza.<\/p>\n<\/div><\/div><div class=\"wpb_text_column us_custom_5d4e8815 us_animate_this\"><div class=\"wpb_wrapper\"><p>Noi ti costruiamo il percorso pi\u00f9 adatto, ma la prima mossa deve essere tua: perch\u00e9 \u00e8 la tua motivazione che deve spingere al cambiamento, noi ascolteremo le tue necessit\u00e0 e ti guideremo sfruttando la nostra esperienza di imprenditori e consulenti d\u2019impresa, sviluppando insieme il tuo percorso personalizzato <strong>Guaranteed Results or Your Money Back<\/strong>.<\/p>\n<p>Puoi subito prenotare una videocall gratuita cliccando <a href=\"https:\/\/www.whitening.life\/en\/product\/free-webinar\/\">qui<\/a>: potrai fare tutte le domande che vorrai a un consulente senior di Whitening come<a href=\"https:\/\/www.whitening.life\/en\/flavio-flamini\/\">\u00a0Flavio Flamini<\/a>, il direttore operativo della nostra azienda, o <a href=\"https:\/\/www.whitening.life\/en\/lara-menichetti\/\">Lara Menichetti<\/a> per l\u2019area Bandi e Formazione.<\/p>\n<p>Dai un volto alla nostra esperienza e inizia ora il tuo percorso!<\/p>\n<\/div><\/div><\/div><\/div><\/div><\/div><\/section>","protected":false},"excerpt":{"rendered":"Imprenditore Home\/PagesSei un imprenditore? Sei nel posto giusto! Secondo l&#8217;Accademia della Crusca la parola imprenditore \u00e8 riconducibile al verbo imprendere, proveniente dal latino volgare *imprehend\u0115re, ossia \u2018intraprendere\u2019, che letteralmente significa \u2018prendere sopra di s\u00e9\u2019. Perci\u00f2 il termine indica l\u2019azione di cominciare qualcosa, di avviare un\u2019iniziativa. Ma soprattutto contiene il concetto di \u201cprendere su di s\u00e9\u201d...","protected":false},"author":1,"featured_media":309,"parent":0,"menu_order":0,"comment_status":"closed","ping_status":"closed","template":"","meta":{"_acf_changed":false,"footnotes":""},"class_list":["post-320","page","type-page","status-publish","has-post-thumbnail","hentry"],"acf":[],"jetpack_sharing_enabled":true,"_links":{"self":[{"href":"https:\/\/www.whitening.life\/en\/wp-json\/wp\/v2\/pages\/320","targetHints":{"allow":["GET"]}}],"collection":[{"href":"https:\/\/www.whitening.life\/en\/wp-json\/wp\/v2\/pages"}],"about":[{"href":"https:\/\/www.whitening.life\/en\/wp-json\/wp\/v2\/types\/page"}],"author":[{"embeddable":true,"href":"https:\/\/www.whitening.life\/en\/wp-json\/wp\/v2\/users\/1"}],"replies":[{"embeddable":true,"href":"https:\/\/www.whitening.life\/en\/wp-json\/wp\/v2\/comments?post=320"}],"version-history":[{"count":21,"href":"https:\/\/www.whitening.life\/en\/wp-json\/wp\/v2\/pages\/320\/revisions"}],"predecessor-version":[{"id":2766,"href":"https:\/\/www.whitening.life\/en\/wp-json\/wp\/v2\/pages\/320\/revisions\/2766"}],"wp:featuredmedia":[{"embeddable":true,"href":"https:\/\/www.whitening.life\/en\/wp-json\/wp\/v2\/media\/309"}],"wp:attachment":[{"href":"https:\/\/www.whitening.life\/en\/wp-json\/wp\/v2\/media?parent=320"}],"curies":[{"name":"wp","href":"https:\/\/api.w.org\/{rel}","templated":true}]}}