{"id":336,"date":"2023-04-17T16:41:26","date_gmt":"2023-04-17T14:41:26","guid":{"rendered":"http:\/\/192.168.1.12\/whitening\/?page_id=336"},"modified":"2025-10-30T11:52:06","modified_gmt":"2025-10-30T10:52:06","slug":"libero-professionista","status":"publish","type":"page","link":"https:\/\/www.whitening.life\/en\/libero-professionista\/","title":{"rendered":"Libero Professionista"},"content":{"rendered":"<section class=\"l-section wpb_row us_custom_e00860e6 height_small width_full\"><div class=\"l-section-h i-cf\"><div class=\"g-cols vc_row via_grid cols_1 laptops-cols_inherit tablets-cols_inherit mobiles-cols_1 valign_top type_default stacking_default\"><div class=\"wpb_column vc_column_container\"><div class=\"vc_column-inner\"><div class=\"g-cols wpb_row via_grid cols_2-1 laptops-cols_inherit tablets-cols_inherit mobiles-cols_1 valign_top type_default stacking_default\" style=\"--columns-gap:3rem;\"><div class=\"wpb_column vc_column_container\"><div class=\"vc_column-inner\"><div class=\"w-separator size_medium\"><\/div><div class=\"wpb_text_column us_custom_5399c4f5\"><div class=\"wpb_wrapper\"><h1 style=\"text-align: left;\">Libero Professionista<\/h1>\n<\/div><\/div><\/div><\/div><div class=\"wpb_column vc_column_container\"><div class=\"vc_column-inner\"><div class=\"w-separator size_custom\" style=\"height:75px\"><\/div><nav class=\"g-breadcrumbs separator_custom align_right\" itemscope itemtype=\"http:\/\/schema.org\/BreadcrumbList\"><div class=\"g-breadcrumbs-item\" itemscope itemprop=\"itemListElement\" itemtype=\"http:\/\/schema.org\/ListItem\"><a itemprop=\"item\" href=\"https:\/\/www.whitening.life\/en\/\"><span itemprop=\"name\">Home<\/span><\/a><meta itemprop=\"position\" content=\"1\"\/><\/div><div class=\"g-breadcrumbs-separator\">\/<\/div><div class=\"g-breadcrumbs-item\">Pages<\/div><\/nav><\/div><\/div><\/div><div class=\"w-separator size_medium\"><\/div><\/div><\/div><\/div><\/div><\/section><section class=\"l-section wpb_row height_medium\"><div class=\"l-section-h i-cf\"><div class=\"g-cols vc_row via_grid cols_1 laptops-cols_inherit tablets-cols_inherit mobiles-cols_1 valign_top type_default stacking_default\"><div class=\"wpb_column vc_column_container\"><div class=\"vc_column-inner\"><div class=\"w-image us_custom_575b987f us_animate_this align_center\"><div class=\"w-image-h\"><img decoding=\"async\" width=\"450\" height=\"300\" src=\"https:\/\/www.whitening.life\/wp-content\/uploads\/2023\/04\/WhiteningLiberoProfessionista.jpg\" class=\"attachment-full size-full\" alt=\"Whitening Libero Professionista\" loading=\"lazy\" \/><\/div><\/div><div class=\"wpb_text_column us_custom_580cd0b8 us_animate_this\"><div class=\"wpb_wrapper\"><h4>Sei un Libero Professionista e sei nel posto giusto.<\/h4>\n<p>Magari stai pensando di non essere un libero professionista qualsiasi, perch\u00e9 il tuo settore \u00e8 particolare o perch\u00e9 &#8220;sono un commercialista&#8221;, &#8220;sono un consulente commerciale&#8221; o &#8220;sono un programmatore free lance&#8221;\u2026 ed \u00e8 vero: hai un profilo professionale, delle skills, e delle competenze che sono tutte tue. Ma con migliaia di altri professionisti italiani hai in comune una cosa preziosa e di grande valore: <strong>la partita IVA.<\/strong><\/p>\n<p>Sei in buona compagnia: solo nel 2022 sono state aperte 501.500 NUOVE partite IVA, in leggera flessione rispetto al 2021 che ha fatto registrare dei numeri importanti secondo l\u2019Osservatorio delle Partite Iva del Ministero dell\u2019Economia e delle Finanze (si pu\u00f2 leggere la sintesi dei dati <a href=\"https:\/\/www1.finanze.gov.it\/finanze\/osiva\/public\/index.php\" target=\"_blank\" rel=\"noopener\">qui<\/a>).<\/p>\n<p>Sappiamo bene come ci si sente: si \u00e8 spesso travolti dal senso di libert\u00e0 e orgoglio, ma anche di incertezza e insicurezza. Di gioia e disperazione.<\/p>\n<h6>Perch\u00e9 una partita IVA \u00e8 un mezzo molto potente e molto pesante.<\/h6>\n<p>Le decisioni da prendere, i fornitori da gestire, i clienti da trovare e accontentare sempre e a qualsiasi costo, i conti da far tornare e competitors dai quali proteggersi sono alcuni dei fardelli che come liberi professionisti portiamo ogni giorno sulle spalle.<\/p>\n<p>La nostra esperienza di oltre 15 anni nella consulenza strategica d\u2019impresa ci ha messo di fronte a tanti problemi ricorrenti: \u201cC\u2019\u00e8 la crisi, tutto aumenta e i miei clienti non hanno soldi\u201d, \u201cI miei clienti non sono fidelizzati\u201d, \u201cPer ora va bene, ma domani non posso saperlo?\u201d \u201cE se perdo quel grande cliente?\u201d, \u201cNon riesco a crescere, sono solo\u201d e via di questo passo.<\/p>\n<p>Tutti questi dubbi sono fondati e vanno affrontati e risolti in modo tempestivo, per non correre rischi anche molto seri; ma a volte basterebbe solo migliorare nelle abitudini o anche solo fare emergere la consapevolezza.<\/p>\n<h6>Ma in tutti i casi, <strong>l&#8217;attore principale deve essere il libero professionista.<\/strong><\/h6>\n<p>Perch\u00e9 l&#8217;attivit\u00e0 \u00e8 sua e vi ha investito denaro, energie e tempo. E perch\u00e9 non trover\u00e0 mai nessuno che si prenda questa responsabilit\u00e0, al posto suo.<\/p>\n<p>Il mindset che aiuta in questa presa di consapevolezza lo descrive bene Flavio Flamini nel primo dei titoli che <a href=\"https:\/\/www.wisemansrl.com\/wiseman\/\" target=\"_blank\" rel=\"noopener\">Wiseman Publishing &amp; Video<\/a>\u00a0ha pubblicato dedicati al mondo del business e che pu\u00f2 essere acquistato cliccando<a href=\"https:\/\/www.wisemansrl.com\/product\/basi-mindset-imprenditoriale\/\" target=\"_blank\" rel=\"noopener\">\u00a0qui<\/a>.<\/p>\n<p>Dipende da quanto vogliamo metterci o rimetterci in gioco, perch\u00e9 solo noi possiamo cambiare ci\u00f2 che abbiamo creato, o contribuito a creare e far crescere.<\/p>\n<p>Se vuoi saremo al tuo fianco, ma se non hai intenzione di metterti e mettere molto in gioco, forse non facciamo per te.<\/p>\n<\/div><\/div><div class=\"wpb_text_column us_custom_cd06a977 us_animate_this\"><div class=\"wpb_wrapper\"><h5>Risultato o Rimborsato<\/h5>\n<\/div><\/div><div class=\"wpb_text_column us_custom_580cd0b8 us_animate_this\"><div class=\"wpb_wrapper\"><p>Whitening propone dei percorsi dedicati a chi, come te, vuole raggiungere risultati importati ed ambiziosi che ancora non ha raggiunto o vuole migliorare la qualit\u00e0 complessiva della propria vita personale o lavorativa.<\/p>\n<p>Questi percorsi \u2013 ed in questo crediamo di essere la prima realt\u00e0 di consulenza che lo fa \u2013 hanno risultati garantiti da un contratto di risultato del percorso #CrescitArmomica cio\u00e8 da un accordo iniziale che vincola a risultati misurabili il pagamento della consulenza, garantendone il rimborso fino all\u201980% di quanto investito nel caso i risultati inizialmente fissati non fossero stati raggiunti.<\/p>\n<p>Tu sei tranquillo di non esserti affidato a consulenti fuffa, noi siamo certi del tuo impegno e quindi il percorso \u00e8 pi\u00f9 veloce e chiaro.<\/p>\n<\/div><\/div><div class=\"wpb_text_column us_custom_cd06a977 us_animate_this\"><div class=\"wpb_wrapper\"><h5>I Bisogni del Libero Professionista<\/h5>\n<\/div><\/div><div class=\"wpb_text_column us_custom_580cd0b8 us_animate_this\"><div class=\"wpb_wrapper\"><p>Di solito i bisogni dei nostri clienti professionisti rientrano in un modo o nell\u2019altro in una di queste categorie:<\/p>\n<ul>\n<li>voglio pi\u00f9 clienti (varianti: pi\u00f9 margine, pi\u00f9 fatturato, pi\u00f9 lavoro, pi\u00f9 opportunit\u00e0 come i bandi o la formazione finanziata), cio\u00e8 voglio crescere;<\/li>\n<li>desidero che le cose siano pi\u00f9 semplici nella mia attivit\u00e0 lavorativa (varianti: con i clienti, con i fornitori, con lo stato, con il mercato);<\/li>\n<li>voglio pagare meno tasse (questo in genere \u00e8 un bisogno senza varianti);<\/li>\n<li>vorrei pi\u00f9 tempo libero per me (varianti: per la mia famiglia, per il mio sport\/hobby preferito, per fare altro, per aprire una nuova attivit\u00e0).<\/li>\n<\/ul>\n<h5>Se leggendo queste frasi ti sei ritrovato, allora Whitening pu\u00f2 aiutarti.<\/h5>\n<h6>E per farlo abbiamo moltissimi strumenti.<\/h6>\n<\/div><\/div><div class=\"wpb_text_column us_custom_c315948b us_animate_this\"><div class=\"wpb_wrapper\"><h6>Come libero professionista, cosa devo fare?<\/h6>\n<\/div><\/div><div class=\"wpb_text_column us_custom_5d4e8815 us_animate_this\"><div class=\"wpb_wrapper\"><p>Esiste una soluzione per ogni bisogno che abbiamo elencato:<\/p>\n<ul>\n<li>gi\u00e0 sperimentata con successo e quindi testata come efficace;<\/li>\n<li>semplice (ma non facile);<\/li>\n<li>garantita. Oppure rimborsata, con un vero e proprio <a href=\"https:\/\/www.whitening.life\/en\/crescitarmonica-consulenza\/\">contratto<\/a>;<\/li>\n<\/ul>\n<p>A raccontarti cosa prevede il percorso ci pensiamo noi, ma il primo gesto deve essere tuo, perch\u00e9 la tua motivazione deve muoversi per prima.<\/p>\n<p>Ascolteremo le tue necessit\u00e0 e insieme costruiremo il tuo percorso personalizzato <a href=\"https:\/\/www.whitening.life\/en\/risultati-o-rimborsati\/\">Guaranteed Results or Your Money Back<\/a> sfruttando la nostra esperienza di liberi professionisti, imprenditori e consulenti d&#8217;impresa.<\/p>\n<p>Prenota ora una videocall gratuita cliccando <a href=\"https:\/\/www.whitening.life\/en\/product\/free-webinar\/\">qui<\/a>: potrai fare tutte le domande che vorrai a un consulente senior di Whitening come <a href=\"https:\/\/www.whitening.life\/en\/flavio-flamini\/\">Flavio Flamini<\/a>, il direttore operativo della nostra azienda, o <a href=\"https:\/\/www.whitening.life\/en\/lara-menichetti\/\" target=\"_blank\" rel=\"noopener\">Lara Menichetti<\/a> per l\u2019area Bandi e Formazione<\/p>\n<p>Dai un volto alla nostra esperienza e inizia ora il tuo percorso!<\/p>\n<\/div><\/div><\/div><\/div><\/div><\/div><\/section>","protected":false},"excerpt":{"rendered":"Libero Professionista Home\/PagesSei un Libero Professionista e sei nel posto giusto. Magari stai pensando di non essere un libero professionista qualsiasi, perch\u00e9 il tuo settore \u00e8 particolare o perch\u00e9 &#8220;sono un commercialista&#8221;, &#8220;sono un consulente commerciale&#8221; o &#8220;sono un programmatore free lance&#8221;\u2026 ed \u00e8 vero: hai un profilo professionale, delle skills, e delle competenze che...","protected":false},"author":1,"featured_media":310,"parent":0,"menu_order":0,"comment_status":"closed","ping_status":"closed","template":"","meta":{"_acf_changed":false,"footnotes":""},"class_list":["post-336","page","type-page","status-publish","has-post-thumbnail","hentry"],"acf":[],"jetpack_sharing_enabled":true,"_links":{"self":[{"href":"https:\/\/www.whitening.life\/en\/wp-json\/wp\/v2\/pages\/336","targetHints":{"allow":["GET"]}}],"collection":[{"href":"https:\/\/www.whitening.life\/en\/wp-json\/wp\/v2\/pages"}],"about":[{"href":"https:\/\/www.whitening.life\/en\/wp-json\/wp\/v2\/types\/page"}],"author":[{"embeddable":true,"href":"https:\/\/www.whitening.life\/en\/wp-json\/wp\/v2\/users\/1"}],"replies":[{"embeddable":true,"href":"https:\/\/www.whitening.life\/en\/wp-json\/wp\/v2\/comments?post=336"}],"version-history":[{"count":17,"href":"https:\/\/www.whitening.life\/en\/wp-json\/wp\/v2\/pages\/336\/revisions"}],"predecessor-version":[{"id":2768,"href":"https:\/\/www.whitening.life\/en\/wp-json\/wp\/v2\/pages\/336\/revisions\/2768"}],"wp:featuredmedia":[{"embeddable":true,"href":"https:\/\/www.whitening.life\/en\/wp-json\/wp\/v2\/media\/310"}],"wp:attachment":[{"href":"https:\/\/www.whitening.life\/en\/wp-json\/wp\/v2\/media?parent=336"}],"curies":[{"name":"wp","href":"https:\/\/api.w.org\/{rel}","templated":true}]}}