{"id":348,"date":"2023-04-17T16:58:41","date_gmt":"2023-04-17T14:58:41","guid":{"rendered":"http:\/\/192.168.1.12\/whitening\/?page_id=348"},"modified":"2025-10-30T11:42:30","modified_gmt":"2025-10-30T10:42:30","slug":"dentista-medico","status":"publish","type":"page","link":"https:\/\/www.whitening.life\/en\/dentista-medico\/","title":{"rendered":"Dentista"},"content":{"rendered":"<section class=\"l-section wpb_row us_custom_e00860e6 height_small width_full\"><div class=\"l-section-h i-cf\"><div class=\"g-cols vc_row via_grid cols_1 laptops-cols_inherit tablets-cols_inherit mobiles-cols_1 valign_top type_default stacking_default\"><div class=\"wpb_column vc_column_container\"><div class=\"vc_column-inner\"><div class=\"g-cols wpb_row via_grid cols_2-1 laptops-cols_inherit tablets-cols_inherit mobiles-cols_1 valign_top type_default stacking_default\" style=\"--columns-gap:3rem;\"><div class=\"wpb_column vc_column_container\"><div class=\"vc_column-inner\"><div class=\"w-separator size_medium\"><\/div><div class=\"wpb_text_column us_custom_5399c4f5\"><div class=\"wpb_wrapper\"><h1 style=\"text-align: left;\">Dentista o medico odontoiatra<\/h1>\n<\/div><\/div><\/div><\/div><div class=\"wpb_column vc_column_container\"><div class=\"vc_column-inner\"><div class=\"w-separator size_custom\" style=\"height:75px\"><\/div><nav class=\"g-breadcrumbs separator_custom align_right\" itemscope itemtype=\"http:\/\/schema.org\/BreadcrumbList\"><div class=\"g-breadcrumbs-item\" itemscope itemprop=\"itemListElement\" itemtype=\"http:\/\/schema.org\/ListItem\"><a itemprop=\"item\" href=\"https:\/\/www.whitening.life\/en\/\"><span itemprop=\"name\">Home<\/span><\/a><meta itemprop=\"position\" content=\"1\"\/><\/div><div class=\"g-breadcrumbs-separator\">\/<\/div><div class=\"g-breadcrumbs-item\">Pages<\/div><\/nav><\/div><\/div><\/div><div class=\"w-separator size_medium\"><\/div><\/div><\/div><\/div><\/div><\/section><section class=\"l-section wpb_row height_medium\"><div class=\"l-section-h i-cf\"><div class=\"g-cols vc_row via_grid cols_1 laptops-cols_inherit tablets-cols_inherit mobiles-cols_1 valign_top type_default stacking_default\"><div class=\"wpb_column vc_column_container\"><div class=\"vc_column-inner\"><div class=\"w-image us_custom_575b987f us_animate_this align_center\"><div class=\"w-image-h\"><img decoding=\"async\" width=\"450\" height=\"300\" src=\"https:\/\/www.whitening.life\/wp-content\/uploads\/2023\/04\/WhiteningMedicoOdontoiatra.jpg\" class=\"attachment-full size-full\" alt=\"Whitening MedicoOdontoiatra Dentista\" loading=\"lazy\" \/><\/div><\/div><div class=\"wpb_text_column\"><div class=\"wpb_wrapper\"><h4>Sei un dentista che gestisce uno o pi\u00f9 studi odontoiatrici o un libero professionista nel settore medico con un ambulatorio o uno studio? Sei nel posto giusto.<\/h4>\n<\/div><\/div><div class=\"wpb_text_column us_custom_580cd0b8 us_animate_this\"><div class=\"wpb_wrapper\"><p>Dentista: non \u00e8 un libero professionista qualsiasi.<\/p>\n<p>Immaginiamo cosa tu stia pensando: \u201cNon sono un commercialista, o un avvocato, o un qualsiasi free lance&#8230;&#8221;. Tutto vero: come gli altri professionisti hai un profilo professionale particolare, con delle competenze acquisite in anni di studio e di pratica, ma hai a che fare con un settore cruciale: la salute delle persone.<\/p>\n<p>Eppure, esattamente come un imprenditore ti trovi a gestire una attivit\u00e0: collaboratori, dipendenti, fornitori, burocrazia&#8230; e tu che pensavi che la tua vita lavorativa sarebbe stata aiutarle, le persone!<\/p>\n<p>Sappiamo bene come questo pu\u00f2 farti sentire: desidereresti solo fare ci\u00f2 che ami, senza doverti interessare di mille altre cose. Invece devi dividere il tuo tempo tra i conti da guardare, i pagamenti da fare, la burocrazia di mille uffici e mille balzelli, i fornitori da gestire, i clienti da accontentare sempre con la speranza che il passaparola ti aiuti ad averne di pi\u00f9.<\/p>\n<p>La nostra esperienza maturata in oltre 15 anni di consulenza strategica e operativa nel settore odontoiatrico e medico ci ma messo di fronte moltissimi problemi ricorrenti: \u201cC\u2019\u00e8 la crisi, tutto aumenta e i miei clienti non hanno soldi\u201d; \u201cVengono da me e fanno il giro delle 7 chiese per farsi fare un preventivo&#8221;; \u201cVanno dove costa meno\u201d; \u201cNon riesco a crescere, mi ritrovo da solo a tirare avanti la baracca\u201d e via di questo passo.<\/p>\n<p>In molti casi questi problemi sono fondati e devono essere affrontati e risolti velocemente, per non correre rischi anche molto seri; in altri casi basterebbe solo apportare pochi miglioramenti nelle abitudini o anche solo far emergere la consapevolezza. Ma sempre, in tutti i casi, l<strong>\u2019attore principale devi essere tu.<\/strong><\/p>\n<p>Perch\u00e9 la responsabilit\u00e0 \u00e8 la tua, perch\u00e9 l\u2019attivit\u00e0 che svolgi \u00e8 la tua, perch\u00e9 l\u2019investimento pi\u00f9 ingente, in termini economi e di tempo, \u00e8 il tuo. E perch\u00e9 non troverai mai nessuno che si prenda questa responsabilit\u00e0 al posto tuo.<\/p>\n<p>Quindi dipende da te: lo abbiamo scritto in un libro da poco edito dalla Wiseman Publishing &amp; Video, <a href=\"https:\/\/www.wisemansrl.com\/product\/basi-mindset-imprenditoriale\/\" target=\"_blank\" rel=\"noopener\">libro che puoi acquistare cliccando qui.<\/a><\/p>\n<p>Dipende da quanto vuoi metterti o rimetterti in gioco per crescere perch\u00e9, come abbiamo gi\u00e0 detto, \u00e8 tua responsabilit\u00e0. Se vuoi saremo al tuo fianco, ma se non hai intenzione di metterti in gioco, a volte anche pesantemente, ti prego non andare oltre. Sarebbe inutile.<\/p>\n<\/div><\/div><div class=\"wpb_text_column us_custom_cd06a977 us_animate_this\"><div class=\"wpb_wrapper\"><p>Risultato o Rimborsato<\/p>\n<\/div><\/div><div class=\"wpb_text_column us_custom_580cd0b8 us_animate_this\"><div class=\"wpb_wrapper\"><p>Whitening propone dei percorsi dedicati a chi come te vuole raggiungere risultati importati e ambiziosi o vuole migliorare la qualit\u00e0 complessiva della propria vita personale o lavorativa.<\/p>\n<p>Questi percorsi hanno risultati garantiti da un contratto di risultato del percorso #CrescitArmomica, cio\u00e8 da un accordo iniziale che vincola il pagamento della consulenza a risultati misurabili, garantendone il rimborso fino all\u201980% di quanto investito nel caso i risultati inizialmente fissati non fossero stati raggiunti.<\/p>\n<p>In questo crediamo di essere la prima realt\u00e0 di consulenza che lo fa.<\/p>\n<p>Tu sei tranquillo di non esserti affidato a consulenti fuffa, noi siamo certi del tuo impegno e quindi il percorso \u00e8 pi\u00f9 veloce e chiaro.<\/p>\n<\/div><\/div><div class=\"wpb_text_column us_custom_cd06a977 us_animate_this\"><div class=\"wpb_wrapper\"><h4>I bisogni del dentista<\/h4>\n<\/div><\/div><div class=\"wpb_text_column us_custom_580cd0b8 us_animate_this\"><div class=\"wpb_wrapper\"><p>Di solito i nostri clienti dentisti o medici odontoiatri manifestano questi bisogni:<\/p>\n<ol>\n<li>Voglio pi\u00f9 clienti (varianti: pi\u00f9 margine e non pi\u00f9 fatturato, pi\u00f9 opportunit\u00e0), cio\u00e8 voglio crescere;<\/li>\n<li>Desidero che il mio studio fosse pi\u00f9 conosciuto, ma non voglio fare pubblicit\u00e0;<\/li>\n<li>Voglio pagare meno tasse (questo in genere \u00e8 un bisogno senza varianti);<\/li>\n<li>Vorrei pi\u00f9 tempo libero per me, invece di morire di fronte a questa poltrona (varianti: per la mia famiglia, per il mio sport\/hobby preferito, per fare altro, per aprire un altro studio in quella citt\u00e0 dove c\u2019\u00e8 pi\u00f9 giro etc.)<\/li>\n<\/ol>\n<p>Se leggendo queste frasi ti sei sorpreso a pensare \u201cEcco, questo \u00e8 ci\u00f2 che voglio\u201d, (o queste cose, se sono pi\u00f9 di una), allora noi di Whitening possiamo aiutarti.<\/p>\n<p>E per farlo abbiamo moltissimi strumenti.<\/p>\n<\/div><\/div><div class=\"wpb_text_column us_custom_c315948b us_animate_this\"><div class=\"wpb_wrapper\"><h4>Cosa devo fare, come Dentista?<\/h4>\n<\/div><\/div><div class=\"wpb_text_column us_custom_5d4e8815 us_animate_this\"><div class=\"wpb_wrapper\"><p>Esiste una soluzione per ciascuno di questi bisogni:<\/p>\n<ul>\n<li>gi\u00e0 sperimentata con successo e quindi testata come efficace;<\/li>\n<li>semplice (ma non facile);<\/li>\n<li>garantita. Oppure rimborsata, <a href=\"https:\/\/www.whitening.life\/en\/crescitarmonica-consulenza\/\">con un vero e proprio contratto<\/a>;<\/li>\n<\/ul>\n<p>La prima a muoversi deve essere la tua motivazione: poi noi ti racconteremo cosa prevede il percorso, ascoltando le tue necessit\u00e0 e raccontandoti come la nostra esperienza di consulenti nel settore odontoiatrico possa costruire il tuo percorso personalizzato \u201c<a href=\"https:\/\/www.whitening.life\/en\/risultati-o-rimborsati\/\">Guaranteed Results or Your Money Back<\/a>\u201c.<\/p>\n<p>Il tuo primo gesto \u00e8 quello di\u00a0prenotare una breve videocall gratuita cliccando <a href=\"https:\/\/www.whitening.life\/en\/product\/free-webinar\/\" target=\"_blank\" rel=\"noopener\">qui:<\/a> potrai\u00a0 fare tutte le domande che vorrai ad un consulente senior di Whitening, molto spesso si tratta di <a href=\"https:\/\/www.whitening.life\/en\/flavio-flamini\/\" target=\"_blank\" rel=\"noopener\">Flavio Flamini,<\/a>\u00a0il direttore operativo della nostra azienda, oppure di\u00a0<a href=\"https:\/\/www.whitening.life\/en\/lara-menichetti\/\" target=\"_blank\" rel=\"noopener\">Lara Menichetti<\/a> per l\u2019area Bandi e Formazione.<\/p>\n<p>E\u2019 indispensabile, sia per te che per Whitening, dare un volto ad un nome e potersi togliere qualsiasi curiosit\u00e0 con una persona \u201creale\u201d.<\/p>\n<p>In alternativa compila il form di seguito, e sarai ricontattato telefonicamente. Grazie del tuo tempo.<\/p>\n<\/div><\/div><\/div><\/div><\/div><\/div><\/section>","protected":false},"excerpt":{"rendered":"Dentista o medico odontoiatra Home\/PagesSei un dentista che gestisce uno o pi\u00f9 studi odontoiatrici o un libero professionista nel settore medico con un ambulatorio o uno studio? Sei nel posto giusto. Dentista: non \u00e8 un libero professionista qualsiasi. Immaginiamo cosa tu stia pensando: \u201cNon sono un commercialista, o un avvocato, o un qualsiasi free lance&#8230;&#8221;....","protected":false},"author":1,"featured_media":311,"parent":0,"menu_order":0,"comment_status":"closed","ping_status":"closed","template":"","meta":{"_acf_changed":false,"footnotes":""},"class_list":["post-348","page","type-page","status-publish","has-post-thumbnail","hentry"],"acf":[],"jetpack_sharing_enabled":true,"_links":{"self":[{"href":"https:\/\/www.whitening.life\/en\/wp-json\/wp\/v2\/pages\/348","targetHints":{"allow":["GET"]}}],"collection":[{"href":"https:\/\/www.whitening.life\/en\/wp-json\/wp\/v2\/pages"}],"about":[{"href":"https:\/\/www.whitening.life\/en\/wp-json\/wp\/v2\/types\/page"}],"author":[{"embeddable":true,"href":"https:\/\/www.whitening.life\/en\/wp-json\/wp\/v2\/users\/1"}],"replies":[{"embeddable":true,"href":"https:\/\/www.whitening.life\/en\/wp-json\/wp\/v2\/comments?post=348"}],"version-history":[{"count":21,"href":"https:\/\/www.whitening.life\/en\/wp-json\/wp\/v2\/pages\/348\/revisions"}],"predecessor-version":[{"id":2756,"href":"https:\/\/www.whitening.life\/en\/wp-json\/wp\/v2\/pages\/348\/revisions\/2756"}],"wp:featuredmedia":[{"embeddable":true,"href":"https:\/\/www.whitening.life\/en\/wp-json\/wp\/v2\/media\/311"}],"wp:attachment":[{"href":"https:\/\/www.whitening.life\/en\/wp-json\/wp\/v2\/media?parent=348"}],"curies":[{"name":"wp","href":"https:\/\/api.w.org\/{rel}","templated":true}]}}