{"id":361,"date":"2023-04-17T17:11:40","date_gmt":"2023-04-17T15:11:40","guid":{"rendered":"http:\/\/192.168.1.12\/whitening\/?page_id=361"},"modified":"2025-10-30T12:00:46","modified_gmt":"2025-10-30T11:00:46","slug":"startupper","status":"publish","type":"page","link":"https:\/\/www.whitening.life\/en\/startupper\/","title":{"rendered":"StartUpper"},"content":{"rendered":"<section class=\"l-section wpb_row us_custom_e00860e6 height_small width_full\"><div class=\"l-section-h i-cf\"><div class=\"g-cols vc_row via_grid cols_1 laptops-cols_inherit tablets-cols_inherit mobiles-cols_1 valign_top type_default stacking_default\"><div class=\"wpb_column vc_column_container\"><div class=\"vc_column-inner\"><div class=\"g-cols wpb_row via_grid cols_2-1 laptops-cols_inherit tablets-cols_inherit mobiles-cols_1 valign_top type_default stacking_default\" style=\"--columns-gap:3rem;\"><div class=\"wpb_column vc_column_container\"><div class=\"vc_column-inner\"><div class=\"w-separator size_medium\"><\/div><div class=\"wpb_text_column us_custom_5399c4f5\"><div class=\"wpb_wrapper\"><h1 style=\"text-align: left;\">StartUpper<\/h1>\n<\/div><\/div><\/div><\/div><div class=\"wpb_column vc_column_container\"><div class=\"vc_column-inner\"><div class=\"w-separator size_custom\" style=\"height:75px\"><\/div><nav class=\"g-breadcrumbs separator_custom align_right\" itemscope itemtype=\"http:\/\/schema.org\/BreadcrumbList\"><div class=\"g-breadcrumbs-item\" itemscope itemprop=\"itemListElement\" itemtype=\"http:\/\/schema.org\/ListItem\"><a itemprop=\"item\" href=\"https:\/\/www.whitening.life\/en\/\"><span itemprop=\"name\">Home<\/span><\/a><meta itemprop=\"position\" content=\"1\"\/><\/div><div class=\"g-breadcrumbs-separator\">\/<\/div><div class=\"g-breadcrumbs-item\">Pages<\/div><\/nav><\/div><\/div><\/div><div class=\"w-separator size_medium\"><\/div><\/div><\/div><\/div><\/div><\/section><section class=\"l-section wpb_row height_medium\"><div class=\"l-section-h i-cf\"><div class=\"g-cols vc_row via_grid cols_1 laptops-cols_inherit tablets-cols_inherit mobiles-cols_1 valign_top type_default stacking_default\"><div class=\"wpb_column vc_column_container\"><div class=\"vc_column-inner\"><div class=\"w-image us_custom_575b987f us_animate_this align_center\"><div class=\"w-image-h\"><img decoding=\"async\" width=\"450\" height=\"300\" src=\"https:\/\/www.whitening.life\/wp-content\/uploads\/2023\/04\/WhiteningStartupper.jpg\" class=\"attachment-full size-full\" alt=\"Whitening Startupper\" loading=\"lazy\" \/><\/div><\/div><div class=\"wpb_text_column us_custom_580cd0b8 us_animate_this\"><div class=\"wpb_wrapper\"><p>In Whitening definiamo <strong>StartUpper<\/strong> qualsiasi persona che intenda avviare una attivit\u00e0.<\/p>\n<p>In realt\u00e0 nel mercato attuale sempre pi\u00f9 V.U.C.A. ogni imprenditore e libero professionista dovrebbe considerarsi uno startupper,\u00a0indipendentemente da quanta esperienza abbia accumulato e da quanta strada abbia percorso.<\/p>\n<h6>Se quindi vuoi aprire una tua attivit\u00e0 e metterti in proprio sei nel posto giusto.<\/h6>\n<p>Immagino che tu abbia gi\u00e0 sentito frasi non proprio incoraggianti come \u201cchi te lo fa fare\u201d, \u201caccontentati\u201d, \u201clascia perdere, \u00e8 troppo difficile\u201d. Spesso sono commenti che provengono da chi questa spinta imprenditoriale o a scommettere su un&#8217;attivit\u00e0 individuale non l&#8217;ha mai avuta&#8230; quindi non ha alcuna esperienza per consigliarti su una cosa che non ha mai sperimentato.<\/p>\n<p>Sappiamo bene come queste parole possano far sentire: spesso \u00e8 un misto di paura, inadeguatezza, preoccupazione, sfiducia.<\/p>\n<p>Sebbene sia difficile, non ascoltarle: l\u2019esperienza imprenditoriale, che inizia quasi sempre con una cosa molto semplice e assolutamente indolore come l\u2019apertura della partita IVA, \u00e8 un&#8217;esperienza straordinaria che pu\u00f2 aprirti porte dove ora vedi solo muri e pu\u00f2 tirarti fuori risorse che nemmeno pensavi di avere.<\/p>\n<p>Perch\u00e9 la partita IVA \u00e8 un mezzo molto potente, con regole semplici (anche se non facili).<\/p>\n<p>Nella nostra esperienza di oltre 15 anni nella consulenza strategica d\u2019impresa abbiamo ascoltato molte domande ricorrenti: \u201cDa dove comincio?, \u201cFunzioner\u00e0?\u201d, \u201cRiuscir\u00f2 a vivere con questa attivit\u00e0?\u201d, \u201cE se va male cosa faccio?\u201d, \u201cSu cosa devo concentrarmi all\u2019inizio?\u201d e via di questo passo.<\/p>\n<p>Sono domande che martellano e che ti capiter\u00e0 di rivolgere a persone che non sapranno come aiutarti, perch\u00e9 senza esperienza. Magari le hai fatte improvvidamente e qualche altro consulente ti ha fregato. Perch\u00e9 succede anche questo\u2026<\/p>\n<p>Ma il desiderio non ti ha lasciato, ed ora stai cercando una soluzione. E sei giunto qui.<\/p>\n<p>La prima cosa che vogliamo dirti \u00e8 meravigliosa e tremenda insieme: <strong>tu sei l&#8217;attore principale<\/strong>. Non la crisi, il mercato, i competitors, i clienti, <strong>ma tu<\/strong>.<\/p>\n<p>Perch\u00e9 la responsabilit\u00e0 \u00e8 dello startupper, e suoi sono il tempo, l&#8217;energia e le risorse economiche che vengono investite. E perch\u00e9 non trover\u00e0 mai nessuno che si prenda questa responsabilit\u00e0 al posto suo.<\/p>\n<p>Dipende da quanto ci si vuole mettere in gioco per crescere, da quante responsabilit\u00e0 ci si vuole assumere. Perch\u00e9 solo noi possiamo cambiare, sviluppare e guidare ci\u00f2 che abbiamo creato: lo ha ben descritto Flavio Flamini in un libro da poco edito dalla <a href=\"https:\/\/www.wisemansrl.com\/\" target=\"_blank\" rel=\"noopener\">Wiseman Publishing &amp; Video<\/a>, che si pu\u00f2 acquistare cliccando<a href=\"https:\/\/www.wisemansrl.com\/product\/basi-mindset-imprenditoriale\/\" target=\"_blank\" rel=\"noopener\"> qui<\/a>.<\/p>\n<\/div><\/div><div class=\"wpb_text_column us_custom_cd06a977 us_animate_this\"><div class=\"wpb_wrapper\"><h5>I Bisogni dello StartUpper<\/h5>\n<\/div><\/div><div class=\"wpb_text_column us_custom_580cd0b8 us_animate_this\"><div class=\"wpb_wrapper\"><p>Di solito i clienti che si rivolgono a noi e che intendono avviare una attivit\u00e0 ci manifestano questi bisogni:<\/p>\n<ol>\n<li>voglio fare tanti clienti (varianti: un margine alto, un buon fatturato, lavoro certo e assicurato, pi\u00f9 opportunit\u00e0), cio\u00e8 voglio crescere;<\/li>\n<li>ho idee chiare ma non so da dove cominciare e quali sono le priorit\u00e0 su cui concentrarmi;<\/li>\n<li>vorrei cominciare ma mancano i soldi per cominciare (quello del bisogno di capitali per cominciare \u00e8 un falso problema);<\/li>\n<li>vorrei avere pi\u00f9 coraggio, non me la sento.<\/li>\n<\/ol>\n<p>Se ti rispecchi nella quarta affermazione, forse non sei proprio convinto di questo passo e noi possiamo farci ben poco: se non ci credi tu, non ci creder\u00e0 nessuno.<\/p>\n<p>E non saranno utili neanche consulenti: non cercare nessun altro che ti aiuti, ti far\u00e0 solo spendere i soldi con la promessa di motivarti, di darti lui la motivazione che manca a te. Ma questo elemento lo puoi soltanto trovare in te stesso.<\/p>\n<p>Se invece leggendo le frasi dalla 1 alla 3\u00a0 ti sei sorpreso a pensare: &#8220;Ecco, questi sono proprio i miei dubbi&#8221; (o ti sono venute in mente altre domande pratiche su come avviare la tua attivit\u00e0), allora noi di Whitening possiamo aiutarti.<\/p>\n<p>E per farlo abbiamo moltissimi strumenti. Il primo \u00e8 completamente gratis. Cosa rischi?<\/p>\n<\/div><\/div><div class=\"wpb_text_column us_custom_a4310567 us_animate_this\"><div class=\"wpb_wrapper\"><h5>Cosa devo fare, per diventare uno StartUpper?<\/h5>\n<\/div><\/div><div class=\"wpb_text_column us_custom_5d4e8815 us_animate_this\"><div class=\"wpb_wrapper\"><p>Per ciascuno dei bisogni di cui abbiamo parlato (tranne che per il quarto: per quello nessuno tranne te pu\u00f2 fare qualcosa), esiste una soluzione:<\/p>\n<ul>\n<li>gi\u00e0 sperimentata con successo e quindi testata come efficace;<\/li>\n<li>semplice (ma non facile);<\/li>\n<li>garantita. Oppure rimborsata, <a href=\"https:\/\/www.whitening.life\/en\/risultati-o-rimborsati\/\">con un vero e proprio contratto<\/a>;<\/li>\n<\/ul>\n<p>Il primo gesto deve essere tuo, perch\u00e9 la tua motivazione deve muoversi per prima: noi pensiamo a raccontarti il nostro percorso e ad ascoltare le tue necessit\u00e0, ma insieme costruiremo il programma pi\u00f9 adatto per farti raggiungere i risultati che desideri.<\/p>\n<\/div><\/div><div class=\"wpb_text_column us_custom_cd06a977 us_animate_this\"><div class=\"wpb_wrapper\"><h5>Risultato o Rimborsato<\/h5>\n<\/div><\/div><div class=\"wpb_text_column us_custom_580cd0b8 us_animate_this\"><div class=\"wpb_wrapper\"><p>Whitening propone dei percorsi dedicati a chi, come te, vuole raggiungere risultati importati e ambiziosi o vuole migliorare la qualit\u00e0 complessiva della propria vita personale o lavorativa.<\/p>\n<p>Questi percorsi \u2013 e in questo crediamo di essere la prima realt\u00e0 di consulenza che lo fa \u2013 hanno risultati garantiti da un contratto di risultato del percorso #CrescitArmonica, cio\u00e8 da un accordo iniziale che vincola a risultati misurabili il pagamento della consulenza, garantendone il rimborso fino all\u201980% di quanto investito nel caso i risultati inizialmente fissati non fossero stati raggiunti.<\/p>\n<p>Tu sei tranquillo di non esserti affidato a consulenti fuffa, noi siamo certi del tuo impegno e quindi il percorso \u00e8 pi\u00f9 veloce e chiaro.<\/p>\n<\/div><\/div><div class=\"wpb_text_column us_custom_5d4e8815 us_animate_this\"><div class=\"wpb_wrapper\"><p>Per prima cosa, prenota una videocall a <a href=\"https:\/\/www.whitening.life\/en\/product\/free-webinar\/\">questo link<\/a>: potrai\u00a0 fare tutte le domande che vorrai a un consulente senior di Whitening come <a href=\"https:\/\/www.whitening.life\/en\/flavio-flamini\/\" target=\"_blank\" rel=\"noopener\">Flavio Flamini<\/a>, il direttore operativo della nostra azienda, o <a href=\"https:\/\/www.whitening.life\/en\/lara-menichetti\/\" target=\"_blank\" rel=\"noopener\">Lara Menichetti<\/a>\u00a0per l\u2019area Bandi e Formazione.<\/p>\n<p>Dai un volto alla nostra esperienza e inizia ora il tuo percorso!<\/p>\n<\/div><\/div><\/div><\/div><\/div><\/div><\/section>","protected":false},"excerpt":{"rendered":"StartUpper Home\/PagesIn Whitening definiamo StartUpper qualsiasi persona che intenda avviare una attivit\u00e0. In realt\u00e0 nel mercato attuale sempre pi\u00f9 V.U.C.A. ogni imprenditore e libero professionista dovrebbe considerarsi uno startupper,\u00a0indipendentemente da quanta esperienza abbia accumulato e da quanta strada abbia percorso. Se quindi vuoi aprire una tua attivit\u00e0 e metterti in proprio sei nel posto giusto....","protected":false},"author":1,"featured_media":312,"parent":0,"menu_order":0,"comment_status":"closed","ping_status":"closed","template":"","meta":{"_acf_changed":false,"footnotes":""},"class_list":["post-361","page","type-page","status-publish","has-post-thumbnail","hentry"],"acf":[],"jetpack_sharing_enabled":true,"_links":{"self":[{"href":"https:\/\/www.whitening.life\/en\/wp-json\/wp\/v2\/pages\/361","targetHints":{"allow":["GET"]}}],"collection":[{"href":"https:\/\/www.whitening.life\/en\/wp-json\/wp\/v2\/pages"}],"about":[{"href":"https:\/\/www.whitening.life\/en\/wp-json\/wp\/v2\/types\/page"}],"author":[{"embeddable":true,"href":"https:\/\/www.whitening.life\/en\/wp-json\/wp\/v2\/users\/1"}],"replies":[{"embeddable":true,"href":"https:\/\/www.whitening.life\/en\/wp-json\/wp\/v2\/comments?post=361"}],"version-history":[{"count":15,"href":"https:\/\/www.whitening.life\/en\/wp-json\/wp\/v2\/pages\/361\/revisions"}],"predecessor-version":[{"id":2776,"href":"https:\/\/www.whitening.life\/en\/wp-json\/wp\/v2\/pages\/361\/revisions\/2776"}],"wp:featuredmedia":[{"embeddable":true,"href":"https:\/\/www.whitening.life\/en\/wp-json\/wp\/v2\/media\/312"}],"wp:attachment":[{"href":"https:\/\/www.whitening.life\/en\/wp-json\/wp\/v2\/media?parent=361"}],"curies":[{"name":"wp","href":"https:\/\/api.w.org\/{rel}","templated":true}]}}