{"id":518,"date":"2023-04-19T14:24:06","date_gmt":"2023-04-19T12:24:06","guid":{"rendered":"http:\/\/192.168.1.12\/whitening\/?page_id=518"},"modified":"2025-10-30T12:09:39","modified_gmt":"2025-10-30T11:09:39","slug":"white-academy-2021","status":"publish","type":"page","link":"https:\/\/www.whitening.life\/en\/white-academy-2021\/","title":{"rendered":"White Academy 2021"},"content":{"rendered":"<section class=\"l-section wpb_row us_custom_e00860e6 height_small width_full\"><div class=\"l-section-h i-cf\"><div class=\"g-cols vc_row via_grid cols_1 laptops-cols_inherit tablets-cols_inherit mobiles-cols_1 valign_top type_default stacking_default\"><div class=\"wpb_column vc_column_container\"><div class=\"vc_column-inner\"><div class=\"g-cols wpb_row via_grid cols_2-1 laptops-cols_inherit tablets-cols_inherit mobiles-cols_1 valign_top type_default stacking_default\" style=\"--columns-gap:3rem;\"><div class=\"wpb_column vc_column_container\"><div class=\"vc_column-inner\"><div class=\"w-separator size_medium\"><\/div><div class=\"wpb_text_column us_custom_5399c4f5\"><div class=\"wpb_wrapper\"><h1 style=\"text-align: left;\">White Academy 2021<\/h1>\n<\/div><\/div><\/div><\/div><div class=\"wpb_column vc_column_container\"><div class=\"vc_column-inner\"><div class=\"w-separator size_custom\" style=\"height:75px\"><\/div><nav class=\"g-breadcrumbs separator_custom align_right\" itemscope itemtype=\"http:\/\/schema.org\/BreadcrumbList\"><div class=\"g-breadcrumbs-item\" itemscope itemprop=\"itemListElement\" itemtype=\"http:\/\/schema.org\/ListItem\"><a itemprop=\"item\" href=\"https:\/\/www.whitening.life\/en\/\"><span itemprop=\"name\">Home<\/span><\/a><meta itemprop=\"position\" content=\"1\"\/><\/div><div class=\"g-breadcrumbs-separator\">\/<\/div><div class=\"g-breadcrumbs-item\">Pages<\/div><\/nav><\/div><\/div><\/div><div class=\"w-separator size_medium\"><\/div><\/div><\/div><\/div><\/div><\/section><section class=\"l-section wpb_row height_medium\"><div class=\"l-section-h i-cf\"><div class=\"g-cols vc_row via_grid cols_1 laptops-cols_inherit tablets-cols_inherit mobiles-cols_1 valign_top type_default stacking_default\"><div class=\"wpb_column vc_column_container\"><div class=\"vc_column-inner\"><div class=\"w-image us_custom_575b987f us_animate_this align_center\"><div class=\"w-image-h\"><img decoding=\"async\" width=\"600\" height=\"600\" src=\"https:\/\/www.whitening.life\/wp-content\/uploads\/2023\/04\/WhiteningWhiteAcademy2021a.jpg\" class=\"attachment-full size-full\" alt=\"Whitening White Academy 2021 a\" loading=\"lazy\" srcset=\"https:\/\/www.whitening.life\/wp-content\/uploads\/2023\/04\/WhiteningWhiteAcademy2021a.jpg 600w, https:\/\/www.whitening.life\/wp-content\/uploads\/2023\/04\/WhiteningWhiteAcademy2021a-300x300.jpg 300w, https:\/\/www.whitening.life\/wp-content\/uploads\/2023\/04\/WhiteningWhiteAcademy2021a-150x150.jpg 150w\" sizes=\"auto, (max-width: 600px) 100vw, 600px\" \/><\/div><\/div><div class=\"wpb_text_column us_custom_1b208af7 us_animate_this\"><div class=\"wpb_wrapper\"><p>White Academy \u00e8 una serie di percorsi formativi annuali, con cadenza bimestrale per il 2021, che ha l\u2019obiettivo di rendere concreta e utilizzabile la formazione nella vita aziendale.<\/p>\n<\/div><\/div><div class=\"wpb_text_column us_custom_580cd0b8 us_animate_this\"><div class=\"wpb_wrapper\"><p>\u00c8 differente dai tantissimi corsi presenti sul mercato non solo perch\u00e9 riguarda le soft skills necessarie al successo nel business, ma anche perch\u00e9 mira a coinvolgere l\u2019imprenditore, primo artefice del cambiamento e della crescita aziendale, ma anche le sue prime linee, cruciali nella crescita armonica in azienda.<span class=\"Apple-converted-space\">\u00a0<\/span><\/p>\n<p>Sono previsti esercizi, prove, role play e simulazioni perch\u00e9 la sola formazione teorica non basta per aiutarci a cambiare gli atteggiamenti inefficaci e poco produttivi. Poi, come dice sempre <a href=\"https:\/\/www.whitening.life\/en\/flavio-flamini\/\">Flavio Flamini<\/a>, se vuoi sapere solo la teoria comprati un libro: \u00e8 pi\u00f9 semplice, veloce ed economico!<\/p>\n<p>Inoltre, in un periodo complicato come quello che stiamo attraversando e che ci costringer\u00e0 a un anno \u201ca singhiozzo\u201d, Whitening ha pensato ad una <strong>modalit\u00e0 mista<\/strong>, convertibile in modo facile e veloce, costituita da moduli online (su piattaforma Zoom) e moduli on site (in presenza) cosicch\u00e9 tutta la formazione possa essere fruita in tranquillit\u00e0 e nel rispetto della legge.<\/p>\n<p>La White Academy \u00e8 composta di 4 percorsi:<\/p>\n<\/div><\/div><div class=\"wpb_text_column us_custom_1b208af7 us_animate_this\"><div class=\"wpb_wrapper\"><h5>White Academy Base: <strong>Fai crescere la tua impresa<\/strong><\/h5>\n<\/div><\/div><div class=\"wpb_text_column us_custom_580cd0b8 us_animate_this\"><div class=\"wpb_wrapper\"><p>\u00c8 il primo passo attraverso il quale imprenditore e collaboratore si confrontano con i tempi pi\u00f9 importanti per la strutturazione e la crescita aziendale.<\/p>\n<p>Pu\u00f2 essere erogata:<\/p>\n<ul>\n<li>On site, presso il cliente e in esclusiva per lui, e completamente personalizzabile nella cadenza.<\/li>\n<li>On site presso gli uffici Whitening o presso location comode e facile da raggiungere, con la partecipazione di pi\u00f9 aziende.<\/li>\n<li>Online tramite piattaforma <a href=\"https:\/\/zoom.us\/\" target=\"_blank\" rel=\"noopener\">Zoom<\/a>.<\/li>\n<\/ul>\n<p>Le modalit\u00e0 cambiamo molto a seconda della forma di erogazione.<\/p>\n<p>I sei passi sono i seguenti:<\/p>\n<ol>\n<li>L\u2019ingrediente indispensabile<\/li>\n<li>Come comunicare meglio<\/li>\n<li>Aumentare l\u2019autostima e l\u2019automotivazione nel business<\/li>\n<li>Finanziare la crescita, senza le banche<\/li>\n<li>Vendere \u00e8 indispensabile: come?<\/li>\n<li>Gestisci meglio tempo ed impegni<\/li>\n<\/ol>\n<\/div><\/div><div class=\"wpb_text_column us_custom_4d48b7e6 us_animate_this\"><div class=\"wpb_wrapper\"><h5>White Academy Avanzata: <strong>Metti il turbo<\/strong><\/h5>\n<\/div><\/div><div class=\"wpb_text_column us_custom_580cd0b8 us_animate_this\"><div class=\"wpb_wrapper\"><p>Sei appuntamenti annuali incentrati su argomenti fondamentali per la crescita della promozione dell&#8217;azienda:<\/p>\n<ol>\n<li>Budget e Piano economico finanziario: perch\u00e9?<\/li>\n<li>Il marketing ed\u00a0 i Social: opportunit\u00e0 o maledizione?<\/li>\n<li>Diventare Proattivi per\u00a0 cogliere le opportunit\u00e0<\/li>\n<li>Creare la rete commerciale: dal team working al network marketing<\/li>\n<li>Leadership e gestione delle persone<\/li>\n<li>Problem solving &amp; Execution<\/li>\n<\/ol>\n<\/div><\/div><div class=\"wpb_text_column us_custom_4d48b7e6 us_animate_this\"><div class=\"wpb_wrapper\"><h5>White Academy Lead: <strong>Diventa influente nel tuo ambiente<\/strong><\/h5>\n<\/div><\/div><div class=\"wpb_text_column us_custom_580cd0b8 us_animate_this\"><div class=\"wpb_wrapper\"><p>Sei appuntamenti annuali incentrati sulla leadership e come potenziarla:<\/p>\n<ol>\n<li>Le basi<\/li>\n<li>Una prima impressione<\/li>\n<li>La comunicazione carismatica<\/li>\n<li>La gestione emotiva ed i risultati misurabili<\/li>\n<li>\u201cTo Be The Best in\u201d: il leader motivazionale<\/li>\n<li>Premiare e riconoscere: massima aspirazione di un leader<\/li>\n<\/ol>\n<\/div><\/div><div class=\"wpb_text_column us_custom_4d48b7e6 us_animate_this\"><div class=\"wpb_wrapper\"><h5>White Academy Sell: <strong>(Re)Impara a vendere<\/strong><\/h5>\n<\/div><\/div><div class=\"wpb_text_column us_custom_580cd0b8 us_animate_this\"><div class=\"wpb_wrapper\"><p>Sei appuntamenti annuali incentrati sulle diverse sfaccettature dell&#8217;attivit\u00e0 di vendita:<\/p>\n<ol>\n<li>Dall\u2019atteggiamento di base al processo di vendita<\/li>\n<li>Tecniche di vendita: l\u2019Otre<\/li>\n<li>Tecniche di vendita: La Piramide Rovesciata, approccio<\/li>\n<li>Tecniche di vendita: La Piramide Rovesciata, indagine e stimolazione<\/li>\n<li>Tecniche di vendita: La Piramide Rovesciata, dall\u2019obiezione alla chiusura<\/li>\n<li>Prospecting: l\u2019arma segreta della produttivit\u00e0<\/li>\n<\/ol>\n<\/div><\/div><div class=\"wpb_text_column us_custom_957da99a us_animate_this\"><div class=\"wpb_wrapper\"><blockquote>\n<p style=\"text-align: center;\">\u201cI pi\u00f9 grandi produttori di ricchezza sono diventati l\u2019informazione e la conoscenza\u201d<\/p>\n<\/blockquote>\n<\/div><\/div><div class=\"wpb_text_column us_custom_2ca18047 us_animate_this\"><div class=\"wpb_wrapper\"><p style=\"text-align: right;\"><a href=\"https:\/\/it.wikipedia.org\/wiki\/Peter_Drucker\" target=\"_blank\" rel=\"noopener\">Peter Drucker<\/a><\/p>\n<\/div><\/div><div class=\"wpb_text_column us_custom_0ea72ba8 us_animate_this\"><div class=\"wpb_wrapper\"><p>Un format, quello della White Academy, nato dal confronto continuo che\u00a0<a href=\"https:\/\/whitening.life\/en\/homepage\/\" target=\"_blank\" rel=\"noopener\">Whitening<\/a> ha con i propri clienti, indispensabile per ottenere risultati concreti e, in fondo, la vita che desideri, #lifethatmatters.<\/p>\n<\/div><\/div><\/div><\/div><\/div><\/div><\/section>","protected":false},"excerpt":{"rendered":"White Academy 2021 Home\/PagesWhite Academy \u00e8 una serie di percorsi formativi annuali, con cadenza bimestrale per il 2021, che ha l\u2019obiettivo di rendere concreta e utilizzabile la formazione nella vita aziendale. \u00c8 differente dai tantissimi corsi presenti sul mercato non solo perch\u00e9 riguarda le soft skills necessarie al successo nel business, ma anche perch\u00e9 mira...","protected":false},"author":1,"featured_media":521,"parent":0,"menu_order":0,"comment_status":"closed","ping_status":"closed","template":"","meta":{"_acf_changed":false,"footnotes":""},"class_list":["post-518","page","type-page","status-publish","has-post-thumbnail","hentry"],"acf":[],"jetpack_sharing_enabled":true,"_links":{"self":[{"href":"https:\/\/www.whitening.life\/en\/wp-json\/wp\/v2\/pages\/518","targetHints":{"allow":["GET"]}}],"collection":[{"href":"https:\/\/www.whitening.life\/en\/wp-json\/wp\/v2\/pages"}],"about":[{"href":"https:\/\/www.whitening.life\/en\/wp-json\/wp\/v2\/types\/page"}],"author":[{"embeddable":true,"href":"https:\/\/www.whitening.life\/en\/wp-json\/wp\/v2\/users\/1"}],"replies":[{"embeddable":true,"href":"https:\/\/www.whitening.life\/en\/wp-json\/wp\/v2\/comments?post=518"}],"version-history":[{"count":25,"href":"https:\/\/www.whitening.life\/en\/wp-json\/wp\/v2\/pages\/518\/revisions"}],"predecessor-version":[{"id":2787,"href":"https:\/\/www.whitening.life\/en\/wp-json\/wp\/v2\/pages\/518\/revisions\/2787"}],"wp:featuredmedia":[{"embeddable":true,"href":"https:\/\/www.whitening.life\/en\/wp-json\/wp\/v2\/media\/521"}],"wp:attachment":[{"href":"https:\/\/www.whitening.life\/en\/wp-json\/wp\/v2\/media?parent=518"}],"curies":[{"name":"wp","href":"https:\/\/api.w.org\/{rel}","templated":true}]}}