{"id":559,"date":"2023-04-19T15:31:31","date_gmt":"2023-04-19T13:31:31","guid":{"rendered":"http:\/\/192.168.1.12\/whitening\/?page_id=559"},"modified":"2026-02-10T12:23:19","modified_gmt":"2026-02-10T11:23:19","slug":"chi-siamo","status":"publish","type":"page","link":"https:\/\/www.whitening.life\/en\/chi-siamo\/","title":{"rendered":"About Us"},"content":{"rendered":"<section class=\"l-section wpb_row us_custom_e00860e6 height_small width_full\"><div class=\"l-section-h i-cf\"><div class=\"g-cols vc_row via_grid cols_1 laptops-cols_inherit tablets-cols_inherit mobiles-cols_1 valign_top type_default stacking_default\"><div class=\"wpb_column vc_column_container\"><div class=\"vc_column-inner\"><div class=\"g-cols wpb_row via_grid cols_2-1 laptops-cols_inherit tablets-cols_inherit mobiles-cols_1 valign_top type_default stacking_default\" style=\"--columns-gap:3rem;\"><div class=\"wpb_column vc_column_container\"><div class=\"vc_column-inner\"><div class=\"w-separator size_medium\"><\/div><div class=\"wpb_text_column us_custom_5399c4f5\"><div class=\"wpb_wrapper\"><h1 style=\"text-align: left;\">Chi siamo<\/h1>\n<\/div><\/div><\/div><\/div><div class=\"wpb_column vc_column_container\"><div class=\"vc_column-inner\"><div class=\"w-separator size_custom\" style=\"height:75px\"><\/div><nav class=\"g-breadcrumbs separator_custom align_right\" itemscope itemtype=\"http:\/\/schema.org\/BreadcrumbList\"><div class=\"g-breadcrumbs-item\" itemscope itemprop=\"itemListElement\" itemtype=\"http:\/\/schema.org\/ListItem\"><a itemprop=\"item\" href=\"https:\/\/www.whitening.life\/en\/\"><span itemprop=\"name\">Home<\/span><\/a><meta itemprop=\"position\" content=\"1\"\/><\/div><div class=\"g-breadcrumbs-separator\">\/<\/div><div class=\"g-breadcrumbs-item\">Pages<\/div><\/nav><\/div><\/div><\/div><div class=\"w-separator size_medium\"><\/div><\/div><\/div><\/div><\/div><\/section><section class=\"l-section wpb_row height_medium\"><div class=\"l-section-h i-cf\"><div class=\"g-cols vc_row via_grid cols_2-1 laptops-cols_inherit tablets-cols_inherit mobiles-cols_1 valign_top type_default stacking_default\"><div class=\"wpb_column vc_column_container us_custom_575b987f us_animate_this\"><div class=\"vc_column-inner\"><div class=\"w-image align_center\"><div class=\"w-image-h\"><img decoding=\"async\" width=\"800\" height=\"617\" src=\"https:\/\/www.whitening.life\/wp-content\/uploads\/2023\/04\/WhiteningStaff.jpg\" class=\"attachment-full size-full\" alt=\"WhiteningStaff Chi siamo\" loading=\"lazy\" srcset=\"https:\/\/www.whitening.life\/wp-content\/uploads\/2023\/04\/WhiteningStaff.jpg 800w, https:\/\/www.whitening.life\/wp-content\/uploads\/2023\/04\/WhiteningStaff-600x463.jpg 600w\" sizes=\"auto, (max-width: 800px) 100vw, 800px\" \/><\/div><\/div><div class=\"wpb_text_column us_custom_580cd0b8 us_animate_this\"><div class=\"wpb_wrapper\"><p>\u00c8 fondamentale sapere chi siamo: lo \u00e8 per ognuno di noi, in senso psicologico e ideale, ma anche in concreto.<\/p>\n<p>Un pilastro della nostra azienda \u00e8 infatti formare e consigliare i nostri clienti esclusivamente in aree dove si \u00e8 dimostrato un successo concreto e misurabile. \u00c8 ci\u00f2 che dovrebbe fare <a href=\"https:\/\/www.whitening.life\/cosa-facciamo\/\">un&#8217;azienda di consulenza<\/a>. Diffidiamo da sempre di chi racconta passi che non ha compiuto, o attivit\u00e0 che non ha svolto. O successi che non ha ottenuto.<\/p>\n<h5>Per essere credibile, un consulente deve:<\/h5>\n<ul>\n<li>Formare su passi che ha gi\u00e0 compiuto con successo<\/li>\n<li>Affiancare in attivit\u00e0 che ha gi\u00e0 svolto con profitto<\/li>\n<li>Sviluppare percorsi che ha gi\u00e0 affrontato<\/li>\n<\/ul>\n<p>Altrimenti le sue parole non avranno molto valore. E di gente che parla \u00e8 pieno il mondo.<\/p>\n<p>A maggior ragione questo deve valere per una societ\u00e0 di consulenza: per questo in Whitening un consulente deve aver fatto ci\u00f2 che dice di fare, deve aver raggiunto i risultati che ti promette, deve aver gi\u00e0 fatto i percorsi che ti propone.<\/p>\n<p><a href=\"https:\/\/www.whitening.life\/codice-di-condotta\/\">E per questo ci siamo dotati di un codice etico di condotta, pubblico<\/a><\/p>\n<p>Altrimenti non \u00e8 credibile. <strong>E se non \u00e8 credibile, allora \u00e8 pi\u00f9 veloce, semplice ed economicamente conveniente leggersi un libro<\/strong>.<\/p>\n<p>Per questo in origine \u00e8 nata Whitening s.r.l.<\/p>\n<p>Whitening \u00e8 il contenitore nato per<\/p>\n<ul>\n<li>fornire un servizio di formazione, consulenza e affiancamento pi\u00f9 libero, senza vincoli e preconcetti perch\u00e9 guidato dai risultati, non da una qualsiasi ideologia;<\/li>\n<li>aggregare in modo stabile o fluido diverse professionalit\u00e0 e diversi profili che collaborazione alla costruzione del percorso di crescita dei clienti;<\/li>\n<li>sperimentare tecniche e tecnologie da riportare, testare, ai clienti;<\/li>\n<li>sviluppare linee di business differenti (diversificazione) e profili differenti (contaminazione). Ecco quindi\u00a0<a href=\"https:\/\/www.wisemansrl.com\/wiseman\/\" target=\"_blank\" rel=\"noopener\">l\u2019impegno nell\u2019editoria<\/a>\u00a0e\u00a0nel mondo informatico in generale e di internet in particolare<\/li>\n<\/ul>\n<p>Oltre a \u201ccrescere in margine e fatturato\u201d, perch\u00e9 una partita iva \u00e8 naturalmente il collo di bottiglia di se stesso.<\/p>\n<p><a href=\"https:\/\/it.wikipedia.org\/wiki\/Robert_Kiyosaki\" target=\"_blank\" rel=\"noopener\">Robert Kiyosaki,<\/a> nel suo bestseller \u201c<a href=\"https:\/\/www.amazon.it\/quadranti-cashflow-Guida-libert%C3%A0-finanziaria\/dp\/887152778X\" target=\"_blank\" rel=\"noopener\">I quadranti del cashflow<\/a>\u201d, scrive che il passaggio dai quadranti di sinistra a quelli di destra \u00e8 il pi\u00f9 difficile: proprio per questo intendiamo perseguire con tenacia e perseveranza questo passaggio, per poterlo insegnare ai nostri clienti in modo che possano a loro volta farlo in serenit\u00e0.<\/p>\n<\/div><\/div><div class=\"wpb_text_column us_custom_957da99a us_animate_this\"><div class=\"wpb_wrapper\"><p>Ecco chi siamo.<\/p>\n<\/div><\/div><div class=\"wpb_text_column us_custom_2ca18047 us_animate_this\"><div class=\"wpb_wrapper\"><p>E con tutti i nostri limiti ed i nostri errori, ne siamo fieri.<\/p>\n<\/div><\/div><div class=\"g-cols wpb_row us_custom_2ef92fc2 us_animate_this via_grid cols_3 laptops-cols_inherit tablets-cols_inherit mobiles-cols_1 valign_top type_default stacking_default\" style=\"--columns-gap:3rem;\"><div class=\"wpb_column vc_column_container\"><div class=\"vc_column-inner\"><div class=\"w-image align_center\"><a title=\"Flavio Flamini\" href=\"https:\/\/www.whitening.life\/flavio-flamini\/\" aria-label=\"WhiteningFlavioFlaminiMin\" class=\"w-image-h\"><img decoding=\"async\" width=\"175\" height=\"175\" src=\"https:\/\/www.whitening.life\/wp-content\/uploads\/2023\/04\/WhiteningFlavioFlaminiMin.jpg\" class=\"attachment-full size-full\" alt=\"WhiteningFlavioFlaminiMin\" loading=\"lazy\" srcset=\"https:\/\/www.whitening.life\/wp-content\/uploads\/2023\/04\/WhiteningFlavioFlaminiMin.jpg 175w, https:\/\/www.whitening.life\/wp-content\/uploads\/2023\/04\/WhiteningFlavioFlaminiMin-150x150.jpg 150w\" sizes=\"auto, (max-width: 175px) 100vw, 175px\" \/><\/a><\/div><div class=\"wpb_text_column us_custom_b2452879\"><div class=\"wpb_wrapper\"><p style=\"text-align: center;\">Flavio Flamini<br \/>\nAmministratore e Consulente<\/p>\n<\/div><\/div><\/div><\/div><div class=\"wpb_column vc_column_container\"><div class=\"vc_column-inner\"><div class=\"w-image align_center\"><a title=\"Lara Menichetti\" href=\"https:\/\/www.whitening.life\/lara-menichetti\/\" aria-label=\"WhiteningLaraMenichettiMin\" class=\"w-image-h\"><img decoding=\"async\" width=\"175\" height=\"175\" src=\"https:\/\/www.whitening.life\/wp-content\/uploads\/2023\/04\/WhiteningLaraMenichettiMin.jpg\" class=\"attachment-full size-full\" alt=\"WhiteningLaraMenichettiMin\" loading=\"lazy\" srcset=\"https:\/\/www.whitening.life\/wp-content\/uploads\/2023\/04\/WhiteningLaraMenichettiMin.jpg 175w, https:\/\/www.whitening.life\/wp-content\/uploads\/2023\/04\/WhiteningLaraMenichettiMin-150x150.jpg 150w\" sizes=\"auto, (max-width: 175px) 100vw, 175px\" \/><\/a><\/div><div class=\"wpb_text_column us_custom_b2452879\"><div class=\"wpb_wrapper\"><p style=\"text-align: center;\">Lara Menichetti<br \/>\nPDA Specialist<br \/>\nSegretaria Organizzativa<\/p>\n<\/div><\/div><\/div><\/div><div class=\"wpb_column vc_column_container\"><div class=\"vc_column-inner\"><div class=\"w-image align_center\"><a title=\"Ilaria Stirati\" href=\"https:\/\/www.whitening.life\/ilaria-stirati\/\" aria-label=\"WhiteningIlariaStiratiMin\" class=\"w-image-h\"><img decoding=\"async\" width=\"175\" height=\"175\" src=\"https:\/\/www.whitening.life\/wp-content\/uploads\/2023\/04\/WhiteningIlariaStiratiMin.jpg\" class=\"attachment-full size-full\" alt=\"WhiteningIlariaStiratiMin\" loading=\"lazy\" srcset=\"https:\/\/www.whitening.life\/wp-content\/uploads\/2023\/04\/WhiteningIlariaStiratiMin.jpg 175w, https:\/\/www.whitening.life\/wp-content\/uploads\/2023\/04\/WhiteningIlariaStiratiMin-150x150.jpg 150w\" sizes=\"auto, (max-width: 175px) 100vw, 175px\" \/><\/a><\/div><div class=\"wpb_text_column us_custom_b2452879\"><div class=\"wpb_wrapper\"><p style=\"text-align: center;\">Ilaria Stirati<br \/>\nComunicazione e<br \/>\nSocial Media Marketing<\/p>\n<\/div><\/div><\/div><\/div><\/div><div class=\"g-cols wpb_row us_custom_e22520b9 us_animate_this via_grid cols_3 laptops-cols_inherit tablets-cols_inherit mobiles-cols_1 valign_top type_default stacking_default\" style=\"--columns-gap:3rem;\"><div class=\"wpb_column vc_column_container\"><div class=\"vc_column-inner\"><div class=\"w-image align_center\"><a title=\"Valentina Dragoni\" href=\"https:\/\/www.whitening.life\/valentina-dragoni\/\" aria-label=\"WhiteningValentinaDragoniMin\" class=\"w-image-h\"><img decoding=\"async\" width=\"175\" height=\"175\" src=\"https:\/\/www.whitening.life\/wp-content\/uploads\/2023\/04\/WhiteningValentinaDragoniMin.jpg\" class=\"attachment-full size-full\" alt=\"WhiteningValentinaDragoniMin\" loading=\"lazy\" srcset=\"https:\/\/www.whitening.life\/wp-content\/uploads\/2023\/04\/WhiteningValentinaDragoniMin.jpg 175w, https:\/\/www.whitening.life\/wp-content\/uploads\/2023\/04\/WhiteningValentinaDragoniMin-150x150.jpg 150w\" sizes=\"auto, (max-width: 175px) 100vw, 175px\" \/><\/a><\/div><div class=\"wpb_text_column us_custom_b2452879\"><div class=\"wpb_wrapper\"><p style=\"text-align: center;\">Valentina Dragoni<br \/>\nCopy, SEO e SEM<\/p>\n<\/div><\/div><\/div><\/div><div class=\"wpb_column vc_column_container\"><div class=\"vc_column-inner\"><div class=\"w-image align_center\"><a title=\"Luca Tomassi\" href=\"https:\/\/www.whitening.life\/luca-tomassi\/\" aria-label=\"WhiteningLucaTomassiMin\" class=\"w-image-h\"><img decoding=\"async\" width=\"175\" height=\"175\" src=\"https:\/\/www.whitening.life\/wp-content\/uploads\/2023\/04\/WhiteningLucaTomassiMin.jpg\" class=\"attachment-full size-full\" alt=\"WhiteningLucaTomassiMin\" loading=\"lazy\" srcset=\"https:\/\/www.whitening.life\/wp-content\/uploads\/2023\/04\/WhiteningLucaTomassiMin.jpg 175w, https:\/\/www.whitening.life\/wp-content\/uploads\/2023\/04\/WhiteningLucaTomassiMin-150x150.jpg 150w\" sizes=\"auto, (max-width: 175px) 100vw, 175px\" \/><\/a><\/div><div class=\"wpb_text_column us_custom_b2452879\"><div class=\"wpb_wrapper\"><p style=\"text-align: center;\">Luca Tomassi<br \/>\nProject Manager<br \/>\nVideoMarketing<\/p>\n<\/div><\/div><\/div><\/div><div class=\"wpb_column vc_column_container\"><div class=\"vc_column-inner\"><div class=\"w-image align_center\"><a title=\"Andrea Ragnacci\" href=\"https:\/\/www.whitening.life\/andrea-ragnacci\/\" aria-label=\"WhiteningAndreaRagnacci2min\" class=\"w-image-h\"><img decoding=\"async\" width=\"175\" height=\"175\" src=\"https:\/\/www.whitening.life\/wp-content\/uploads\/2023\/04\/WhiteningAndreaRagnacci2min.jpg\" class=\"attachment-full size-full\" alt=\"WhiteningAndreaRagnacci2min\" loading=\"lazy\" srcset=\"https:\/\/www.whitening.life\/wp-content\/uploads\/2023\/04\/WhiteningAndreaRagnacci2min.jpg 175w, https:\/\/www.whitening.life\/wp-content\/uploads\/2023\/04\/WhiteningAndreaRagnacci2min-150x150.jpg 150w\" sizes=\"auto, (max-width: 175px) 100vw, 175px\" \/><\/a><\/div><div class=\"wpb_text_column us_custom_b2452879\"><div class=\"wpb_wrapper\"><p style=\"text-align: center;\">Andrea Ragnacci<br \/>\nBusiness Coach<br \/>\nEsperto in gestione finanziaria<br \/>\ne controllo di gestione<\/p>\n<\/div><\/div><\/div><\/div><\/div><div class=\"g-cols wpb_row us_custom_e22520b9 us_animate_this via_grid cols_3 laptops-cols_inherit tablets-cols_inherit mobiles-cols_1 valign_top type_default stacking_default\" style=\"--columns-gap:3rem;\"><div class=\"wpb_column vc_column_container\"><div class=\"vc_column-inner\"><div class=\"w-image align_center\"><a title=\"Davide Ramenghi\" href=\"https:\/\/www.whitening.life\/davide-ramenghi\/\" aria-label=\"WhiteningDavideRamenghi2min\" class=\"w-image-h\"><img decoding=\"async\" width=\"175\" height=\"175\" src=\"https:\/\/www.whitening.life\/wp-content\/uploads\/2023\/05\/WhiteningDavideRamenghimin.jpg\" class=\"attachment-full size-full\" alt=\"WhiteningDavideRamenghi2min\" loading=\"lazy\" srcset=\"https:\/\/www.whitening.life\/wp-content\/uploads\/2023\/05\/WhiteningDavideRamenghimin.jpg 175w, https:\/\/www.whitening.life\/wp-content\/uploads\/2023\/05\/WhiteningDavideRamenghimin-150x150.jpg 150w\" sizes=\"auto, (max-width: 175px) 100vw, 175px\" \/><\/a><\/div><div class=\"wpb_text_column us_custom_b2452879\"><div class=\"wpb_wrapper\"><p style=\"text-align: center;\">Davide Ramenghi<br \/>\nPsicologo del Lavoro<br \/>\nspecializzato in Head Hunting<br \/>\ne Valutazione dello Stress Lavoro Correlato<\/p>\n<\/div><\/div><\/div><\/div><div class=\"wpb_column vc_column_container\"><div class=\"vc_column-inner\"><\/div><\/div><div class=\"wpb_column vc_column_container\"><div class=\"vc_column-inner\"><\/div><\/div><\/div><\/div><\/div><div class=\"wpb_column vc_column_container us_custom_575b987f us_animate_this\"><div class=\"vc_column-inner\"><div class=\"w-search us-field-style_1 us_custom_15f9d3f2 layout_simple iconpos_right\"><div class=\"w-search-form\"><form class=\"w-form-row for_text\" role=\"search\" action=\"https:\/\/www.whitening.life\/en\/\" method=\"get\"><div class=\"w-form-row-field\"><input type=\"text\" name=\"s\" placeholder=\"Search\" aria-label=\"Search\" value\/><\/div><button class=\"w-search-form-btn w-btn\" type=\"submit\" aria-label=\"Search\" style=\"--icon-size:18px;\"><i class=\"fas fa-search\"><\/i><\/button><\/form><\/div><\/div><div class=\"w-grid us_grid type_grid layout_testimonial_1 cols_1 preload_style_spinner\" id=\"us_grid_1\" style=\"--columns:1;--gap:1.5rem;\" data-filterable=\"true\"><style>.layout_testimonial_1 .w-grid-item-h{}.layout_testimonial_1 .usg_vwrapper_1{transition-duration:0.3s;transform-origin:50% 50%;transform:scale(1) translate(0%,0%)}.layout_testimonial_1 .w-grid-item-h:focus-within .usg_vwrapper_1,.layout_testimonial_1 .w-grid-item-h:hover .usg_vwrapper_1{transform:scale(1) translate(0%,0%);opacity:1;border-color:var(--color-content-primary)!important}.layout_testimonial_1 .usg_vwrapper_1{border-radius:var(--site-border-radius)!important;padding:2rem!important;border:2px solid var(--color-content-border)!important}.layout_testimonial_1 .usg_hwrapper_1{margin-bottom:1rem!important}.layout_testimonial_1 .usg_post_image_1{width:4rem!important;margin-left:0!important;margin-right:1rem!important}.layout_testimonial_1 .usg_post_custom_field_1{font-weight:700!important;line-height:1.5!important;margin-bottom:0!important}.layout_testimonial_1 .usg_post_custom_field_2{color:var(--color-content-faded)!important;font-size:0.9rem!important;line-height:1.5!important}.layout_testimonial_1 .usg_post_custom_field_3{color:var(--color-content-primary)!important}<\/style><div class=\"w-grid-list\">\t<article class=\"w-grid-item size_1x1 post-995 post type-post status-publish format-standard hentry category-frase-del-mese\" data-id=\"995\">\r\n\t\t<div class=\"w-grid-item-h\">\r\n\t\t\t\t\t\t<div class=\"w-vwrapper usg_vwrapper_1 align_none valign_top\" style=\"--vwrapper-gap:0.7rem\"><div class=\"w-post-elm post_content usg_post_content_1\"><h5>Frase del mese per Aprile 2026:<\/h5>\n<p class=\"p1\">&#8220;Sai una cosa? Certe persone non vogliono essere salvate. Perch\u00e8 la salvezza implica un cambiamento. Ed il cambiamento richiede uno sforzo maggiore del restare uguali. Occorre coraggio per guardarsi allo specchio e vedere oltre il proprio riflesso&#8221;<\/p>\n<p class=\"p1\">tratta dal fumetto\/film<span>\u00a0<\/span><strong class=\"Yjhzub\" data-sfc-root=\"c\" data-sfc-cb=\"\" data-processed=\"true\">&#8220;Il Cavaliere Oscuro&#8221; (The Dark Knight, 2008)<\/strong><span>, scritta dallo sceneggiatore\u00a0<\/span><a href=\"https:\/\/it.wikipedia.org\/wiki\/Grant_Morrison\" target=\"_blank\" rel=\"noopener\"><mark class=\"HxTRcb\" data-sfc-root=\"c\" data-sfc-cb=\"\" data-processed=\"true\"><span jsaction=\"rcuQ6b:&amp;EqaB3e_h|npT2md\" jscontroller=\"CCvEPd\" data-sfc-root=\"c\" jsuid=\"EqaB3e_h\" data-wiz-uids=\"EqaB3e_i\" data-sfc-cb=\"\" data-processed=\"true\">Grant Morrison<\/span><\/mark><\/a><\/p>\n<\/div><div class=\"w-hwrapper usg_hwrapper_1 align_none valign_middle\" style=\"--hwrapper-gap:1.2rem\"><div class=\"w-vwrapper usg_vwrapper_2 align_none valign_top\" style=\"--vwrapper-gap:0.7rem\"><div class=\"w-post-elm post_custom_field usg_post_custom_field_1 type_text us_testimonial_author\"><span class=\"w-post-elm-value\"><\/span><\/div><div class=\"w-post-elm post_custom_field usg_post_custom_field_2 has_text_color type_text us_testimonial_role color_link_inherit\"><span class=\"w-post-elm-value\"><\/span><\/div><\/div><\/div><\/div>\t\t<\/div>\r\n\t\t\t<\/article>\r\n<\/div>\t<div class=\"w-grid-preloader\">\r\n\t\t<div class=\"g-preloader type_1\">\r\n\t\t\t<div><\/div>\r\n\t\t<\/div>\r\n\t<\/div>\r\n\t\t<div class=\"w-grid-json hidden\" onclick='return {&quot;action&quot;:&quot;us_ajax_grid&quot;,&quot;infinite_scroll&quot;:0,&quot;max_num_pages&quot;:1,&quot;pagination&quot;:&quot;none&quot;,&quot;template_vars&quot;:{&quot;columns&quot;:&quot;1&quot;,&quot;exclude_items&quot;:&quot;none&quot;,&quot;img_size&quot;:&quot;default&quot;,&quot;ignore_items_size&quot;:0,&quot;items_layout&quot;:&quot;testimonial_1&quot;,&quot;items_offset&quot;:&quot;1&quot;,&quot;load_animation&quot;:&quot;none&quot;,&quot;overriding_link&quot;:&quot;{\\&quot;url\\&quot;:\\&quot;\\&quot;}&quot;,&quot;post_id&quot;:0,&quot;query_args&quot;:{&quot;post_type&quot;:[&quot;post&quot;],&quot;tax_query&quot;:[{&quot;taxonomy&quot;:&quot;category&quot;,&quot;field&quot;:&quot;slug&quot;,&quot;terms&quot;:[&quot;frase-del-mese&quot;]}],&quot;post_status&quot;:[&quot;publish&quot;,&quot;acf-disabled&quot;],&quot;posts_per_page&quot;:&quot;1&quot;},&quot;orderby_query_args&quot;:{&quot;orderby&quot;:{&quot;date&quot;:&quot;DESC&quot;}},&quot;type&quot;:&quot;grid&quot;,&quot;us_grid_post_type&quot;:&quot;post&quot;,&quot;us_grid_ajax_index&quot;:1,&quot;us_grid_filter_query_string&quot;:null,&quot;us_grid_index&quot;:1,&quot;page_args&quot;:[]}}'><\/div>\r\n\t<\/div><div class=\"w-image us_custom_3b8f9481 align_center\"><a href=\"http:\/\/whitening.life\/whitening\/iscriviti-alla-newsletter\/\" aria-label=\"WhiteningNewsletter\" class=\"w-image-h\" target=\"_blank\" rel=\"noopener\"><img decoding=\"async\" width=\"188\" height=\"163\" src=\"https:\/\/www.whitening.life\/wp-content\/uploads\/2023\/04\/WhiteningNewsletter.jpg\" class=\"attachment-full size-full\" alt=\"WhiteningNewsletter\" loading=\"lazy\" \/><\/a><\/div><div class=\"wpb_text_column\"><div class=\"wpb_wrapper\"><h5>Articoli recenti<\/h5>\n<\/div><\/div><div class=\"w-grid us_grid us_custom_972c33a7 type_grid layout_blog_3 cols_1 preload_style_spinner\" id=\"us_grid_2\" style=\"--columns:1;--gap:1.5rem;\" data-filterable=\"true\"><style>.layout_blog_3 .w-grid-item-h{}<\/style><div class=\"w-grid-list\">\t<article class=\"w-grid-item size_1x1 post-3127 post type-post status-publish format-standard has-post-thumbnail hentry category-consulenza tag-marchio-dimpresa\" data-id=\"3127\">\r\n\t\t<div class=\"w-grid-item-h\">\r\n\t\t\t\t\t\t<div class=\"w-post-elm post_title usg_post_title_1 entry-title color_link_inherit\"><a href=\"https:\/\/www.whitening.life\/en\/marchio-impresa\/\">Marchio di impresa: cos\u2019\u00e8, perch\u00e9 registrarlo e quali rischi evitare<\/a><\/div>\t\t<\/div>\r\n\t\t\t<\/article>\r\n\t<article class=\"w-grid-item size_1x1 post-3087 post type-post status-publish format-standard has-post-thumbnail hentry category-etica tag-gratitudine\" data-id=\"3087\">\r\n\t\t<div class=\"w-grid-item-h\">\r\n\t\t\t\t\t\t<div class=\"w-post-elm post_title usg_post_title_1 entry-title color_link_inherit\"><a href=\"https:\/\/www.whitening.life\/en\/gratitudine\/\">Il potere della Gratitudine<\/a><\/div>\t\t<\/div>\r\n\t\t\t<\/article>\r\n\t<article class=\"w-grid-item size_1x1 post-3066 post type-post status-publish format-standard has-post-thumbnail hentry category-consulenza tag-industry-4-0 tag-servitizzazione\" data-id=\"3066\">\r\n\t\t<div class=\"w-grid-item-h\">\r\n\t\t\t\t\t\t<div class=\"w-post-elm post_title usg_post_title_1 entry-title color_link_inherit\"><a href=\"https:\/\/www.whitening.life\/en\/servitizzazione\/\">Servitizzazione: cos&#8217;\u00e8 e come si fa<\/a><\/div>\t\t<\/div>\r\n\t\t\t<\/article>\r\n\t<article class=\"w-grid-item size_1x1 post-3063 post type-post status-publish format-standard has-post-thumbnail hentry category-consulenza tag-architetto tag-assessment tag-pda tag-pompiere\" data-id=\"3063\">\r\n\t\t<div class=\"w-grid-item-h\">\r\n\t\t\t\t\t\t<div class=\"w-post-elm post_title usg_post_title_1 entry-title color_link_inherit\"><a href=\"https:\/\/www.whitening.life\/en\/architetto-o-pompiere\/\">Architetto o Pompiere?<\/a><\/div>\t\t<\/div>\r\n\t\t\t<\/article>\r\n\t<article class=\"w-grid-item size_1x1 post-2967 post type-post status-publish format-standard has-post-thumbnail hentry category-bandi-finanziamenti tag-bando tag-competenze-specialistiche tag-mimit\" data-id=\"2967\">\r\n\t\t<div class=\"w-grid-item-h\">\r\n\t\t\t\t\t\t<div class=\"w-post-elm post_title usg_post_title_1 entry-title color_link_inherit\"><a href=\"https:\/\/www.whitening.life\/en\/bando-sviluppo-competenze-pmi\/\">Bando MIMIT per lo sviluppo di competenze specialistiche delle PMI<\/a><\/div>\t\t<\/div>\r\n\t\t\t<\/article>\r\n<\/div>\t<div class=\"w-grid-preloader\">\r\n\t\t<div class=\"g-preloader type_1\">\r\n\t\t\t<div><\/div>\r\n\t\t<\/div>\r\n\t<\/div>\r\n\t\t<div class=\"w-grid-json hidden\" onclick='return {&quot;action&quot;:&quot;us_ajax_grid&quot;,&quot;infinite_scroll&quot;:0,&quot;max_num_pages&quot;:11,&quot;pagination&quot;:&quot;none&quot;,&quot;template_vars&quot;:{&quot;columns&quot;:&quot;1&quot;,&quot;exclude_items&quot;:&quot;none&quot;,&quot;img_size&quot;:&quot;default&quot;,&quot;ignore_items_size&quot;:0,&quot;items_layout&quot;:&quot;blog_3&quot;,&quot;items_offset&quot;:&quot;1&quot;,&quot;load_animation&quot;:&quot;none&quot;,&quot;overriding_link&quot;:&quot;{\\&quot;url\\&quot;:\\&quot;\\&quot;}&quot;,&quot;post_id&quot;:0,&quot;query_args&quot;:{&quot;post_type&quot;:[&quot;post&quot;],&quot;tax_query&quot;:[{&quot;taxonomy&quot;:&quot;category&quot;,&quot;field&quot;:&quot;slug&quot;,&quot;terms&quot;:[&quot;bandi-finanziamenti&quot;,&quot;consulenza&quot;,&quot;etica&quot;,&quot;formazione-manageriale&quot;,&quot;marketing-comunicazione&quot;,&quot;responsabilita&quot;,&quot;successo&quot;,&quot;superare-la-crisi&quot;,&quot;white-academy&quot;]}],&quot;post_status&quot;:[&quot;publish&quot;,&quot;acf-disabled&quot;],&quot;posts_per_page&quot;:&quot;5&quot;},&quot;orderby_query_args&quot;:{&quot;orderby&quot;:{&quot;date&quot;:&quot;DESC&quot;}},&quot;type&quot;:&quot;grid&quot;,&quot;us_grid_post_type&quot;:&quot;post&quot;,&quot;us_grid_ajax_index&quot;:2,&quot;us_grid_filter_query_string&quot;:null,&quot;us_grid_index&quot;:2,&quot;page_args&quot;:[]}}'><\/div>\r\n\t<\/div><\/div><\/div><\/div><\/div><\/section><section class=\"l-section wpb_row height_medium\"><div class=\"l-section-h i-cf\"><div class=\"g-cols vc_row via_grid cols_1 laptops-cols_inherit tablets-cols_inherit mobiles-cols_1 valign_top type_default stacking_default\"><div class=\"wpb_column vc_column_container\"><div class=\"vc_column-inner\"><div class=\"g-cols wpb_row us_custom_ec42ab45 via_grid cols_2 laptops-cols_inherit tablets-cols_inherit mobiles-cols_1 valign_middle type_default stacking_default\" style=\"--columns-gap:0px;\"><div class=\"wpb_column vc_column_container us_custom_2eb31b07\"><div class=\"vc_column-inner\"><div class=\"wpb_text_column us_custom_90db05bf\"><div class=\"wpb_wrapper\"><p>Iscriviti alla newsletter per ricevere informazioni<\/p>\n<\/div><\/div><div class=\"wpb_text_column us_custom_2ae65f69\"><div class=\"wpb_wrapper\"><p>Massimizza subito le tue risorse con la consulenza di un coach esperto e impara subito a gestire al meglio i tuoi processi aziendali<\/p>\n<\/div><\/div><\/div><\/div><div class=\"wpb_column vc_column_container us_custom_8665cf32\"><div class=\"vc_column-inner\"><div class=\"w-btn-wrapper align_center\"><a class=\"w-btn us-btn-style_1\" title=\"Iscriviti alla newsletter\" href=\"http:\/\/whitening.life\/whitening\/iscriviti-alla-newsletter\/\" target=\"_blank\" rel=\"noopener\"><span class=\"w-btn-label\">ISCRIVITI ALLA NEWSLETTER<\/span><\/a><\/div><\/div><\/div><\/div><\/div><\/div><\/div><\/div><\/section>\n","protected":false},"excerpt":{"rendered":"\u00c8 in apertura il nuovo bando dedicato alle PMI del Mezzogiorno che vogliono investire in competenze digitali e green. Un\u2019opportunit\u00e0 concreta per finanziare percorsi formativi specialistici, rafforzare il capitale umano e accelerare la crescita dell\u2019impresa. In questo articolo vediamo a chi si rivolge, cosa finanzia e come partecipare. Finalit\u00e0 del bando Il bando \u00e8 finalizzato...","protected":false},"author":1,"featured_media":187,"parent":0,"menu_order":0,"comment_status":"closed","ping_status":"closed","template":"","meta":{"_acf_changed":false,"footnotes":""},"class_list":["post-559","page","type-page","status-publish","has-post-thumbnail","hentry"],"acf":[],"jetpack_sharing_enabled":true,"_links":{"self":[{"href":"https:\/\/www.whitening.life\/en\/wp-json\/wp\/v2\/pages\/559","targetHints":{"allow":["GET"]}}],"collection":[{"href":"https:\/\/www.whitening.life\/en\/wp-json\/wp\/v2\/pages"}],"about":[{"href":"https:\/\/www.whitening.life\/en\/wp-json\/wp\/v2\/types\/page"}],"author":[{"embeddable":true,"href":"https:\/\/www.whitening.life\/en\/wp-json\/wp\/v2\/users\/1"}],"replies":[{"embeddable":true,"href":"https:\/\/www.whitening.life\/en\/wp-json\/wp\/v2\/comments?post=559"}],"version-history":[{"count":52,"href":"https:\/\/www.whitening.life\/en\/wp-json\/wp\/v2\/pages\/559\/revisions"}],"predecessor-version":[{"id":3034,"href":"https:\/\/www.whitening.life\/en\/wp-json\/wp\/v2\/pages\/559\/revisions\/3034"}],"wp:featuredmedia":[{"embeddable":true,"href":"https:\/\/www.whitening.life\/en\/wp-json\/wp\/v2\/media\/187"}],"wp:attachment":[{"href":"https:\/\/www.whitening.life\/en\/wp-json\/wp\/v2\/media?parent=559"}],"curies":[{"name":"wp","href":"https:\/\/api.w.org\/{rel}","templated":true}]}}