{"id":834,"date":"2023-04-21T14:55:03","date_gmt":"2023-04-21T12:55:03","guid":{"rendered":"http:\/\/192.168.1.12\/whitening\/?post_type=product&#038;p=834"},"modified":"2025-01-16T10:03:17","modified_gmt":"2025-01-16T09:03:17","slug":"assessment","status":"publish","type":"product","link":"https:\/\/www.whitening.life\/en\/product\/assessment\/","title":{"rendered":"Assessment del Potenziale Inespresso"},"content":{"rendered":"<p><strong>L&#8217;assessment del potenziale Inespresso \u00e8 una AutoValutazione del Potenziale che hai e non riesci a far emergere. <\/strong><\/p>\n<p><em><strong>Devi<\/strong><\/em> farla perch\u00e9, diciamo la verit\u00e0: se tu sapessi dove migliorare, saresti gi\u00e0 migliorato, come persona e come imprenditore, manager, etc. Il problema \u00e8 che qualcosa non ci riesce e non riusciamo a capire perch\u00e9.<\/p>\n<p>E\u2019 perfettamente normale: ciascuno di noi \u2013 chi pi\u00f9, chi meno \u2013 \u00e8 consapevole delle proprie doti e dei propri limiti, perch\u00e9 riesci a vederli e li ha accettati. Il vero problema \u00e8 che a volte dove impegnarsi, cosa cambiare e cosa imparare non \u00e8 cos\u00ec veloce e immediato da comprendere.<\/p>\n<p>Per questo esistono le auto-valutazioni del potenziale inespresso: quello scelto da Whitening, per il proprio lavoro nella consulenza direzionale e strategico,\u00a0<a href=\"https:\/\/pdainternational.net\/en\/pda-assessment-en\/\" target=\"_blank\" rel=\"noopener\">l\u2019assessment PDA<\/a>, \u00e8 molto interessante perch\u00e9:<\/p>\n<ul>\n<li>\u00c8 veloce e breve: ti arriva una mail, inserisci i tuoi dati, rispondi a 3 domande ed hai finito. TEMPO STIMATO intorno ai 10 minuti;<\/li>\n<li>\u00c8 affidabile oltre il 90% e validato da <a href=\"https:\/\/www.aiobp.org\/\" target=\"_blank\" rel=\"noopener\">AIOBP (<em>American Institute of Business Psychology)<\/em><\/a>\u00a0avendo ottenuto il certificato CTA;<\/li>\n<li>\u00c8 terzo: non \u00e8 influenzato dal consulente, il report che produce \u00e8 automatico e non modificabile;<\/li>\n<li>\u00c8 Business-Oriented, cio\u00e8 non classifica in \u201cBuono\u201d o \u201cCattivo\u201d ma descrive le caratteristiche comportamentali della persona per fornire informazioni preziose, precise e ben argomentate per la crescita e lo sviluppo del \u201ctalento\u201d e del potenziale inespresso<\/li>\n<li>\u00c8 riservato: la valutazione ti arriva per e-mail, solo se lo vorrai potrai richiedere la <a href=\"https:\/\/www.whitening.life\/en\/assessment\/\">consulenza di un professionista<\/a>\u00a0per sviluppare il tuo percorso di miglioramento, secondo gli obiettivi che ti sei posto.<\/li>\n<\/ul>\n<h2>SE SEI UN LIBERO PROFESSIONISTA, a che ti serve l&#8217;assessment?<\/h2>\n<p>Sostanzialmente, a cresce sopratutto nella consapevolezza. Se vuoi guadagnare di pi\u00f9, essere di pi\u00f9, fare di pi\u00f9 contemporaneamente ti troverai a sviluppare i tuoi punti di forza e a lavorare sulle tue aree di miglioramento. Ma se non le conosci, DA DOVE PARTI?<\/p>\n<p>Come si lavora sulle aree di miglioramento e come si potenziano i propri punti di forza? L&#8217;assessment e la presentazione di un esperto possono esserti di aiuto e indicarti le strade da percorrere. Per fare meglio e prima.<\/p>\n<h2>SE SEI UN IMPRENDITORE, a che ti serve l&#8217;assessment?<\/h2>\n<p>Nel corso della nostra vita lo abbiamo usato in molteplici casi, dai pi\u00f9 positivo ai pi\u00f9 complicati, spinosi e&#8230;.delicati:<\/p>\n<p>1- Per assumere la persona giusta nel giusto ruolo<\/p>\n<p>2- Per promuovere il dipendente pi\u00f9 efficace tra un pool di altri, tutti preparati<\/p>\n<p>3- Per costruire piani di crescita e di sviluppo professionale delle prime linee<\/p>\n<p>4- Per il team building<\/p>\n<p>5- Per risolvere conflitti e lavorare sul Clima aziendale o di un team\/ufficio<\/p>\n<p>6- Per avere pi\u00f9 indicazioni &#8211; purtroppo &#8211; della persona a cui rinunciare&#8230;<\/p>\n<h5>Non ascoltare chi ti dice \u201cnon ce la puoi fare\u201d: scopri piuttosto qual \u00e8 il percorso pi\u00f9 veloce per farlo!!<\/h5>","protected":false},"excerpt":{"rendered":"<p class=\"p1\"><span class=\"s1\">L\u2019AutoValutazione del Potenziale Inespresso \u00e8 un assessment professionale, validato da\u00a0<a href=\"https:\/\/www.aiobp.org\/\"><span class=\"s2\">AIOBP (<i>American Institute of Business Psychology)<\/i><\/span><\/a>\u00a0capace di restituirti un report con il tuo profilo professionale e comportamentale: ti aiuta a capire in quale direzione puoi ottenere i risultati e a tracciare la strada pi\u00f9 veloce per raggiungerli, secondo il percorso che hai compiuto.<\/span><\/p>\n<p class=\"p1\"><span class=\"s1\">Diciamo la verit\u00e0: se tu sapessi dove migliorare, saresti gi\u00e0 migliorato, come persona e come professionista.<\/span><\/p>\n<p class=\"p1\"><span class=\"s1\">Il problema \u00e8 che qualcosa non ti riesce e nonostante tutto, non puoi capire perch\u00e9. L\u2019AutoValutazione del tuo Potenziale \u00e8 la risposta a questo dilemma. Si che tu sia un Libero Professionista, un Imprenditore o un Manager di Impresa<\/span><\/p>\n<p class=\"p1\"><span class=\"s1\">Acquistando l\u2019assessment, <b>riceverai un link al quale dovrai collegarti per rispondere ad alcune domande<\/b> (durata intorno ai 10 minuti) e nel giro di un paio di giorni riceverai la relazione completa. Per mail, completa, discreta, precisa. Ed avrai la possibilit\u00e0, se lo vorrai, di fare una Zoom Call con un profesisonista che ti aiuti a capire dove non \u00e8 chiaro.<\/span><\/p>\n<p class=\"p1\"><span class=\"s1\">Star\u00e0 poi a te richiedere l\u2019intervento \u2013 se lo vorrai \u2013 di un consulente professionista che ti possa aiutare nel tracciare il tuo percorso.<\/span><\/p>\n<p class=\"p2\"><span class=\"s1\"><b>Non ascoltare chi ti dice \u201cnon ce la puoi fare\u201d: scopri piuttosto qual \u00e8 il percorso pi\u00f9 veloce per farlo!<\/b><\/span><\/p>","protected":false},"featured_media":842,"template":"","meta":{"_acf_changed":false},"product_brand":[],"product_cat":[39,105],"product_tag":[52,53],"class_list":{"0":"post-834","1":"product","2":"type-product","3":"status-publish","4":"has-post-thumbnail","6":"product_cat-scegli-il-prodotto-piu-adatto-a-te","7":"product_cat-risorse-pagamento","8":"product_tag-assessment","9":"product_tag-pda","11":"first","12":"instock","13":"taxable","14":"shipping-taxable","15":"purchasable","16":"product-type-simple"},"acf":[],"jetpack_sharing_enabled":true,"_links":{"self":[{"href":"https:\/\/www.whitening.life\/en\/wp-json\/wp\/v2\/product\/834","targetHints":{"allow":["GET"]}}],"collection":[{"href":"https:\/\/www.whitening.life\/en\/wp-json\/wp\/v2\/product"}],"about":[{"href":"https:\/\/www.whitening.life\/en\/wp-json\/wp\/v2\/types\/product"}],"wp:featuredmedia":[{"embeddable":true,"href":"https:\/\/www.whitening.life\/en\/wp-json\/wp\/v2\/media\/842"}],"wp:attachment":[{"href":"https:\/\/www.whitening.life\/en\/wp-json\/wp\/v2\/media?parent=834"}],"wp:term":[{"taxonomy":"product_brand","embeddable":true,"href":"https:\/\/www.whitening.life\/en\/wp-json\/wp\/v2\/product_brand?post=834"},{"taxonomy":"product_cat","embeddable":true,"href":"https:\/\/www.whitening.life\/en\/wp-json\/wp\/v2\/product_cat?post=834"},{"taxonomy":"product_tag","embeddable":true,"href":"https:\/\/www.whitening.life\/en\/wp-json\/wp\/v2\/product_tag?post=834"}],"curies":[{"name":"wp","href":"https:\/\/api.w.org\/{rel}","templated":true}]}}