{"id":851,"date":"2023-04-21T16:22:54","date_gmt":"2023-04-21T14:22:54","guid":{"rendered":"http:\/\/192.168.1.12\/whitening\/?post_type=product&#038;p=851"},"modified":"2025-01-16T09:59:24","modified_gmt":"2025-01-16T08:59:24","slug":"w-a-2023-leadership","status":"publish","type":"product","link":"https:\/\/www.whitening.life\/en\/product\/w-a-2023-leadership\/","title":{"rendered":"White Academy 2023 &#8211; Sali la Scala della Leadership"},"content":{"rendered":"<p>Il 21 aprile il terzo evento formativo della <a href=\"https:\/\/www.whitening.life\/en\/white-academy-2023\/\" target=\"_blank\" rel=\"noopener\">White Academy<\/a>\u00a0of\u00a0<a href=\"https:\/\/www.whitening.life\/en\/\" target=\"_blank\" rel=\"noopener\">Whitening<\/a>\u00a0ha come titolo<\/p>\n<h4>\u00a0Sali la Scala della leadership<\/h4>\n<p>Il programma \u00e8 il seguente:<\/p>\n<p>9:00 \u2013 9:30 Registrazione dei partecipanti e Presentazione<\/p>\n<p>9:30 \u2013 11:00 Formazione pratica con esercitazioni: Cosa significa in pratica sviluppare leadership. E cosa no.<\/p>\n<p>11:00 \u2013 11:15 Coffee Break<\/p>\n<p>11:15 \u2013 13:00 Formazione pratica con esercitazioni e lavoro personale: Gli atteggiamenti del leader<\/p>\n<p>13:00 \u2013 14:00 Break Lunch<\/p>\n<p>14:00 \u2013 15:00 \u2013 Speech di <a href=\"https:\/\/corrieredellumbria.corr.it\/news\/sport\/33805946\/matteo-passeri-verona-juventus-juve-assistente-gubbio-presenze-seriea.html\" target=\"_blank\" rel=\"noopener\">Matteo Passeri <\/a>Assistente Arbitro di calcio DA RECORD con oltre 230 partite in Serie A Ex Internazionale \u00a0\u201cCome essere un leader\u201d.<\/p>\n<p>15:00 \u2013 16:30 \u2013 Formazione pratica con esercitazioni e lavoro personale: A quale livello sei arrivato, finora?<\/p>\n<p>16:30 \u2013 16:45 \u2013 Coffee Break<\/p>\n<p>16:45 \u2013 18:00 \u2013 Esercitazioni e Role Play: simulazione della gestione di due situazioni per &#8220;Salire i Gradini&#8221;<\/p>\n<p>18:00 \u2013 18:30 \u2013 Domande e Consegna Attestati<\/p>","protected":false},"excerpt":{"rendered":"<p>&#8220;Non mi danno retta&#8221; \u00e8 una delle lamentele che si sentono pi\u00f9 spesso. Le persone non ti danno retta perch\u00e9 non hai ancora salito i gradini della leadership.<\/p>\n<p>E &#8220;Sali il gradini della leadership&#8221; \u00e8 il titolo del terzo evento 2023 della White Academy, il percorso di formazione pratica e concreta promosso da Whitening in linea con la sua <a href=\"https:\/\/www.whitening.life\/en\/mission-vision\/\">mission aziendale<\/a>, cio\u00e8<\/p>\n<p>\u201cfacilitare la crescita e lo sviluppo dell\u2019impresa, in primo luogo attraverso la crescita delle persone sulle quali poggia, a cominciare dall\u2019imprenditore, ed in seconda battuta utilizzando tutti gli strumenti e le attivit\u00e0 gi\u00e0 testati come efficaci nel perseguimento del successo imprenditoriale, dalla creazione del business Plan alla strutturazione dell\u2019azienda, attraverso l\u2019ottimizzazione dei processi, lo sviluppo strategico e commerciale, passando per il marketing, a formazione sulle hard skills e la ristrutturazione organizzativa se necessaria.\u201d<\/p>\n<p>\u00c8 differente dai tantissimi corsi presenti sul mercato non solo perch\u00e9 riguarda le soft skills necessarie al successo nel business, ma anche perch\u00e9 mira a coinvolgere l\u2019imprenditore, primo artefice del cambiamento e della crescita aziendale, INSIEME alle sue prime linee, coadiutori della #CrescitArmonica in azienda.<\/p>\n<p>Ricco di esercizi, prove, role play e simulazioni perch\u00e9 siamo convinti che la sola formazione non basti al miglioramento degli atteggiamenti inefficaci e poco produttivi.<\/p>\n<p>Come dice sempre <a href=\"https:\/\/www.whitening.life\/en\/flavio-flamini\/\">Flavio Flamini<\/a>, \u201cse vuoi conoscere solo la teoria,\u00a0<a href=\"http:\/\/www.wisemansrl.com\/\" target=\"_blank\" rel=\"noopener\">comprati un libro<\/a>: \u00e8 pi\u00f9 semplice, veloce ed economico!\u201d.<\/p>\n<p>Per il 2023 la White Academy presenta un programma di grande impatto sulla vita dell\u2019Imprenditore e del Manager che vogliano fare crescere ed aiutare a prosperare la propria azienda.<\/p>\n<p>PREREQUISITI: Nessuno, anche se l\u2019aver letto almeno la prima parte del Libro\u00a0<a href=\"https:\/\/www.wisemansrl.com\/product\/basi-mindset-imprenditoriale\/\">\u201cLe basi del Mindset Imprenditoriale\u201d<\/a> aiuta moltissimo.<\/p>","protected":false},"featured_media":852,"template":"","meta":{"_acf_changed":false},"product_brand":[],"product_cat":[39,105],"product_tag":[40,41,42],"class_list":{"0":"post-851","1":"product","2":"type-product","3":"status-publish","4":"has-post-thumbnail","6":"product_cat-scegli-il-prodotto-piu-adatto-a-te","7":"product_cat-risorse-pagamento","8":"product_tag-formazione","9":"product_tag-leadership","10":"product_tag-white-academy","12":"first","13":"instock","14":"taxable","15":"shipping-taxable","16":"purchasable","17":"product-type-simple"},"acf":[],"jetpack_sharing_enabled":true,"_links":{"self":[{"href":"https:\/\/www.whitening.life\/en\/wp-json\/wp\/v2\/product\/851","targetHints":{"allow":["GET"]}}],"collection":[{"href":"https:\/\/www.whitening.life\/en\/wp-json\/wp\/v2\/product"}],"about":[{"href":"https:\/\/www.whitening.life\/en\/wp-json\/wp\/v2\/types\/product"}],"wp:featuredmedia":[{"embeddable":true,"href":"https:\/\/www.whitening.life\/en\/wp-json\/wp\/v2\/media\/852"}],"wp:attachment":[{"href":"https:\/\/www.whitening.life\/en\/wp-json\/wp\/v2\/media?parent=851"}],"wp:term":[{"taxonomy":"product_brand","embeddable":true,"href":"https:\/\/www.whitening.life\/en\/wp-json\/wp\/v2\/product_brand?post=851"},{"taxonomy":"product_cat","embeddable":true,"href":"https:\/\/www.whitening.life\/en\/wp-json\/wp\/v2\/product_cat?post=851"},{"taxonomy":"product_tag","embeddable":true,"href":"https:\/\/www.whitening.life\/en\/wp-json\/wp\/v2\/product_tag?post=851"}],"curies":[{"name":"wp","href":"https:\/\/api.w.org\/{rel}","templated":true}]}}