{"id":854,"date":"2023-04-21T16:29:17","date_gmt":"2023-04-21T14:29:17","guid":{"rendered":"http:\/\/192.168.1.12\/whitening\/?post_type=product&#038;p=854"},"modified":"2025-01-16T09:58:55","modified_gmt":"2025-01-16T08:58:55","slug":"w-a-2023-vendere-vendita","status":"publish","type":"product","link":"https:\/\/www.whitening.life\/en\/product\/w-a-2023-vendere-vendita\/","title":{"rendered":"White Academy 2023 &#8211; Vendere non \u00e8 importante&#8230;"},"content":{"rendered":"<p>Il 24 febbraio il primo evento formativo della <a href=\"https:\/\/www.whitening.life\/en\/white-academy-23\/\">White Academy<\/a> of <a href=\"https:\/\/www.whitening.life\/en\/\" target=\"_blank\" rel=\"noopener\">Whitening<\/a> ha come titolo<\/p>\n<h4><a href=\"https:\/\/www.whitening.life\/en\/2023\/04\/20\/vendere-non-e-importante\/\" target=\"_blank\" rel=\"noopener\">Vendere non \u00e8 importante\u2026.\u00e8 l\u2019unica cosa che conta<\/a><\/h4>\n<p>Il programma \u00e8 il seguente:<\/p>\n<p>La White Academy prevede il seguente programma:<\/p>\n<p>9:00 &#8211; 9:30 Registrazione dei partecipanti e Presentazione<\/p>\n<p>9:30 &#8211; 11:00 Formazione pratica con esercitazioni: I metodi di vendita e perch\u00e9 non funzionano sempre<\/p>\n<p>11:00 &#8211; 11:15 Coffee Break<\/p>\n<p>11:15 &#8211; 13:00 Formazione pratica con esercitazioni e lavoro personale: Bisogno Latente e Bisogno Consapevole, come lavorarci<\/p>\n<p>13:00 &#8211; 14:00 Break Lunch<\/p>\n<p>14:00 &#8211; 15:00 &#8211; Speech di <a href=\"https:\/\/www.alessiofabbri.com\/chi-sono-fabbri\" target=\"_blank\" rel=\"noopener\">Alessio Fabbri<\/a>, Direttore Commerciale e fondatore di <a href=\"https:\/\/www.umbriasales.it\/\" target=\"_blank\" rel=\"noopener\">Umbria Sales<\/a>: &#8220;La gestione del rifiuto&#8221;.<\/p>\n<p>15:00 &#8211; 16:30 &#8211; Formazione pratica con esercitazioni e lavoro personale: La gestione delle obiezioni<\/p>\n<p>16:30 &#8211; 16:45 &#8211; Coffee Break<\/p>\n<p>16:45 &#8211; 18:00 &#8211; Esercitazioni e Role Play: simulazione di due trattative commerciali,\u00a0 su Prodotto e Servizio<\/p>\n<p>18:00 &#8211; 18:30 &#8211; Domande e Consegna Attestati<\/p>","protected":false},"excerpt":{"rendered":"<h5>Vendere non \u00e8 importante&#8230;\u00e8 l&#8217;unica cosa che conta.<\/h5>\n<p>Questo \u00e8 il titolo del primo evento 2023 della White Academy, il percorso di formazione pratica e concreta promosso da Whitening in linea con la sua <a href=\"https:\/\/www.whitening.life\/en\/mission-vision\/\">mission aziendale<\/a>, cio\u00e8<\/p>\n<p>\u201cfacilitare la crescita e lo sviluppo dell\u2019impresa, in primo luogo attraverso la crescita delle persone sulle quali poggia, a cominciare dall\u2019imprenditore, ed in seconda battuta utilizzando tutti gli strumenti e le attivit\u00e0 gi\u00e0 testati come efficaci nel perseguimento del successo imprenditoriale, dalla creazione del business Plan alla strutturazione dell\u2019azienda, attraverso l\u2019ottimizzazione dei processi, lo sviluppo strategico e commerciale, passando per il marketing, a formazione sulle hard skills e la ristrutturazione organizzativa se necessaria.\u201d<\/p>\n<p>\u00c8 differente dai tantissimi corsi presenti sul mercato non solo perch\u00e9 riguarda le soft skills necessarie al successo nel business, ma anche perch\u00e9 mira a coinvolgere l\u2019imprenditore, primo artefice del cambiamento e della crescita aziendale, insieme alle sue prime linee, coadiutori della #CrescitArmonica in azienda.<\/p>\n<p>Ricco di esercizi, prove, role play e simulazioni, il corso sviluppa la nostra idea di formazione pratica per il miglioramento degli atteggiamenti inefficaci e poco produttivi.<\/p>\n<p>Come dice sempre <a href=\"https:\/\/www.whitening.life\/en\/flavio-flamini\/\">Flavio Flamini<\/a>, \u201cse vuoi conoscere solo la teoria,\u00a0<a href=\"http:\/\/www.wisemansrl.com\/\" target=\"_blank\" rel=\"noopener\">comprati un libro<\/a>: \u00e8 pi\u00f9 semplice, veloce ed economico!&#8221;.<\/p>\n<p>Per il 2023 la White Academy presenta un programma di grande impatto sulla vita dell\u2019imprenditore e del manager che vogliano fare crescere e aiutare la propria azienda a prosperare.<\/p>\n<p>PREREQUISITI: Nessuno, anche se l&#8217;aver letto almeno la prima parte del Libro <a href=\"https:\/\/www.wisemansrl.com\/product\/basi-mindset-imprenditoriale\/\">&#8220;Le basi del Mindset Imprenditoriale&#8221;<\/a> aiuta moltissimo.<\/p>","protected":false},"featured_media":723,"template":"","meta":{"_acf_changed":false},"product_brand":[],"product_cat":[39,105],"product_tag":[43,44],"class_list":{"0":"post-854","1":"product","2":"type-product","3":"status-publish","4":"has-post-thumbnail","6":"product_cat-scegli-il-prodotto-piu-adatto-a-te","7":"product_cat-risorse-pagamento","8":"product_tag-corso-vendita","9":"product_tag-vendere","11":"first","12":"instock","13":"taxable","14":"shipping-taxable","15":"purchasable","16":"product-type-simple"},"acf":[],"jetpack_sharing_enabled":true,"_links":{"self":[{"href":"https:\/\/www.whitening.life\/en\/wp-json\/wp\/v2\/product\/854","targetHints":{"allow":["GET"]}}],"collection":[{"href":"https:\/\/www.whitening.life\/en\/wp-json\/wp\/v2\/product"}],"about":[{"href":"https:\/\/www.whitening.life\/en\/wp-json\/wp\/v2\/types\/product"}],"wp:featuredmedia":[{"embeddable":true,"href":"https:\/\/www.whitening.life\/en\/wp-json\/wp\/v2\/media\/723"}],"wp:attachment":[{"href":"https:\/\/www.whitening.life\/en\/wp-json\/wp\/v2\/media?parent=854"}],"wp:term":[{"taxonomy":"product_brand","embeddable":true,"href":"https:\/\/www.whitening.life\/en\/wp-json\/wp\/v2\/product_brand?post=854"},{"taxonomy":"product_cat","embeddable":true,"href":"https:\/\/www.whitening.life\/en\/wp-json\/wp\/v2\/product_cat?post=854"},{"taxonomy":"product_tag","embeddable":true,"href":"https:\/\/www.whitening.life\/en\/wp-json\/wp\/v2\/product_tag?post=854"}],"curies":[{"name":"wp","href":"https:\/\/api.w.org\/{rel}","templated":true}]}}