{"id":856,"date":"2023-04-21T16:35:04","date_gmt":"2023-04-21T14:35:04","guid":{"rendered":"http:\/\/192.168.1.12\/whitening\/?post_type=product&#038;p=856"},"modified":"2025-01-16T09:58:27","modified_gmt":"2025-01-16T08:58:27","slug":"special-abitudini-produttive","status":"publish","type":"product","link":"https:\/\/www.whitening.life\/en\/product\/special-abitudini-produttive\/","title":{"rendered":"Special &#8211; Abitudini Produttive"},"content":{"rendered":"<h4>Non \u00e8 un elenco delle abitudini produttive&#8230;<\/h4>\n<p>&#8230; e non \u00e8 neanche la trappola di chi ti dice cosa devi fare dopo aver letto un paio di libri e guardato un video su YouTube, magari inquadrando la &#8220;Lambo&#8221; presa in affitto dalla camera di un lussuoso albergo che non pagher\u00e0 mai.<\/p>\n<p>Si tratta di un <em>per-corso<\/em> teorico-pratico di <strong>2 giorni<\/strong>, riservato a un numero chiuso di imprenditori e manager che desiderano apprendere come utilizzare le tecniche per<\/p>\n<ul>\n<li>prendere consapevolezza di come funzionano le abitudini e di quanto sono importanti;<\/li>\n<li>lavorare su quelle limitanti e potenziare quelle efficaci;<\/li>\n<li>imparare a svilupparne una;<\/li>\n<li>apprendere come poter modificare quelle esistenti;<\/li>\n<li>comprendere le proprie abitudini;<\/li>\n<\/ul>\n<p>Approfondiremo come nasce un carattere, che non \u00e8 solo ci\u00f2 che sei ma anche ci\u00f2 che le tue abitudini raccontano di te agli altri, e tracceremo una via per ottenere, giorno dopo giorno, il cambiamento che desideri, l&#8217;evoluzione che sogni e che finora nessuno ti ha aiutato a intraprendere.<\/p>\n<blockquote><p>Preoccupati pi\u00f9 del tuo carattere che della tua reputazione, perch\u00e9 il tuo carattere \u00e8 ci\u00f2 che sei veramente, mentre la tua reputazione \u00e8 solo ci\u00f2 che pensano gli altri di te.<\/p>\n<p><a href=\"https:\/\/coachwooden.com\/\" target=\"_blank\" rel=\"noopener\">John Wooden<\/a>.<\/p><\/blockquote>\n<p>Il corso di <strong>16 ore in due giorni<\/strong> contigui \u00e8 pratico, con tante esercitazioni, sperimentazioni e role play.<\/p>\n<h4>Il corso &#8220;Abitudini Produttive&#8221; ammette massimo 8 partecipanti.<\/h4>\n<p>Il motivo \u00e8 semplice: \u00e8 un corso impegnativo e gli esercizi previsti richiedono del tempo per essere svolti con attenzione perch\u00e9 rivestono molta importanza nel <em>per-corso.<\/em> Quindi non \u00e8 possibile gestire troppe persone: il livello di formazione e di servizio sarebbe troppo lontano dagli standard che Whitening si \u00e8 impegnata a mantenere.<\/p>\n<h5>Programma:<\/h5>\n<ol>\n<li>Introduzione: i pilastri del percorso<\/li>\n<li>Siamo Fatti cosi?<\/li>\n<li>Abitudini ed Abitudini<\/li>\n<li>Sessione pratica ed esercitazioni<\/li>\n<li>Creare nuove abitudini<\/li>\n<li>Sessione pratica ed esercitazioni<\/li>\n<li>Lavorare sulle vecchie abitudini<\/li>\n<li>Sessione pratica ed esercitazioni<\/li>\n<li>Fai spazio, in modo furbo<\/li>\n<li>Sessione pratica<\/li>\n<\/ol>\n<p>Inoltre il corso pu\u00f2 essere inserito all\u2019interno di un programma, che chiamiamo\u00a0percorso\u00a0<a href=\"https:\/\/www.whitening.life\/en\/crescitarmonica\/\" target=\"_blank\" rel=\"noopener\">#CrescitArmonica,<\/a> garantito dal contratto \u201cRisultati o Rimborsati&#8221;.<\/p>\n<p>Fissa una <a href=\"https:\/\/www.whitening.life\/en\/product\/free-webinar\/\">call gratuita<\/a> per avere pi\u00f9 informazioni, oppure\u00a0<a href=\"mailto:chiedi@whitening.life\">chiedi@whitening.life<\/a>: #ScegliWhitening per la #CrescitArmonica della tua #Impresa. E in prima persona, di te.<\/p>","protected":false},"excerpt":{"rendered":"<p>Corso teorico-pratico riservato a un numero chiuso di imprenditori e manager che desiderano imparare ad utilizzare le tecniche per<\/p>\n<ul>\n<li>prendere consapevolezza di come funzionano le abitudini e di quanto sono importanti;<\/li>\n<li>lavorare su quelle limitanti e potenziare quelle efficaci;<\/li>\n<li>imparare a svilupparne una;<\/li>\n<li>apprendere come poter modificare quelle esistenti;<\/li>\n<li>comprendere le proprie abitudini;<\/li>\n<\/ul>\n<p>Il corso di 16 ore in due giorni contigui \u00e8 molto pratico, con tante esercitazioni, sperimentazioni e tria.<\/p>\n<p>Il numero dei partecipanti \u00e8 limitato, per consentire di ottenere il massimo risultato.<\/p>\n<p>Inoltre il corso pu\u00f2 essere inserito all\u2019interno di un programma, che chiamiamo\u00a0percorso\u00a0<a href=\"https:\/\/www.whitening.life\/en\/crescitarmonica\/\">#CrescitArmonica,<\/a> garantito dal contratto \u201cRisultati o Rimborsati&#8221;.<\/p>\n<p>Fissa una <a href=\"https:\/\/www.whitening.life\/en\/product\/free-webinar\/\">call gratuita<\/a> per avere pi\u00f9 informazioni, oppure\u00a0<a href=\"mailto:chiedi@whitening.life\">chiedi@whitening.life<\/a>: #ScegliWhitening per la #CrescitArmonica della tua #Impresa. E in prima persona, di te.<\/p>","protected":false},"featured_media":858,"template":"","meta":{"_acf_changed":false},"product_brand":[],"product_cat":[39,105],"product_tag":[],"class_list":{"0":"post-856","1":"product","2":"type-product","3":"status-publish","4":"has-post-thumbnail","6":"product_cat-scegli-il-prodotto-piu-adatto-a-te","7":"product_cat-risorse-pagamento","9":"first","10":"instock","11":"taxable","12":"shipping-taxable","13":"purchasable","14":"product-type-simple"},"acf":[],"jetpack_sharing_enabled":true,"_links":{"self":[{"href":"https:\/\/www.whitening.life\/en\/wp-json\/wp\/v2\/product\/856","targetHints":{"allow":["GET"]}}],"collection":[{"href":"https:\/\/www.whitening.life\/en\/wp-json\/wp\/v2\/product"}],"about":[{"href":"https:\/\/www.whitening.life\/en\/wp-json\/wp\/v2\/types\/product"}],"wp:featuredmedia":[{"embeddable":true,"href":"https:\/\/www.whitening.life\/en\/wp-json\/wp\/v2\/media\/858"}],"wp:attachment":[{"href":"https:\/\/www.whitening.life\/en\/wp-json\/wp\/v2\/media?parent=856"}],"wp:term":[{"taxonomy":"product_brand","embeddable":true,"href":"https:\/\/www.whitening.life\/en\/wp-json\/wp\/v2\/product_brand?post=856"},{"taxonomy":"product_cat","embeddable":true,"href":"https:\/\/www.whitening.life\/en\/wp-json\/wp\/v2\/product_cat?post=856"},{"taxonomy":"product_tag","embeddable":true,"href":"https:\/\/www.whitening.life\/en\/wp-json\/wp\/v2\/product_tag?post=856"}],"curies":[{"name":"wp","href":"https:\/\/api.w.org\/{rel}","templated":true}]}}