{"id":859,"date":"2023-04-21T16:48:22","date_gmt":"2023-04-21T14:48:22","guid":{"rendered":"http:\/\/192.168.1.12\/whitening\/?post_type=product&#038;p=859"},"modified":"2025-01-16T09:58:01","modified_gmt":"2025-01-16T08:58:01","slug":"personal-branding","status":"publish","type":"product","link":"https:\/\/www.whitening.life\/en\/product\/personal-branding\/","title":{"rendered":"White Academy 2023 &#8211; Personal Branding"},"content":{"rendered":"<p>La White Academy 2023 di Whitening prosegue con il nuovo corso dal titolo<\/p>\n<h4>Personal Branding<\/h4>\n<p>Il programma \u00e8 il seguente:<\/p>\n<p>9:00 \u2013 9:30 Registrazione dei partecipanti e Presentazione<\/p>\n<p>9:30 \u2013 11:00 Le basi del PB: Identit\u00e0 digitale e reale, Profili e target dei Social (Da Facebook a LinkedIn, da TikTok a Quora)<\/p>\n<p>11:00 \u2013 11:15 Coffee Break<\/p>\n<p>11:15 \u2013 13:00 Formazione pratica &#8211; Costruisci ed ottimizza il tuo profilo OnLine: HandsOnKeyboard per Sito e Profili social &#8211; By <a href=\"https:\/\/www.whitening.life\/en\/ilaria-stirati\/\">Ilaria Stirati<\/a>, Responsabile Social Media Marketing Whitening<\/p>\n<p>13:00 \u2013 14:30 Break Lunch<\/p>\n<p>14:30 \u2013 16:15 \u2013 I funnel per attirare i clienti: quali e come<\/p>\n<p>16:15 \u2013 16:30 \u2013 Coffee Break<\/p>\n<p>16:30 \u2013 18:00 \u2013 Formazione pratica &#8211; Finanziare la notoriet\u00e0 con Google ADV, Meta ADS, Sponsorizzate LinkedIn &#8211; By <a href=\"https:\/\/www.whitening.life\/en\/ilaria-stirati\/\">Ilaria Stirati<\/a>, Responsabile Social Media Marketing Whitening<\/p>\n<p>18:00 \u2013 18:30 \u2013 Domande e Consegna Attestati<\/p>\n<p>Sarebbe molto utile portare il proprio PC. Altrimenti ve ne sar\u00e0 fornito uno&#8230; ma usare il proprio ha indubbi vantaggi!<\/p>\n<p>&nbsp;<\/p>","protected":false},"excerpt":{"rendered":"<div class=\"post-content woocommerce-product-details__short-description\">\n<p>Se non sei online non esisti. Per questo il Personal Branding per un imprenditore o un libero professionista \u00e8 indispensabile.<\/p>\n<p>E Personal Branding \u00e8 il titolo del secondo evento 2023 della <a href=\"https:\/\/www.whitening.life\/en\/white-academy-23\/\">White Academy<\/a>, il percorso di formazione pratica e concreta promosso da Whitening in linea con la sua <a href=\"https:\/\/www.whitening.life\/en\/mission-vision\/\">mission aziendale<\/a>, cio\u00e8<\/p>\n<p>\u201cfacilitare la crescita e lo sviluppo dell\u2019impresa, in primo luogo attraverso la crescita delle persone sulle quali poggia, a cominciare dall\u2019imprenditore, ed in seconda battuta utilizzando tutti gli strumenti e le attivit\u00e0 gi\u00e0 testati come efficaci nel perseguimento del successo imprenditoriale, dalla creazione del business Plan alla strutturazione dell\u2019azienda, attraverso l\u2019ottimizzazione dei processi, lo sviluppo strategico e commerciale, passando per il marketing, a formazione sulle hard skills e la ristrutturazione organizzativa se necessaria.\u201d<\/p>\n<p>\u00c8 differente dai tantissimi corsi presenti sul mercato non solo perch\u00e9 riguarda le soft skills necessarie al successo nel business, ma anche perch\u00e9 mira a coinvolgere l\u2019imprenditore, primo artefice del cambiamento e della crescita aziendale, insieme alle sue prime linee, coadiutori della #CrescitArmonica in azienda.<\/p>\n<p>\u00c8 ricca di esercizi, prove, role play, simulazioni perch\u00e9 la sola formazione non basta nel miglioramento degli atteggiamenti inefficaci e poco produttivi.<\/p>\n<p>Per questo \u00e8 consigliato portare il proprio PC: nelle sessioni pratiche si lavorer\u00e0 sul proprio profilo digitale e saranno effettuate le configurazioni necessarie, perch\u00e9 la formazione sia davvero efficace e perduri nel tempo.<\/p>\n<p>Come dice sempre <a href=\"https:\/\/www.whitening.life\/en\/flavio-flamini\/\">Flavio Flamini<\/a>, \u201cse vuoi conoscere solo la teoria,\u00a0<a href=\"http:\/\/www.wisemansrl.com\/\" target=\"_blank\" rel=\"noopener\">comprati un libro<\/a>: \u00e8 pi\u00f9 semplice, veloce ed economico!\u201d.<\/p>\n<p>Per il 2023 la White Academy presenta un programma di grande impatto sulla vita dell\u2019imprenditore e del libero professionista, ma anche nel manager, che vogliano fare crescere ed aiutare a prosperare la propria azienda.<\/p>\n<p>Trovi il programma nel box di seguito.<\/p>\n<p>PREREQUISITI: Nessuno, anche se l\u2019aver letto almeno la prima parte del Libro\u00a0<a href=\"https:\/\/www.wisemansrl.com\/product\/basi-mindset-imprenditoriale\/\">\u201cLe basi del Mindset Imprenditoriale\u201d<\/a> aiuta moltissimo.<\/p>\n<\/div>","protected":false},"featured_media":765,"template":"","meta":{"_acf_changed":false},"product_brand":[],"product_cat":[39,105],"product_tag":[40,45,46,47,48],"class_list":{"0":"post-859","1":"product","2":"type-product","3":"status-publish","4":"has-post-thumbnail","6":"product_cat-scegli-il-prodotto-piu-adatto-a-te","7":"product_cat-risorse-pagamento","8":"product_tag-formazione","9":"product_tag-imprenditore","10":"product_tag-linkedin","11":"product_tag-personal-branding","12":"product_tag-professional","14":"first","15":"instock","16":"taxable","17":"shipping-taxable","18":"purchasable","19":"product-type-simple"},"acf":[],"jetpack_sharing_enabled":true,"_links":{"self":[{"href":"https:\/\/www.whitening.life\/en\/wp-json\/wp\/v2\/product\/859","targetHints":{"allow":["GET"]}}],"collection":[{"href":"https:\/\/www.whitening.life\/en\/wp-json\/wp\/v2\/product"}],"about":[{"href":"https:\/\/www.whitening.life\/en\/wp-json\/wp\/v2\/types\/product"}],"wp:featuredmedia":[{"embeddable":true,"href":"https:\/\/www.whitening.life\/en\/wp-json\/wp\/v2\/media\/765"}],"wp:attachment":[{"href":"https:\/\/www.whitening.life\/en\/wp-json\/wp\/v2\/media?parent=859"}],"wp:term":[{"taxonomy":"product_brand","embeddable":true,"href":"https:\/\/www.whitening.life\/en\/wp-json\/wp\/v2\/product_brand?post=859"},{"taxonomy":"product_cat","embeddable":true,"href":"https:\/\/www.whitening.life\/en\/wp-json\/wp\/v2\/product_cat?post=859"},{"taxonomy":"product_tag","embeddable":true,"href":"https:\/\/www.whitening.life\/en\/wp-json\/wp\/v2\/product_tag?post=859"}],"curies":[{"name":"wp","href":"https:\/\/api.w.org\/{rel}","templated":true}]}}