{"id":863,"date":"2023-04-21T16:59:56","date_gmt":"2023-04-21T14:59:56","guid":{"rendered":"http:\/\/192.168.1.12\/whitening\/?post_type=product&#038;p=863"},"modified":"2025-01-16T09:57:24","modified_gmt":"2025-01-16T08:57:24","slug":"la-leadership-dei-numeri","status":"publish","type":"product","link":"https:\/\/www.whitening.life\/en\/product\/la-leadership-dei-numeri\/","title":{"rendered":"Special &#8211; La leadership dei numeri"},"content":{"rendered":"<h4>I numeri hanno leadership?<\/h4>\n<p>La leadership dei numeri \u00e8 il percorso di formazione che Whitening organizza su un argomento scottante per imprenditori e manager d&#8217;impresa: la capacit\u00e0 di prendere decisioni &#8220;data driven&#8221; e non &#8220;emotional forced&#8221;.<\/p>\n<p>Prendere decisioni infatti non \u00e8 sempre facile e immediato: lo sa chiunque si \u00e8 trovato in posizioni di responsabilit\u00e0, in dubbio tra una o pi\u00f9 linee di azione, tra due o pi\u00f9 scenari, tra due o pi\u00f9 azioni da intraprendere per risolvere una situazione.<\/p>\n<p>Sul <em>decision making<\/em> si \u00e8 scritto molto, ma pochi sono gli strumenti in mano all\u2019imprenditore tali da consentirgli di intraprendere una direzione, consapevole delle conseguenze che dovr\u00e0 gestire.<\/p>\n<h5>Uno degli strumenti pi\u00f9 potenti, e che hanno un grande influsso sulla gestione emotiva della soluzione intrapresa, sono i numeri.<\/h5>\n<p>E calcolare, leggere, interpretare i numeri non \u00e8 sempre facile: \u00e8 indispensabile aver chiara la loro provenienza, cosa misurano e cosa non possono misurare e come far derivare da essi delle indicazioni a supporto della crescita e dello sviluppo aziendale. O di qualsiasi altro progetto, sia esso una fusione, o un passaggio generazionale, un&#8217;acquisizione di ramo d&#8217;azienda o una cessione di attivit\u00e0.<\/p>\n<p>I numeri possono dare molte informazioni, se si \u00e8 disposti a leggerli e interpretarli per come sono.<\/p>\n<p>In un percorso di<strong> 40 ore, cio\u00e8 in 5 giornate in presenza a Gubbio<\/strong>, analizzeremo il processo decisionale nel business partendo dalla costruzione di un sistema di gestione basato su indici e numeri, sul processo di budget e sul bilancio, per analizzare poi come i \u201cgrandi\u201d dell\u2019impresa utilizzano questi dati, cercando di capire le loro scelte strategiche e confrontandole tra loro e \u2013 perch\u00e9 no \u2013 con quelle dei partecipanti che vorranno condividerle.<\/p>\n<p>Non \u00e8 un corso di educazione economico-finanziaria e non sono richieste particolari conoscenze: \u00e8 un percorso di formazione all\u2019utilizzo dei numeri in azienda a supporto delle decisioni che ogni giorno, decine di volte, ogni imprenditore e manager deve prendere.<\/p>\n<p><a href=\"https:\/\/www.whitening.life\/en\/andrea-ragnacci\/\">Andrea Ragnacci,<\/a> che terr\u00e0 la maggior parte del corso, utilizza tecniche innovative come il <a href=\"https:\/\/it.wikipedia.org\/wiki\/LEGO_Serious_Play\" target=\"_blank\" rel=\"noopener\">Lego Serious Play<\/a> e il coaching per guidarci nei meandri di questa competenza che \u00e8 di certo indispensabile per qualsiasi imprenditore, startupper o manager d\u2019impresa.<\/p>\n<p>Il programma del corso \u00e8 il seguente:<\/p>\n<ul>\n<li>Giornata 1: La struttura contabile dell\u2019impresa. Quali numeri servono, come e dove reperirli, come utilizzarli<\/li>\n<li>Giornata 2: Lego Serious Play \u2013 Sessione 1<\/li>\n<li>Giornata 3: Reporting e contabilit\u00e0 Industriale<\/li>\n<li>Giornata 4: Lego Serious Play \u2013 Sessione 2<\/li>\n<li>Giornata 5: indicatori chiave ed interpretazione dei numeri<\/li>\n<\/ul>\n<p>Poich\u00e9 anche l&#8217;ambiente di lavoro \u00e8 importante, anche la location sar\u00e0 scelta con cura tra quelle che garantiranno il maggior comfort e il miglior sostegno alle condizioni di sicurezza per il numero dei partecipanti.<\/p>\n<h5 style=\"text-align: center;\">La partecipazione alla leadership dei numeri \u00e8 limitata a max 8 partecipanti<\/h5>\n<p>Inoltre il corso pu\u00f2 essere inserito all\u2019interno di un programma, che chiamiamo\u00a0percorso\u00a0<a href=\"https:\/\/www.whitening.life\/en\/crescitarmonica\/\">#CrescitArmonica,<\/a> garantito dal contratto \u201cRisultati o Rimborsati&#8221;.<\/p>\n<p>Fissa una <a href=\"https:\/\/www.whitening.life\/en\/product\/free-webinar\/\" target=\"_blank\" rel=\"noopener\">call gratuita<\/a> per avere pi\u00f9 informazioni, oppure\u00a0<a href=\"mailto:chiedi@whitening.life\">chiedi@whitening.life<\/a>: #ScegliWhitening per la #CrescitArmonica della tua #Impresa. E in prima persona, di te.<\/p>","protected":false},"excerpt":{"rendered":"<p>In un percorso di<strong> 40 ore, cio\u00e8 in 5 giornate in presenza a Gubbio<\/strong>, analizzeremo il processo decisionale nel business partendo dalla costruzione di un sistema di gestione basato su indici e numeri, sul processo di budget e sul bilancio, per analizzare poi come i \u201cgrandi\u201d dell\u2019impresa utilizzano questi dati, cercando di capire le loro scelte strategiche e confrontandole tra loro e \u2013 perch\u00e9 no \u2013 con quelle dei partecipanti che vorranno condividerle.<\/p>\n<h4>Non \u00e8 un corso di educazione economico-finanziaria<\/h4>\n<p>Non sono richieste particolari conoscenze: \u00e8 un percorso di formazione all\u2019utilizzo dei numeri in azienda a supporto delle decisioni che ogni giorno, decine di volte, ogni imprenditore e manager deve prendere.<\/p>\n<p>Il programma del corso \u00e8 il seguente:<\/p>\n<ul>\n<li>Giornata 1: La struttura contabile dell\u2019impresa. Quali numeri servono, come e dove reperirli, come utilizzarli<\/li>\n<li>Giornata 2: Lego Serious Play \u2013 Sessione 1<\/li>\n<li>Giornata 3: Reporting e contabilit\u00e0 Industriale<\/li>\n<li>Giornata 4: Lego Serious Play \u2013 Sessione 2<\/li>\n<li>Giornata 5: indicatori chiave ed interpretazione dei numeri<\/li>\n<\/ul>\n<p>Inoltre il corso pu\u00f2 essere inserito all\u2019interno di un programma, che chiamiamo\u00a0percorso\u00a0<a href=\"https:\/\/www.whitening.life\/en\/crescitarmonica\/\">#CrescitArmonica,<\/a> garantito dal contratto \u201cRisultati o Rimborsati&#8221;.<\/p>\n<p>Fissa una <a href=\"https:\/\/www.whitening.life\/en\/product\/free-webinar\/\">call gratuita<\/a> per avere pi\u00f9 informazioni, oppure\u00a0<a href=\"mailto:chiedi@whitening.life\">chiedi@whitening.life<\/a>: #ScegliWhitening per la #CrescitArmonica della tua #Impresa. E in prima persona, di te.<\/p>","protected":false},"featured_media":865,"template":"","meta":{"_acf_changed":false},"product_brand":[],"product_cat":[39,105],"product_tag":[41,50,51],"class_list":{"0":"post-863","1":"product","2":"type-product","3":"status-publish","4":"has-post-thumbnail","6":"product_cat-scegli-il-prodotto-piu-adatto-a-te","7":"product_cat-risorse-pagamento","8":"product_tag-leadership","9":"product_tag-numeri-ed-indicatori","10":"product_tag-processo-decisionale","12":"first","13":"instock","14":"taxable","15":"shipping-taxable","16":"purchasable","17":"product-type-simple"},"acf":[],"jetpack_sharing_enabled":true,"_links":{"self":[{"href":"https:\/\/www.whitening.life\/en\/wp-json\/wp\/v2\/product\/863","targetHints":{"allow":["GET"]}}],"collection":[{"href":"https:\/\/www.whitening.life\/en\/wp-json\/wp\/v2\/product"}],"about":[{"href":"https:\/\/www.whitening.life\/en\/wp-json\/wp\/v2\/types\/product"}],"wp:featuredmedia":[{"embeddable":true,"href":"https:\/\/www.whitening.life\/en\/wp-json\/wp\/v2\/media\/865"}],"wp:attachment":[{"href":"https:\/\/www.whitening.life\/en\/wp-json\/wp\/v2\/media?parent=863"}],"wp:term":[{"taxonomy":"product_brand","embeddable":true,"href":"https:\/\/www.whitening.life\/en\/wp-json\/wp\/v2\/product_brand?post=863"},{"taxonomy":"product_cat","embeddable":true,"href":"https:\/\/www.whitening.life\/en\/wp-json\/wp\/v2\/product_cat?post=863"},{"taxonomy":"product_tag","embeddable":true,"href":"https:\/\/www.whitening.life\/en\/wp-json\/wp\/v2\/product_tag?post=863"}],"curies":[{"name":"wp","href":"https:\/\/api.w.org\/{rel}","templated":true}]}}