{"id":866,"date":"2023-04-21T17:09:08","date_gmt":"2023-04-21T15:09:08","guid":{"rendered":"http:\/\/192.168.1.12\/whitening\/?post_type=product&#038;p=866"},"modified":"2025-01-16T09:57:04","modified_gmt":"2025-01-16T08:57:04","slug":"stretching-comportamentale","status":"publish","type":"product","link":"https:\/\/www.whitening.life\/en\/product\/stretching-comportamentale\/","title":{"rendered":"Stretching comportamentale"},"content":{"rendered":"<h4>Lo Stretching Comportamentale: ma cos&#8217;\u00e8?<\/h4>\n<p>Domanda legittima, alla quale \u00e8 semplice rispondere: \u00e8 un percorso individuale di 42 giorni in cui si &#8220;gioca&#8221; su un&#8217;area di miglioramento, emersa dall&#8217;assessment PDA, sulla quale tu decidi di migliorare e che pu\u00f2 fare una grande differenza nel tuo business.<\/p>\n<p>Parte dall&#8217;<a href=\"https:\/\/www.whitening.life\/en\/assessment\/\" target=\"_blank\" rel=\"noopener\">assessment PDA<\/a> , un potente strumento grazie al quale puoi approfondire <a href=\"https:\/\/pdainternational.net\/en\/pda-assessment-en\/\" target=\"_blank\" rel=\"noopener\">i lati del tuo comportamento naturale e del tuo comportamento &#8220;adattato&#8221;<\/a>, ossia i cambiamenti che hai sviluppato per adeguarti alla tua attivit\u00e0.<\/p>\n<p>Attraverso il contatta continuo con un consulente potrai:<\/p>\n<ol>\n<li>Prendere consapevolezza su che cosa lavorare<\/li>\n<li>&#8220;Giocare&#8221; con il tuo lato da migliorare per 6 settimane<\/li>\n<li>Trasformare la tua area di miglioramento in un punto di forza<\/li>\n<\/ol>\n<p>Partendo dalla consapevolezza, che \u00e8 fondamentale perch\u00e9 grazie ad essa puoi da solo cominciare a cambiare, intraprenderai un percorso di crescita mirata negli aspetti che ritieni importanti.<\/p>\n<p>Ma cambiare non \u00e8 sempre semplice ed immediato. A volte ci si prova senza riuscirci, perch\u00e9 ai cambiamenti non ci si allena mai: si fa fatica ad accettarli, perch\u00e9 spesso non sono indolori e non sempre ci danno il tempo di reagire.<\/p>\n<h4>In cosa consiste il percorso di Stretching comportamentale?<\/h4>\n<p>\u00c8 un percorso di coaching, cio\u00e8 di allenamento sul campo, in cui per<strong> 6 settimane<\/strong> ti vengono presentate <strong>ogni giorno<\/strong> sfide e obiettivi che ti aiutano ad allenare un tratto del tuo atteggiamento che hai identificato insieme al consulente in base a quello che \u00e8 emerso dall&#8217;assessment PDA (incluso nel percorso).<\/p>\n<p>Dopo aver analizzato i risultati del PDS, nel colloquio con il consulente identificherai con facilit\u00e0 qual \u00e8 l&#8217;atteggiamento che hai bisogno di migliorare per il tuo business.<\/p>\n<p>Le aree di intervento sono tantissime: l&#8217;intelligenza relazione e sociale, la diplomazia, la comunicazione o la capacit\u00e0 di essere tempestivo nelle decisioni.<\/p>\n<p>L&#8217;analisi generer\u00e0 una serie di esercizi che riceverai sul tuo cellulare ogni mattina, che dovrai svolgere durante la giornata e sui quali dovrai esprimere un parere la sera.<\/p>\n<p><strong>42 giorni<\/strong> che ti consentiranno di trasformare un&#8217;area di miglioramento del tuo carattere in un punto di forza con cui affrontare il mercato, le sfide del business o i tuoi collaboratori. O costruire il tuo sogno.<\/p>\n<h4>Lo Stretching Comportamentale \u00e8 indispensabile. E garantito<\/h4>\n<p>Per migliorare le performance e far emergere e sviluppare il talento potenziale pronto alle sfide di ogni giorno non puoi fare a meno di crescere.<\/p>\n<p>Lo Stretching Comportamentale, con un piccolo investimento giornaliero, ti consenti di fare tutto questo.<\/p>\n<p>Inoltre il corso pu\u00f2 essere inserito all\u2019interno di un programma, che chiamiamo\u00a0percorso\u00a0<a href=\"https:\/\/www.whitening.life\/en\/crescitarmonica\/\" target=\"_blank\" rel=\"noopener\">#CrescitArmonica,<\/a> garantito dal contratto \u201cRisultati o Rimborsati&#8221;.<\/p>\n<p>Fissa una <a href=\"https:\/\/www.whitening.life\/en\/product\/free-webinar\/\">call gratuita<\/a> per avere pi\u00f9 informazioni, oppure\u00a0<a href=\"mailto:chiedi@whitening.life\">chiedi@whitening.life<\/a>: #ScegliWhitening per la #CrescitArmonica della tua #Impresa. E in prima persona, di te.<\/p>","protected":false},"excerpt":{"rendered":"<p>Il percorso di &#8220;Stretching Comportamentale&#8221; consiste in un coaching, cio\u00e8 un allenamento sul campo, in cui <strong>ogni giorno per 6 settimane<\/strong> ti vengono presentate sfide e obiettivi che ti aiutano ad allenare <strong>un tratto del tuo atteggiamento<\/strong> che insieme al Consulente hai identificato come area di miglioramento nell&#8217;analisi dell&#8217;assessment PDA.<\/p>\n<p>Dopo aver analizzato i risultati del PDS, nel colloquio con il consulente identificherai con facilit\u00e0 qual \u00e8 l&#8217;atteggiamento che hai bisogno di migliorare per il tuo business.<\/p>\n<p>Le aree di intervento sono tantissime: l&#8217;intelligenza relazione e sociale, la diplomazia, la comunicazione o la capacit\u00e0 di essere tempestivo nelle decisioni.<\/p>\n<p>L&#8217;analisi generer\u00e0 una serie di esercizi che riceverai sul tuo cellulare ogni mattina, che dovrai svolgere durante la giornata e sui quali dovrai esprimere un parere la sera.<\/p>\n<p><strong>42 giorni<\/strong> che ti consentiranno di trasformare un&#8217;area di miglioramento del tuo carattere in un punto di forza con cui affrontare il mercato, le sfide del business o i tuoi collaboratori. O costruire il tuo sogno.<\/p>\n<p>Il corso pu\u00f2 essere inserito all\u2019interno di un programma, che chiamiamo percorso <a href=\"https:\/\/www.whitening.life\/en\/crescitarmonica\/\">#CrescitArmonica,<\/a> garantito dal contratto \u201cRisultato O Rimborsato\u201d .<\/p>\n<p><a href=\"https:\/\/www.whitening.life\/en\/product\/free-webinar\/\">Fissa una call gratuita per avere pi\u00f9 informazioni<\/a>, oppure\u00a0<a href=\"mailto:chiedi@whitening.life\">chiedi@whitening.life<\/a>: #ScegliWhitening per la #CrescitArmonica della tua #Impresa. E in prima persona, di te.<\/p>","protected":false},"featured_media":868,"template":"","meta":{"_acf_changed":false},"product_brand":[],"product_cat":[39,105],"product_tag":[52,53,54],"class_list":{"0":"post-866","1":"product","2":"type-product","3":"status-publish","4":"has-post-thumbnail","6":"product_cat-scegli-il-prodotto-piu-adatto-a-te","7":"product_cat-risorse-pagamento","8":"product_tag-assessment","9":"product_tag-pda","10":"product_tag-stretching-comportamentale","12":"first","13":"instock","14":"taxable","15":"shipping-taxable","16":"purchasable","17":"product-type-simple"},"acf":[],"jetpack_sharing_enabled":true,"_links":{"self":[{"href":"https:\/\/www.whitening.life\/en\/wp-json\/wp\/v2\/product\/866","targetHints":{"allow":["GET"]}}],"collection":[{"href":"https:\/\/www.whitening.life\/en\/wp-json\/wp\/v2\/product"}],"about":[{"href":"https:\/\/www.whitening.life\/en\/wp-json\/wp\/v2\/types\/product"}],"wp:featuredmedia":[{"embeddable":true,"href":"https:\/\/www.whitening.life\/en\/wp-json\/wp\/v2\/media\/868"}],"wp:attachment":[{"href":"https:\/\/www.whitening.life\/en\/wp-json\/wp\/v2\/media?parent=866"}],"wp:term":[{"taxonomy":"product_brand","embeddable":true,"href":"https:\/\/www.whitening.life\/en\/wp-json\/wp\/v2\/product_brand?post=866"},{"taxonomy":"product_cat","embeddable":true,"href":"https:\/\/www.whitening.life\/en\/wp-json\/wp\/v2\/product_cat?post=866"},{"taxonomy":"product_tag","embeddable":true,"href":"https:\/\/www.whitening.life\/en\/wp-json\/wp\/v2\/product_tag?post=866"}],"curies":[{"name":"wp","href":"https:\/\/api.w.org\/{rel}","templated":true}]}}