{"id":869,"date":"2023-04-21T17:16:21","date_gmt":"2023-04-21T15:16:21","guid":{"rendered":"http:\/\/192.168.1.12\/whitening\/?post_type=product&#038;p=869"},"modified":"2025-01-16T09:56:30","modified_gmt":"2025-01-16T08:56:30","slug":"mentoring-program","status":"publish","type":"product","link":"https:\/\/www.whitening.life\/en\/product\/mentoring-program\/","title":{"rendered":"Mentoring Program"},"content":{"rendered":"<h4>Il Mentoring Program<\/h4>\n<blockquote><p>&#8220;Il <b>mentoring<\/b> \u00e8 una metodologia di formazione che fa riferimento a una relazione (formale o informale) uno a uno, tra un soggetto con pi\u00f9 esperienza (senior, mentor) e uno con meno esperienza (junior, mentee, prot\u00e9g\u00e9), cio\u00e8 un allievo, al fine di far sviluppare a quest&#8217;ultimo delle competenze.&#8221;<\/p><\/blockquote>\n<p>Questa \u00e8 la stringata descrizione che <a href=\"https:\/\/it.wikipedia.org\/wiki\/Mentoring\" target=\"_blank\" rel=\"noopener\">Wikipedia<\/a> fai del mentoring.<\/p>\n<p>Noi crediamo che sia pi\u00f9 calzante quello che dice l&#8217;<a href=\"https:\/\/www.td.org\/talent-development-glossary-terms\/what-is-mentoring#:~:text=Mentoring%20is%20a%20reciprocal%20and,%2C%20learning%2C%20and%20career%20development.\" target=\"_blank\" rel=\"noopener\">ATD, cio\u00e8 l&#8217;Association for Talent Development<\/a>, l&#8217;associazione statunitense per lo Sviluppo del Talento:<\/p>\n<blockquote><p>&#8220;Mentoring is a reciprocal and collaborative at-will relationship that most often occurs between a senior and junior employee for the purpose of the mentee\u2019s growth, learning, and career development.&#8221;<\/p><\/blockquote>\n<p>Che si traduce pi\u00f9 o meno cos\u00ec: &#8220;<span class=\"Y2IQFc\" lang=\"it\">Il mentoring \u00e8 una relazione reciproca e collaborativa su base volontaria che il pi\u00f9 delle volte nasce tra un impiegato di esperienza e uno che ne ha meno finalizzata alla crescita, all&#8217;apprendimento e allo sviluppo della carriera di quest&#8217;ultimo&#8221;.<\/span><\/p>\n<h4>Come Whitening reinterpreta il Mentoring<\/h4>\n<p>Whitening parte dall&#8217;<a href=\"https:\/\/www.whitening.life\/en\/assessment\/\" target=\"_blank\" rel=\"noopener\">assessment PDA<\/a> e costruisce un percorso di potenziamento delle capacit\u00e0 e delle abilit\u00e0 del cliente, della durata iniziale di 2 mesi, con <strong>incontri settimanali online di circa 1 ora<\/strong>.<\/p>\n<p>Gli incontri sono organizzati con un professionista in una delle aree di miglioramento emerse dall&#8217;assessment e che il cliente riconosce come indispensabili: tu impari a fare ci\u00f2 che lui ha gi\u00e0 fatto.<\/p>\n<h5>Uno strumento potentissimo.<\/h5>\n<p>In Whitening nessun consulente lavora in ambiti nei quali non abbia dato prova di aver ottenuto risultati misurabili e non parla di argomenti nei quali non abbia ottenuto successo. \u00c8 una regola scritta a fuoco per noi, una delle poche regole che compongono il nostro codice etico.<\/p>\n<p>In Whitening non puoi parlare di impresa se non ne hai creata una che funzioni, non puoi parlare di vendita se non hai alle spalle un percorso che dimostri che sai farla, insomma<\/p>\n<h4 style=\"text-align: center;\">\u00a0in Whitening non basta leggere un libro per essere un esperto.<\/h4>\n<p>Come in tantissime, troppe societ\u00e0 di consulenza succede.<\/p>\n<p>Per questo il mentoring di Whitening \u00e8 cos\u00ec efficace: perch\u00e9 vieni seguito da un professionista che ha sperimentato in prima persona le strategie e gli strumenti che insegna, che ha prodotto i risultati che tu devi produrre, ha sviluppato gli atteggiamenti che tu vuoi sviluppare.<\/p>\n<p>\u00c8 adatto a tutti: dai privati che vogliono verificare se hanno le risorse per diventare imprenditori ai liberi professionisti che vogliono crescere, ai manager che vogliono dare di pi\u00f9 all&#8217;impresa e che voglio di pi\u00f9 dall&#8217;impresa.<\/p>\n<p>Perch\u00e9 il miglioramento \u00e8 possibile e d\u00e0 frutti solo se applicato nel quotidiano.<\/p>\n<p>Inoltre il corso pu\u00f2 essere inserito all\u2019interno di un programma, che chiamiamo\u00a0percorso\u00a0<a href=\"https:\/\/www.whitening.life\/en\/crescitarmonica\/\" target=\"_blank\" rel=\"noopener\">#CrescitArmonica,<\/a> garantito dal contratto \u201cRisultati o Rimborsati&#8221;.<\/p>\n<p>Fissa una <a href=\"https:\/\/www.whitening.life\/en\/product\/free-webinar\/\">call gratuita<\/a> per avere pi\u00f9 informazioni, oppure\u00a0<a href=\"mailto:chiedi@whitening.life\">chiedi@whitening.life<\/a>: #ScegliWhitening per la #CrescitArmonica della tua #Impresa. E in prima persona, di te.<\/p>","protected":false},"excerpt":{"rendered":"<p>Sai cos&#8217;\u00e8 il mentoring?<\/p>\n<p>\u00c8 un&#8217;attivit\u00e0 preziosa per chiunque desideri imparare ad essere un imprenditore o un libero professionista di successo, capace di costruire il suo sogno, di viverci in maniera degna e di farlo crescere e scalare.<\/p>\n<p><span class=\"Y2IQFc\" lang=\"it\">Il mentoring \u00e8 una relazione volontaria reciproca e collaborativa tra una persona di esperienza e una che desidera farne finalizzata alla crescita, all&#8217;apprendimento e dello sviluppo della carriera.<\/span><\/p>\n<p>Whitening reinterpreta il mentoring partendo dall&#8217;<a href=\"https:\/\/www.whitening.life\/en\/assessment\/\">assessment PDA<\/a> e costruendo un percorso di potenziamento delle capacit\u00e0 e delle abilit\u00e0 del cliente.<\/p>\n<p>Della durata iniziale di 2 mesi, il percorso prevede incontri settimanali online di circa 1 ora con un esperto in una delle aree di miglioramento emerse dall&#8217;assessment e riconosciute come indispensabili da cliente.<\/p>\n<p>Insomma, il mentore ti affianca ogni settimana per farti arrivare dove \u00e8 arrivato lui.<\/p>","protected":false},"featured_media":871,"template":"","meta":{"_acf_changed":false},"product_brand":[],"product_cat":[39,105],"product_tag":[55,56],"class_list":{"0":"post-869","1":"product","2":"type-product","3":"status-publish","4":"has-post-thumbnail","6":"product_cat-scegli-il-prodotto-piu-adatto-a-te","7":"product_cat-risorse-pagamento","8":"product_tag-crescita-personale","9":"product_tag-mentoring","11":"first","12":"instock","13":"taxable","14":"shipping-taxable","15":"purchasable","16":"product-type-simple"},"acf":[],"jetpack_sharing_enabled":true,"_links":{"self":[{"href":"https:\/\/www.whitening.life\/en\/wp-json\/wp\/v2\/product\/869","targetHints":{"allow":["GET"]}}],"collection":[{"href":"https:\/\/www.whitening.life\/en\/wp-json\/wp\/v2\/product"}],"about":[{"href":"https:\/\/www.whitening.life\/en\/wp-json\/wp\/v2\/types\/product"}],"wp:featuredmedia":[{"embeddable":true,"href":"https:\/\/www.whitening.life\/en\/wp-json\/wp\/v2\/media\/871"}],"wp:attachment":[{"href":"https:\/\/www.whitening.life\/en\/wp-json\/wp\/v2\/media?parent=869"}],"wp:term":[{"taxonomy":"product_brand","embeddable":true,"href":"https:\/\/www.whitening.life\/en\/wp-json\/wp\/v2\/product_brand?post=869"},{"taxonomy":"product_cat","embeddable":true,"href":"https:\/\/www.whitening.life\/en\/wp-json\/wp\/v2\/product_cat?post=869"},{"taxonomy":"product_tag","embeddable":true,"href":"https:\/\/www.whitening.life\/en\/wp-json\/wp\/v2\/product_tag?post=869"}],"curies":[{"name":"wp","href":"https:\/\/api.w.org\/{rel}","templated":true}]}}