{"id":875,"date":"2023-04-21T17:33:16","date_gmt":"2023-04-21T15:33:16","guid":{"rendered":"http:\/\/192.168.1.12\/whitening\/?post_type=product&#038;p=875"},"modified":"2025-01-16T09:55:21","modified_gmt":"2025-01-16T08:55:21","slug":"scala-della-leadership","status":"publish","type":"product","link":"https:\/\/www.whitening.life\/en\/product\/scala-della-leadership\/","title":{"rendered":"Sali la scala della Leadership"},"content":{"rendered":"<h4>Salire la scala della leadership? Ma di cosa stai parlando?<\/h4>\n<p>Tutti ti dicono cosa dovresti fare per essere un leader, ma poi farlo \u00e8 tutta un&#8217;altra cosa. In Whitening costruiamo percorsi di formazione che raggiungono ci\u00f2 che promettono. Anche se a volte il percorso pu\u00f2 sembrare faticoso.<\/p>\n<p>Nei due giorni del percorso &#8220;Sali la Scala della Leadership&#8221; arriveremo a comprendere come si combatte la fatica, cosa significa per noi essere leader, quali atteggiamenti ci aiutano e quali ci ostacolano.<\/p>\n<p>All&#8217;interno della <a href=\"https:\/\/www.whitening.life\/en\/white-academy-23\/\"><strong>White Academy,<\/strong><\/a> la scuola composta da pi\u00f9 percorsi pensata da Whitening per scambiarsi e condividere <strong>esperienze di successo delle imprese e degli imprenditori <\/strong>e per esplorare le abitudini efficaci, sperimenteremo e metteremo in pratica nei role play le azioni strategiche e operative per raggiungere la tua idea di successo.<\/p>\n<p>&#8220;Sali la scala della leadership&#8221;\u00a0 \u00e8 un percorso dedicato a una delle soft-skill pi\u00f9 importanti per un imprenditore o per un manager: la capacit\u00e0 di ricavare, come dice <a href=\"https:\/\/www.briantracy.com\" target=\"_blank\" rel=\"noopener\">Brian Tracy<\/a>, una performance straordinaria da persone ordinarie.<\/p>\n<p>Oppure, come sostiene <a href=\"https:\/\/www.whitehouse.gov\/about-the-white-house\/presidents\/dwight-d-eisenhower\/\" target=\"_blank\" rel=\"noopener\">Dwight D. Eisenhower<\/a>:<\/p>\n<blockquote><p>&#8220;l\u2019arte di indurre qualcuno a fare quel che vuoi tu con la convinzione che sia lui a volerlo fare&#8221;<\/p><\/blockquote>\n<p>Certamente c&#8217;\u00e8 chi nasce pi\u00f9 predisposto di altri o chi la sviluppa con pi\u00f9 facilit\u00e0, ma la leadership non \u00e8 una caratteristica che dipende dal fato o dalla predisposizione.<\/p>\n<p>Diventare leader \u00e8 un processo a volte faticoso fatto di impegno e dedizione, ma che alla fine ripaga sempre.<\/p>\n<p>Una capacit\u00e0 che si pu\u00f2 apprendere e sviluppare, imparando a &#8220;salire il gradini della leadership&#8221; per diventare, se lo vuoi, un leader carismatico e attrattivo.<\/p>\n<h4>Il percorso della White Academy<\/h4>\n<p>\u00c8 composto da 4 moduli di 4 ore ciascuno, da organizzare in due giornate contigue e pu\u00f2 essere pianificato presso la sede del cliente o nelle sale formazione di Whitening (non \u00e8 pi\u00f9 possibile acquistare la versione online con dei Webinar in diretta <a href=\"http:\/\/www.zoom.us\/\" target=\"_blank\" rel=\"noopener\">Zoom)<\/a>.<\/p>\n<p>La calendarizzazione avviene secondo le esigenze del Cliente.<\/p>\n<p>Il percorso che ci porter\u00e0 ad approfondire questi aspetti affronta i seguenti argomenti<\/p>\n<ol>\n<li>Le basi<\/li>\n<li>Da leader di posizione a leader di persone<\/li>\n<li>A che punto sei, per te e per gli altri<\/li>\n<li>La gestione emotiva<\/li>\n<li>Cosa ci aiuta<\/li>\n<li>Role play<\/li>\n<\/ol>\n<p>Inoltre il corso pu\u00f2 essere inserito all&#8217;interno di un programma, che chiamiamo\u00a0percorso <a href=\"https:\/\/www.whitening.life\/en\/crescitarmonica\/\" target=\"_blank\" rel=\"noopener\">#CrescitArmonica,<\/a> garantito dal contratto \u201cRisultati o Rimborsati&#8221;.<\/p>\n<p>Fissa una <a href=\"https:\/\/www.whitening.life\/en\/product\/free-webinar\/\" target=\"_blank\" rel=\"noopener\">call gratuita<\/a> per avere pi\u00f9 informazioni, oppure\u00a0<a href=\"mailto:chiedi@whitening.life\">chiedi@whitening.life<\/a>: #ScegliWhitening per la tua #CrescitArmonica e della tua #Impresa.<\/p>","protected":false},"excerpt":{"rendered":"<h4>Percorso Leadership della <a href=\"https:\/\/www.whitening.life\/en\/white-academy-23\/\"><strong>White Academy<\/strong><\/a><\/h4>\n<p>La leadership non \u00e8 una caratteristica con cui si nasce, che dipende dal fato o dalla predisposizione.<\/p>\n<p>Certamente c&#8217;\u00e8 chi nasce pi\u00f9 predisposto di altri, o chi la sviluppa nei primi anni di vita con maggior facilit\u00e0 rispetto ad altri.<\/p>\n<p>Ma diventare leader \u00e8 un processo, fatto di fatica, impegno e dedizione che ripagano sempre: si pu\u00f2 apprendere e si pu\u00f2 sviluppare, si pu\u00f2 imparare a &#8220;salire il gradini della leadership&#8221; per diventare, se lo vuoi, diventare un leader carismatico ed attrattivo.<\/p>\n<p>Il percorso \u00e8 composto da 4 moduli di 4 ore ciascuno, da organizzare in due giornate contigue e pu\u00f2 essere pianificato presso la sede del Cliente o nelle sale formazione di Whitening (non \u00e8 pi\u00f9 possibile acquistare la versione OnLine con dei Webinar in diretta <a href=\"http:\/\/www.zoom.us\/\">Zoom<\/a> perch\u00e9 di efficacia ridotta rispetto alla formazione in presenza). La calendarizzazione avviene secondo le esigenze del Cliente.<\/p>\n<p>Il percorso che ci porter\u00e0 ad approfondire questi aspetti affronta i seguenti argomenti<\/p>\n<ol>\n<li>Le basi<\/li>\n<li>Da leader di Posizione a Leader di persone<\/li>\n<li>A che punto sei, per te e per gli altri<\/li>\n<li>La gestione emotiva<\/li>\n<li>Cosa ci aiuta<\/li>\n<li>Role Play<\/li>\n<\/ol>\n<p>Inoltre il corso pu\u00f2 essere inserito all&#8217;interno di un programma, che chiamiamo\u00a0percorso <a href=\"https:\/\/www.whitening.life\/en\/crescitarmonica\/\">#CrescitArmonica,<\/a> garantito dal contratto \u201cRisultato O Rimborsato\u201d .<\/p>\n<p><a href=\"https:\/\/www.whitening.life\/en\/product\/free-webinar\/\">Fissa una call gratuita per avere pi\u00f9 informazioni<\/a>, oppure\u00a0<a href=\"mailto:chiedi@whitening.life\">chiedi@whitening.life<\/a>: #ScegliWhitening per la #CrescitArmonica della tua #Impresa. E in prima persona, di te.<\/p>","protected":false},"featured_media":877,"template":"","meta":{"_acf_changed":false},"product_brand":[],"product_cat":[39,105],"product_tag":[41,42],"class_list":{"0":"post-875","1":"product","2":"type-product","3":"status-publish","4":"has-post-thumbnail","6":"product_cat-scegli-il-prodotto-piu-adatto-a-te","7":"product_cat-risorse-pagamento","8":"product_tag-leadership","9":"product_tag-white-academy","11":"first","12":"instock","13":"taxable","14":"shipping-taxable","15":"purchasable","16":"product-type-simple"},"acf":[],"jetpack_sharing_enabled":true,"_links":{"self":[{"href":"https:\/\/www.whitening.life\/en\/wp-json\/wp\/v2\/product\/875","targetHints":{"allow":["GET"]}}],"collection":[{"href":"https:\/\/www.whitening.life\/en\/wp-json\/wp\/v2\/product"}],"about":[{"href":"https:\/\/www.whitening.life\/en\/wp-json\/wp\/v2\/types\/product"}],"wp:featuredmedia":[{"embeddable":true,"href":"https:\/\/www.whitening.life\/en\/wp-json\/wp\/v2\/media\/877"}],"wp:attachment":[{"href":"https:\/\/www.whitening.life\/en\/wp-json\/wp\/v2\/media?parent=875"}],"wp:term":[{"taxonomy":"product_brand","embeddable":true,"href":"https:\/\/www.whitening.life\/en\/wp-json\/wp\/v2\/product_brand?post=875"},{"taxonomy":"product_cat","embeddable":true,"href":"https:\/\/www.whitening.life\/en\/wp-json\/wp\/v2\/product_cat?post=875"},{"taxonomy":"product_tag","embeddable":true,"href":"https:\/\/www.whitening.life\/en\/wp-json\/wp\/v2\/product_tag?post=875"}],"curies":[{"name":"wp","href":"https:\/\/api.w.org\/{rel}","templated":true}]}}