{"id":893,"date":"2023-04-25T15:15:04","date_gmt":"2023-04-25T13:15:04","guid":{"rendered":"http:\/\/192.168.1.12\/whitening\/?post_type=product&#038;p=893"},"modified":"2025-01-16T09:54:52","modified_gmt":"2025-01-16T08:54:52","slug":"white-academy-livello-avanzato","status":"publish","type":"product","link":"https:\/\/www.whitening.life\/en\/product\/white-academy-livello-avanzato\/","title":{"rendered":"White Academy Livello Avanzato"},"content":{"rendered":"<h4>Livello Avanzato della <a href=\"https:\/\/www.whitening.life\/en\/white-academy-23\/\">White Academy<\/a><\/h4>\n<p>La\u00a0<a href=\"https:\/\/www.whitening.life\/en\/white-academy-23\/\"><strong>White Academy<\/strong><\/a> \u00e8 una vera e propria scuola per imprenditori e manager che desiderino apprendere come creare dal nulla una attivit\u00e0 imprenditoriale da chi gi\u00e0 l&#8217;ha fatto, evitando gli errori da principianti.<\/p>\n<p>La White Academy \u00e8 strutturata in pi\u00f9 percorsi che Whitening ha pensato per scambiarsi e condividere <strong>esperienze di successo delle imprese e degli imprenditori,<\/strong> per esplorare le abitudini efficaci e le azioni strategiche e operative che permettono di raggiungere il tuo successo.<\/p>\n<p>I formatori della White Academy di Whitening sono scelti tra chi nella propria vita professionale ha dimostrato di saper ottenere grandi risultati, con provata esperienza e capacit\u00e0. Forse non saranno oratori perfetti, ma sono imprenditori capaci e professionisti che hanno avuto successo nel loro campo e che ora lo mettono a disposizione di chi vuole imparare da loro.<\/p>\n<p>Diamo valore all&#8217;esperienza sul campo: non basta aver letto un libro o frequentato un corso. Bisogna aver messo in pratica in prima persona quello che racconti. Solo cos\u00ec sarai in grado di far fare agli altri.<\/p>\n<p>Il Livello Avanzato \u00e8 dedicato a chi desidera sviluppare e far crescere la propria impresa oltre ogni aspettativa attraverso l&#8217;utilizzo di tecniche avanzate di pianificazione e gestione industriale.<\/p>\n<h5>Il percorso base \u00e8 chiaramente propedeutico<\/h5>\n<p>Perch\u00e9 senza le basi non si costruisce nulla, ma non \u00e8 richiesta nessun&#8217;altra conoscenza specifica, anche se i temi trattati sono molto specifici e a volte tecnici e poco accattivanti a livello emotivo.<\/p>\n<p>Per\u00f2 il fatto che i formatori NON siano cattedratici di fama ma imprenditori lo rende molto pratico e molto agevole da seguire.<\/p>\n<p>\u00c8 composto da <strong>10 moduli di 4 ore ciascuno<\/strong> e pu\u00f2 essere pianificato presso la sede del cliente o nelle sale formazione di Whitening (mentre non \u00e8 pi\u00f9 possibile acquistare la versione online con dei webinar in diretta <a href=\"http:\/\/www.zoom.us\" target=\"_blank\" rel=\"noopener\">Zoom<\/a>).<\/p>\n<p>La calendarizzazione avviene secondo le esigenze del cliente e pu\u00f2 esser stabilita liberamente.<\/p>\n<p>Gli argomenti trattati sono i seguenti:<\/p>\n<ol>\n<li>Budget e piano economico finanziario: perch\u00e9?<\/li>\n<li>Comunicazione aziendale<\/li>\n<li>Il marketing e i social: opportunit\u00e0 o maledizione?<\/li>\n<li>Diventare proattivi per cogliere le opportunit\u00e0<\/li>\n<li>Creare la rete commerciale: dal team working al network marketing<\/li>\n<li>Leadership e gestione delle persone<\/li>\n<li>Problem solving &amp; Execution<\/li>\n<li>Programmare la cima<\/li>\n<\/ol>\n<p>Inoltre il corso pu\u00f2 essere inserito all\u2019interno di un programma, che chiamiamo\u00a0percorso\u00a0<a href=\"https:\/\/www.whitening.life\/en\/crescitarmonica\/\" target=\"_blank\" rel=\"noopener\">#CrescitArmonica,<\/a> garantito dal contratto \u201cRisultati o Rimborsati&#8221;.<\/p>\n<p>Fissa una <a href=\"https:\/\/www.whitening.life\/en\/product\/free-webinar\/\" target=\"_blank\" rel=\"noopener\">call gratuita<\/a> per avere pi\u00f9 informazioni, oppure\u00a0<a href=\"mailto:chiedi@whitening.life\">chiedi@whitening.life<\/a>: #ScegliWhitening per la tua #CrescitArmonica e della tua #Impresa.<\/p>","protected":false},"excerpt":{"rendered":"<h4>Livello Avanzato della <a href=\"https:\/\/www.whitening.life\/en\/white-academy-23\/\">White Academy<\/a><\/h4>\n<p>Il Livello Avanzato \u00e8 dedicato a chi desidera sviluppare e far crescere la propria impresa oltre ogni aspettativa attraverso l&#8217;utilizzo di tecniche avanzate di pianificazione e gestione industriale.<\/p>\n<h5>Il percorso base \u00e8 chiaramente propedeutico<\/h5>\n<p>Perch\u00e9 senza le basi non si costruisce nulla, ma non \u00e8 richiesta nessun&#8217;altra conoscenza specifica, anche se i temi trattati sono molto specifici e a volte tecnici e poco accattivanti a livello emotivo.<\/p>\n<p>Per\u00f2 il fatto che i formatori NON siano cattedratici di fama ma imprenditori lo rende molto pratico e molto agevole da seguire.<\/p>\n<p>\u00c8 composto da <strong>10 moduli di 4 ore ciascuno<\/strong> e pu\u00f2 essere pianificato presso la sede del cliente o nelle sale formazione di Whitening (mentre non \u00e8 pi\u00f9 possibile acquistare la versione online con dei webinar in diretta <a href=\"http:\/\/www.zoom.us\">Zoom<\/a>).<\/p>\n<p>La calendarizzazione avviene secondo le esigenze del cliente e pu\u00f2 esser stabilita liberamente.<\/p>\n<p>Gli argomenti trattati sono i seguenti:<\/p>\n<ol>\n<li>Budget e piano economico finanziario: perch\u00e9?<\/li>\n<li>Comunicazione aziendale<\/li>\n<li>Il marketing e i social: opportunit\u00e0 o maledizione?<\/li>\n<li>Diventare Proattivi per\u00a0 cogliere le opportunit\u00e0<\/li>\n<li>Creare la rete commerciale: dal team working al network marketing<\/li>\n<li>Leadership e gestione delle persone<\/li>\n<li>Problem solving &amp; Execution<\/li>\n<li>Programmare la cima<\/li>\n<\/ol>\n<p>Inoltre il corso pu\u00f2 essere inserito all\u2019interno di un programma, che chiamiamo\u00a0percorso\u00a0<a href=\"https:\/\/www.whitening.life\/en\/crescitarmonica\/\">#CrescitArmonica,<\/a> garantito dal contratto \u201cRisultati o Rimborsati&#8221;.<\/p>\n<p>Fissa una <a href=\"https:\/\/www.whitening.life\/en\/product\/free-webinar\/\">call gratuita<\/a> per avere pi\u00f9 informazioni, oppure\u00a0<a href=\"mailto:chiedi@whitening.life\">chiedi@whitening.life<\/a>: #ScegliWhitening per la tua #CrescitArmonica e della tua #Impresa.<\/p>","protected":false},"featured_media":894,"template":"","meta":{"_acf_changed":false},"product_brand":[],"product_cat":[39,105],"product_tag":[],"class_list":{"0":"post-893","1":"product","2":"type-product","3":"status-publish","4":"has-post-thumbnail","6":"product_cat-scegli-il-prodotto-piu-adatto-a-te","7":"product_cat-risorse-pagamento","9":"first","10":"instock","11":"taxable","12":"shipping-taxable","13":"purchasable","14":"product-type-simple"},"acf":[],"jetpack_sharing_enabled":true,"_links":{"self":[{"href":"https:\/\/www.whitening.life\/en\/wp-json\/wp\/v2\/product\/893","targetHints":{"allow":["GET"]}}],"collection":[{"href":"https:\/\/www.whitening.life\/en\/wp-json\/wp\/v2\/product"}],"about":[{"href":"https:\/\/www.whitening.life\/en\/wp-json\/wp\/v2\/types\/product"}],"wp:featuredmedia":[{"embeddable":true,"href":"https:\/\/www.whitening.life\/en\/wp-json\/wp\/v2\/media\/894"}],"wp:attachment":[{"href":"https:\/\/www.whitening.life\/en\/wp-json\/wp\/v2\/media?parent=893"}],"wp:term":[{"taxonomy":"product_brand","embeddable":true,"href":"https:\/\/www.whitening.life\/en\/wp-json\/wp\/v2\/product_brand?post=893"},{"taxonomy":"product_cat","embeddable":true,"href":"https:\/\/www.whitening.life\/en\/wp-json\/wp\/v2\/product_cat?post=893"},{"taxonomy":"product_tag","embeddable":true,"href":"https:\/\/www.whitening.life\/en\/wp-json\/wp\/v2\/product_tag?post=893"}],"curies":[{"name":"wp","href":"https:\/\/api.w.org\/{rel}","templated":true}]}}