{"id":896,"date":"2023-04-25T15:22:05","date_gmt":"2023-04-25T13:22:05","guid":{"rendered":"http:\/\/192.168.1.12\/whitening\/?post_type=product&#038;p=896"},"modified":"2025-01-16T09:54:33","modified_gmt":"2025-01-16T08:54:33","slug":"white-academy-percorso-base","status":"publish","type":"product","link":"https:\/\/www.whitening.life\/en\/product\/white-academy-percorso-base\/","title":{"rendered":"White Academy &#8211; Percorso Base"},"content":{"rendered":"<h4>Si inizia sempre dalla base. Dal Percorso Base<\/h4>\n<p>La\u00a0<a href=\"https:\/\/www.whitening.life\/en\/white-academy-23\/\"><strong>White Academy<\/strong><\/a> \u00e8 una vera e propria scuola per imprenditori e manager che desiderino apprendere come creare dal nulla una attivit\u00e0 imprenditoriale da chi gi\u00e0 l&#8217;ha fatto, evitando gli errori da principianti.<\/p>\n<p>La White Academy \u00e8 strutturata in pi\u00f9 percorsi che Whitening ha pensato per scambiarsi e condividere <strong>esperienze di successo delle imprese e degli imprenditori,<\/strong> per esplorare le abitudini efficaci e le azioni strategiche e operative che permettono di raggiungere il tuo successo.<\/p>\n<p>I formatori della White Academy di Whitening sono scelti tra chi nella propria vita professionale ha dimostrato di saper ottenere grandi risultati, con provata esperienza e capacit\u00e0. Forse non saranno oratori perfetti, ma sono imprenditori capaci e professionisti che hanno avuto successo nel loro campo e che ora lo mettono a disposizione di chi vuole imparare da loro.<\/p>\n<p>Diamo valore all&#8217;esperienza sul campo: non basta aver letto un libro o frequentato un corso. Bisogna aver messo in pratica in prima persona quello che racconti. Solo cos\u00ec sarai in grado di far fare agli altri.<\/p>\n<p>Il Percorso Base \u00e8 dedicato a chi desidera apprendere o reimparare le basi della costruzione di una impresa, a cominciare dal lavoro sulle soft skills per arrivare alla costruzione della struttura aziendale.<\/p>\n<p>\u00c8 composto da <strong>10 moduli di 4 ore ciascuno<\/strong> e pu\u00f2 essere pianificato presso la sede del cliente o nelle sale formazione di Whitening (mentre non \u00e8 pi\u00f9 possibile acquistare la versione online con dei webinar in diretta <a href=\"http:\/\/www.zoom.us\" target=\"_blank\" rel=\"noopener\">Zoom<\/a>).<\/p>\n<p>La calendarizzazione avviene secondo le esigenze del cliente e pu\u00f2 esser stabilita liberamente.<\/p>\n<p>Si articola sui seguenti argomenti argomenti:<\/p>\n<ol type=\"1\">\n<li value=\"1\">Le premesse e l&#8217;ingrediente fondamentali<\/li>\n<li>Come comunicare meglio?<\/li>\n<li>Aumentare autostima per migliorare l&#8217;auto-motivazione<\/li>\n<li>Strutturare l&#8217;attivit\u00e0: forma e modalit\u00e0<\/li>\n<li>Finanziare la crescita<\/li>\n<li>Vendere \u00e8 indispensabile: come?<\/li>\n<li>Gestiamo il tempo<\/li>\n<li>Pensiamo in prospettiva: pianificazione e strategie<\/li>\n<\/ol>\n<p>Inoltre il corso pu\u00f2 essere inserito all\u2019interno di un programma, che chiamiamo\u00a0percorso\u00a0<a href=\"https:\/\/www.whitening.life\/en\/crescitarmonica\/\" target=\"_blank\" rel=\"noopener\">#CrescitArmonica,<\/a> garantito dal contratto \u201cRisultati o Rimborsati\u201d.<\/p>\n<p>Fissa una <a href=\"https:\/\/www.whitening.life\/en\/product\/free-webinar\/\" target=\"_blank\" rel=\"noopener\">call gratuita<\/a> per avere pi\u00f9 informazioni, oppure\u00a0<a href=\"mailto:chiedi@whitening.life\">chiedi@whitening.life<\/a>: #ScegliWhitening per la tua #CrescitArmonica e della tua #Impresa.<\/p>","protected":false},"excerpt":{"rendered":"<h4>Percorso Base della <a href=\"https:\/\/www.whitening.life\/en\/white-academy-23\/\"><strong>White Academy<\/strong><\/a><\/h4>\n<p>La\u00a0<a href=\"https:\/\/www.whitening.life\/en\/white-academy-23\/\"><strong>White Academy<\/strong><\/a> \u00e8 una vera e propria scuola per imprenditori e manager che desiderino apprendere come creare dal nulla un&#8217;attivit\u00e0 imprenditoriale da chi gi\u00e0 l&#8217;ha fatto, evitando gli errori commessi dai principianti.<\/p>\n<p>Il Percorso Base \u00e8 dedicato a chi desidera apprendere o reimparare le basi della costruzione di una impresa, a cominciare dal lavoro sulle soft skills per arrivare alla costruzione della struttura aziendale.<\/p>\n<p>\u00c8 composto da <strong>10 moduli di 4 ore ciascuno<\/strong> e pu\u00f2 essere pianificato presso la sede del cliente o nelle sale formazione di Whitening (mentre non \u00e8 pi\u00f9 possibile acquistare la versione online con dei webinar in diretta <a href=\"http:\/\/www.zoom.us\">Zoom<\/a>).<\/p>\n<p>La calendarizzazione \u00e8 programmata sulle esigenze del cliente e pu\u00f2 esser stabilita liberamente.<\/p>\n<p>I formatori della White Academy di Whitening sono scelti tra chi nella propria vita professionale ha dimostrato di saper ottenere grandi risultati, con provata esperienza e capacit\u00e0.<\/p>\n<p>Non saranno forse oratori perfetti, ma sono imprenditori capaci e professionisti che hanno avuto successo nel loro campo e che ora lo mettono a disposizione di chi vuole imparare da loro.<\/p>\n<p>Il percorso si articola sui seguenti argomenti:<\/p>\n<ol>\n<li>Le Premesse e l&#8217;ingrediente Fondamentali<\/li>\n<li>Come comunicare meglio?<\/li>\n<li>Aumentare Autostima per migliorare l&#8217;auto-motivazione<\/li>\n<li>Strutturare l&#8217;attivit\u00e0: forma e modalit\u00e0<\/li>\n<li>Finanziare la crescita<\/li>\n<li>Vendere \u00e8 indispensabile: come?<\/li>\n<li>Gestiamo il tempo<\/li>\n<li>Pensiamo in prospettiva: Pianificazione e Strategie<\/li>\n<\/ol>\n<p>Inoltre il corso pu\u00f2 essere inserito all\u2019interno di un programma, che chiamiamo\u00a0percorso\u00a0<a href=\"https:\/\/www.whitening.life\/en\/crescitarmonica\/\">#CrescitArmonica,<\/a> garantito dal contratto \u201cRisultato O Rimborsato\u201d .<\/p>\n<p>Fissa una <a href=\"https:\/\/www.whitening.life\/en\/product\/free-webinar\/\">call gratuita<\/a> per avere pi\u00f9 informazioni, oppure\u00a0<a href=\"mailto:chiedi@whitening.life\">chiedi@whitening.life<\/a>: #ScegliWhitening per la #CrescitArmonica della tua #Impresa. E in prima persona, di te.<\/p>","protected":false},"featured_media":897,"template":"","meta":{"_acf_changed":false},"product_brand":[],"product_cat":[39,105],"product_tag":[60,42],"class_list":{"0":"post-896","1":"product","2":"type-product","3":"status-publish","4":"has-post-thumbnail","6":"product_cat-scegli-il-prodotto-piu-adatto-a-te","7":"product_cat-risorse-pagamento","8":"product_tag-percorso-base","9":"product_tag-white-academy","11":"first","12":"instock","13":"taxable","14":"shipping-taxable","15":"purchasable","16":"product-type-simple"},"acf":[],"jetpack_sharing_enabled":true,"_links":{"self":[{"href":"https:\/\/www.whitening.life\/en\/wp-json\/wp\/v2\/product\/896","targetHints":{"allow":["GET"]}}],"collection":[{"href":"https:\/\/www.whitening.life\/en\/wp-json\/wp\/v2\/product"}],"about":[{"href":"https:\/\/www.whitening.life\/en\/wp-json\/wp\/v2\/types\/product"}],"wp:featuredmedia":[{"embeddable":true,"href":"https:\/\/www.whitening.life\/en\/wp-json\/wp\/v2\/media\/897"}],"wp:attachment":[{"href":"https:\/\/www.whitening.life\/en\/wp-json\/wp\/v2\/media?parent=896"}],"wp:term":[{"taxonomy":"product_brand","embeddable":true,"href":"https:\/\/www.whitening.life\/en\/wp-json\/wp\/v2\/product_brand?post=896"},{"taxonomy":"product_cat","embeddable":true,"href":"https:\/\/www.whitening.life\/en\/wp-json\/wp\/v2\/product_cat?post=896"},{"taxonomy":"product_tag","embeddable":true,"href":"https:\/\/www.whitening.life\/en\/wp-json\/wp\/v2\/product_tag?post=896"}],"curies":[{"name":"wp","href":"https:\/\/api.w.org\/{rel}","templated":true}]}}